{"id":215696,"date":"2025-03-20T17:46:00","date_gmt":"2025-03-20T17:46:00","guid":{"rendered":"https:\/\/aromasentia.com\/product\/large-orange-bouquet-in-wicker-basket\/"},"modified":"2025-12-31T15:34:05","modified_gmt":"2025-12-31T15:34:05","slug":"stor-bukett-med-tvalblommor-i-flatad-korg-orange","status":"publish","type":"product","link":"https:\/\/aromasentia.com\/sv\/stor-bukett-med-tvalblommor-i-flatad-korg-orange\/","title":{"rendered":"Stor Bukett med Tv\u00e5lblommor i Fl\u00e4tad Korg &#8211; Orange"},"content":{"rendered":"<p style=\"text-align: justify;\">Vackert arrangerade <strong>tv\u00e5lblommor i grossistledet&nbsp;<\/strong>\u00e4r en perfekt present till f\u00f6delsedagar, br\u00f6llop, jul eller bara som ett litet n\u00f6je till dig sj\u00e4lv.&nbsp;<\/p>\n<p style=\"text-align: justify;\">Du kommer att \u00e4lska denna bukett i fl\u00e4tad korg med dess konstn\u00e4rligt arrangerade och vackert presenterade blommor. Det ser n\u00e4stan ut som riktiga blommor!&nbsp;<\/p>\n<p style=\"text-align: justify;\">Buketten best\u00e5r av tio rosor, tv\u00e5 hyacinter och en solros.<\/p>\n","protected":false},"excerpt":{"rendered":"<p>Vackert arrangerade tv\u00e5lblommor i grossistledet&nbsp;\u00e4r en perfekt present till f\u00f6delsedagar, br\u00f6llop, jul eller bara som ett litet n\u00f6je till dig sj\u00e4lv.&nbsp; Du kommer att \u00e4lska denna bukett i fl\u00e4tad korg med dess konstn\u00e4rligt arrangerade och vackert presenterade blommor. Det ser n\u00e4stan ut som riktiga blommor!&nbsp; Buketten best\u00e5r av tio rosor, tv\u00e5 hyacinter och en solros.<\/p>\n","protected":false},"featured_media":297411,"comment_status":"closed","ping_status":"open","template":"","meta":{"_angie_page":false},"product_brand":[],"product_cat":[26047,12600,26822,25845],"product_tag":[],"class_list":{"0":"post-215696","1":"product","2":"type-product","3":"status-publish","4":"has-post-thumbnail","6":"product_cat-apelsin","7":"product_cat-bad-och-dusch","8":"product_cat-citrus","9":"product_cat-dofter-aromer","10":"pa_collection-soap-flower-bouquets-sv","11":"pa_made-in-kina","13":"first","14":"instock","15":"purchasable","16":"product-type-simple"},"supplier_id":null,"supplier_sku":"SFB-21","barcode":null,"atum_controlled":true,"out_stock_date":null,"out_stock_threshold":null,"inheritable":false,"inbound_stock":null,"stock_on_hold":0,"sold_today":0,"sales_last_days":0,"reserved_stock":null,"customer_returns":null,"warehouse_damage":null,"lost_in_post":null,"other_logs":null,"out_stock_days":0,"lost_sales":0,"has_location":null,"update_date":"2026-04-27T07:21:14","atum_locations":[],"atum_stock_status":"instock","restock_status":false,"low_stock_amount":"","sales_update_date":"2026-01-30T01:24:53","calc_backorders":null,"_links":{"self":[{"href":"https:\/\/aromasentia.com\/sv\/wp-json\/wp\/v2\/product\/215696","targetHints":{"allow":["GET"]}}],"collection":[{"href":"https:\/\/aromasentia.com\/sv\/wp-json\/wp\/v2\/product"}],"about":[{"href":"https:\/\/aromasentia.com\/sv\/wp-json\/wp\/v2\/types\/product"}],"replies":[{"embeddable":true,"href":"https:\/\/aromasentia.com\/sv\/wp-json\/wp\/v2\/comments?post=215696"}],"version-history":[{"count":0,"href":"https:\/\/aromasentia.com\/sv\/wp-json\/wp\/v2\/product\/215696\/revisions"}],"wp:featuredmedia":[{"embeddable":true,"href":"https:\/\/aromasentia.com\/sv\/wp-json\/wp\/v2\/media\/297411"}],"wp:attachment":[{"href":"https:\/\/aromasentia.com\/sv\/wp-json\/wp\/v2\/media?parent=215696"}],"wp:term":[{"taxonomy":"product_brand","embeddable":true,"href":"https:\/\/aromasentia.com\/sv\/wp-json\/wp\/v2\/product_brand?post=215696"},{"taxonomy":"product_cat","embeddable":true,"href":"https:\/\/aromasentia.com\/sv\/wp-json\/wp\/v2\/product_cat?post=215696"},{"taxonomy":"product_tag","embeddable":true,"href":"https:\/\/aromasentia.com\/sv\/wp-json\/wp\/v2\/product_tag?post=215696"}],"curies":[{"name":"wp","href":"https:\/\/api.w.org\/{rel}","templated":true}]}}