{"id":215670,"date":"2025-03-20T17:51:16","date_gmt":"2025-03-20T17:51:16","guid":{"rendered":"https:\/\/aromasentia.com\/product\/shea-body-butter-180g-sexy\/"},"modified":"2025-12-31T15:33:49","modified_gmt":"2025-12-31T15:33:49","slug":"shea-kroppssmor-180g-sexy","status":"publish","type":"product","link":"https:\/\/aromasentia.com\/sv\/shea-kroppssmor-180g-sexy\/","title":{"rendered":"Shea Kroppssm\u00f6r 180g &#8211; Sexy"},"content":{"rendered":"<p style=\"text-align: justify;\">L\u00e4tt doftande <strong>Shea Kroppssm\u00f6r<\/strong> \u00e4r perfekt f\u00f6r daglig anv\u00e4ndning efter ett bad eller dusch samt f\u00f6r kroppsmassage.&nbsp;<\/p>\n<p style=\"text-align: justify;\">Detta sortiment av shea-kroppssm\u00f6r \u00e4r rikt fuktgivande och \u00e4r den perfekta behandlingen f\u00f6r torr och sprucken hud. Med de naturliga n\u00e4rande egenskaperna av sheasm\u00f6r, g\u00f6r detta \u00f6verseende rika kroppssm\u00f6r att huden k\u00e4nns perfekt konditionerad, mjuk och sl\u00e4t.&nbsp;<\/p>\n<p style=\"text-align: justify;\"><strong>Anv\u00e4ndarinstruktioner:<\/strong> Innan applicering, reng\u00f6r huden i en varm dusch eller bad f\u00f6r att \u00f6ppna upp porerna. Massera f\u00f6rsiktigt in en liten klick av v\u00e5rt sm\u00f6r i huden. L\u00e5t sm\u00f6ret absorberas i n\u00e5gra minuter innan du kl\u00e4r p\u00e5 dig.<\/p>\n","protected":false},"excerpt":{"rendered":"<p>L\u00e4tt doftande Shea Kroppssm\u00f6r \u00e4r perfekt f\u00f6r daglig anv\u00e4ndning efter ett bad eller dusch samt f\u00f6r kroppsmassage.&nbsp; Detta sortiment av shea-kroppssm\u00f6r \u00e4r rikt fuktgivande och \u00e4r den perfekta behandlingen f\u00f6r torr och sprucken hud. Med de naturliga n\u00e4rande egenskaperna av sheasm\u00f6r, g\u00f6r detta \u00f6verseende rika kroppssm\u00f6r att huden k\u00e4nns perfekt konditionerad, mjuk och sl\u00e4t.&nbsp; Anv\u00e4ndarinstruktioner: [&hellip;]<\/p>\n","protected":false},"featured_media":298725,"comment_status":"closed","ping_status":"open","template":"","meta":{"_angie_page":false},"product_brand":[],"product_cat":[12600],"product_tag":[],"class_list":{"0":"post-215670","1":"product","2":"type-product","3":"status-publish","4":"has-post-thumbnail","6":"product_cat-bad-och-dusch","7":"pa_made-in-lettland","8":"pa_size-180g","10":"first","11":"outofstock","12":"purchasable","13":"product-type-simple"},"supplier_id":null,"supplier_sku":"SHB-04","barcode":null,"atum_controlled":true,"out_stock_date":"2025-09-05 16:06:09","out_stock_threshold":null,"inheritable":false,"inbound_stock":null,"stock_on_hold":0,"sold_today":0,"sales_last_days":0,"reserved_stock":null,"customer_returns":null,"warehouse_damage":null,"lost_in_post":null,"other_logs":null,"out_stock_days":0,"lost_sales":0,"has_location":null,"update_date":"2026-04-27T07:21:33","atum_locations":[],"atum_stock_status":"outofstock","restock_status":false,"low_stock_amount":"","sales_update_date":"2025-09-05T00:20:49","calc_backorders":null,"_links":{"self":[{"href":"https:\/\/aromasentia.com\/sv\/wp-json\/wp\/v2\/product\/215670","targetHints":{"allow":["GET"]}}],"collection":[{"href":"https:\/\/aromasentia.com\/sv\/wp-json\/wp\/v2\/product"}],"about":[{"href":"https:\/\/aromasentia.com\/sv\/wp-json\/wp\/v2\/types\/product"}],"replies":[{"embeddable":true,"href":"https:\/\/aromasentia.com\/sv\/wp-json\/wp\/v2\/comments?post=215670"}],"version-history":[{"count":0,"href":"https:\/\/aromasentia.com\/sv\/wp-json\/wp\/v2\/product\/215670\/revisions"}],"wp:featuredmedia":[{"embeddable":true,"href":"https:\/\/aromasentia.com\/sv\/wp-json\/wp\/v2\/media\/298725"}],"wp:attachment":[{"href":"https:\/\/aromasentia.com\/sv\/wp-json\/wp\/v2\/media?parent=215670"}],"wp:term":[{"taxonomy":"product_brand","embeddable":true,"href":"https:\/\/aromasentia.com\/sv\/wp-json\/wp\/v2\/product_brand?post=215670"},{"taxonomy":"product_cat","embeddable":true,"href":"https:\/\/aromasentia.com\/sv\/wp-json\/wp\/v2\/product_cat?post=215670"},{"taxonomy":"product_tag","embeddable":true,"href":"https:\/\/aromasentia.com\/sv\/wp-json\/wp\/v2\/product_tag?post=215670"}],"curies":[{"name":"wp","href":"https:\/\/api.w.org\/{rel}","templated":true}]}}