{"id":215655,"date":"2025-03-20T17:52:41","date_gmt":"2025-03-20T17:52:41","guid":{"rendered":"https:\/\/aromasentia.com\/product\/hippo-bathbomb-85g-citrus-crush\/"},"modified":"2025-12-31T15:33:35","modified_gmt":"2025-12-31T15:33:35","slug":"badbomb-85g-flodhast-citrus","status":"publish","type":"product","link":"https:\/\/aromasentia.com\/sv\/badbomb-85g-flodhast-citrus\/","title":{"rendered":"Badbomb 85g Flodh\u00e4st &#8211; Citrus"},"content":{"rendered":"<p style=\"text-align: justify;\">Vi presenterar v\u00e5r extraordin\u00e4ra samling av <strong>Badbomber f\u00f6r Barn i grossistledet<\/strong> designade f\u00f6r att g\u00f6ra badtiden till en riktigt f\u00f6rtrollande och uppslukande upplevelse f\u00f6r barnen. Varje badbomb \u00e4r noggrant utformad i en f\u00e4ngslande form.&nbsp;<\/p>\n<p style=\"text-align: justify;\">L\u00e5t v\u00e5ra flodh\u00e4stformade badbomber transportera dig till ett citrusparadis. Denna upps\u00e4ttning med 8 badbomber, som v\u00e4ger 85 gram vardera, \u00e4r infunderad med en uppfriskande citrus-doft. N\u00e4r badbomben l\u00f6ses upp fyller den badkaret med en uppiggande arom, vilket g\u00f6r att du k\u00e4nner dig \u00e5terupplivad och energisk efter varje bad.<\/p>\n<p style=\"text-align: justify;\">Varje badbomb i v\u00e5r samling \u00e4r noggrant utformad f\u00f6r att skapa ett sensoriskt underland f\u00f6r barn. De gl\u00e4der inte bara sinnena med sina f\u00e4ngslande former utan erbjuder ocks\u00e5 en \u00f6verseende och skummande badupplevelse.<\/p>\n<p style=\"text-align: justify;\"><em>&nbsp;Individuellt krymplindade<\/em><\/p>\n<p style=\"text-align: justify;\"><strong>OBS: F\u00e4rger kan variera.<\/strong><\/p>\n","protected":false},"excerpt":{"rendered":"<p>Vi presenterar v\u00e5r extraordin\u00e4ra samling av Badbomber f\u00f6r Barn i grossistledet designade f\u00f6r att g\u00f6ra badtiden till en riktigt f\u00f6rtrollande och uppslukande upplevelse f\u00f6r barnen. Varje badbomb \u00e4r noggrant utformad i en f\u00e4ngslande form.&nbsp; L\u00e5t v\u00e5ra flodh\u00e4stformade badbomber transportera dig till ett citrusparadis. Denna upps\u00e4ttning med 8 badbomber, som v\u00e4ger 85 gram vardera, \u00e4r infunderad [&hellip;]<\/p>\n","protected":false},"featured_media":299156,"comment_status":"closed","ping_status":"open","template":"","meta":{"_angie_page":false},"product_brand":[],"product_cat":[12600],"product_tag":[],"class_list":{"0":"post-215655","1":"product","2":"type-product","3":"status-publish","4":"has-post-thumbnail","6":"product_cat-bad-och-dusch","7":"pa_collection-shaped-bath-bombs-for-kids-sv","8":"pa_made-in-storbritannien","10":"first","11":"instock","12":"purchasable","13":"product-type-simple"},"supplier_id":null,"supplier_sku":"SKB-03","barcode":null,"atum_controlled":true,"out_stock_date":null,"out_stock_threshold":null,"inheritable":false,"inbound_stock":null,"stock_on_hold":0,"sold_today":0,"sales_last_days":0,"reserved_stock":null,"customer_returns":null,"warehouse_damage":null,"lost_in_post":null,"other_logs":null,"out_stock_days":0,"lost_sales":0,"has_location":null,"update_date":"2026-04-27T07:21:33","atum_locations":[],"atum_stock_status":"instock","restock_status":false,"low_stock_amount":"","sales_update_date":"2026-01-20T05:14:20","calc_backorders":null,"_links":{"self":[{"href":"https:\/\/aromasentia.com\/sv\/wp-json\/wp\/v2\/product\/215655","targetHints":{"allow":["GET"]}}],"collection":[{"href":"https:\/\/aromasentia.com\/sv\/wp-json\/wp\/v2\/product"}],"about":[{"href":"https:\/\/aromasentia.com\/sv\/wp-json\/wp\/v2\/types\/product"}],"replies":[{"embeddable":true,"href":"https:\/\/aromasentia.com\/sv\/wp-json\/wp\/v2\/comments?post=215655"}],"version-history":[{"count":0,"href":"https:\/\/aromasentia.com\/sv\/wp-json\/wp\/v2\/product\/215655\/revisions"}],"wp:featuredmedia":[{"embeddable":true,"href":"https:\/\/aromasentia.com\/sv\/wp-json\/wp\/v2\/media\/299156"}],"wp:attachment":[{"href":"https:\/\/aromasentia.com\/sv\/wp-json\/wp\/v2\/media?parent=215655"}],"wp:term":[{"taxonomy":"product_brand","embeddable":true,"href":"https:\/\/aromasentia.com\/sv\/wp-json\/wp\/v2\/product_brand?post=215655"},{"taxonomy":"product_cat","embeddable":true,"href":"https:\/\/aromasentia.com\/sv\/wp-json\/wp\/v2\/product_cat?post=215655"},{"taxonomy":"product_tag","embeddable":true,"href":"https:\/\/aromasentia.com\/sv\/wp-json\/wp\/v2\/product_tag?post=215655"}],"curies":[{"name":"wp","href":"https:\/\/api.w.org\/{rel}","templated":true}]}}