{"id":215651,"date":"2025-03-20T17:52:41","date_gmt":"2025-03-20T17:52:41","guid":{"rendered":"https:\/\/aromasentia.com\/product\/monkey-bathbomb-90g-guava-strawberry\/"},"modified":"2025-12-31T15:33:35","modified_gmt":"2025-12-31T15:33:35","slug":"badbomb-90g-apa-guava-jordgubbe","status":"publish","type":"product","link":"https:\/\/aromasentia.com\/sv\/badbomb-90g-apa-guava-jordgubbe\/","title":{"rendered":"Badbomb 90g Apa &#8211; Guava &#038; Jordgubbe"},"content":{"rendered":"<p style=\"text-align: justify;\">Vi presenterar v\u00e5r extraordin\u00e4ra samling av <strong>Badbomber f\u00f6r Barn i grossistledet<\/strong> designade f\u00f6r att g\u00f6ra badtiden till en riktigt f\u00f6rtrollande och uppslukande upplevelse f\u00f6r barnen. Varje badbomb \u00e4r noggrant utformad i en f\u00e4ngslande form.&nbsp;<\/p>\n<p style=\"text-align: justify;\">F\u00f6rdjupa dig i ett tropiskt paradis med v\u00e5ra apformade badbomber. Denna upps\u00e4ttning med 8 badbomber, som v\u00e4ger 90 gram vardera, kombinerar de oemotst\u00e5ndliga dofterna av guava och jordgubbe. N\u00e4r den apformade badbomben l\u00f6ses upp fyller en skur av tropisk doft luften och transporterar dig till frodiga regnskogar och soliga str\u00e4nder.<\/p>\n<p style=\"text-align: justify;\">Varje badbomb i v\u00e5r samling \u00e4r noggrant utformad f\u00f6r att skapa ett sensoriskt underland f\u00f6r barn. De gl\u00e4der inte bara sinnena med sina f\u00e4ngslande former utan erbjuder ocks\u00e5 en \u00f6verseende och skummande badupplevelse.<\/p>\n<p style=\"text-align: justify;\"><em>&nbsp;Individuellt krymplindade<\/em><\/p>\n","protected":false},"excerpt":{"rendered":"<p>Vi presenterar v\u00e5r extraordin\u00e4ra samling av Badbomber f\u00f6r Barn i grossistledet designade f\u00f6r att g\u00f6ra badtiden till en riktigt f\u00f6rtrollande och uppslukande upplevelse f\u00f6r barnen. Varje badbomb \u00e4r noggrant utformad i en f\u00e4ngslande form.&nbsp; F\u00f6rdjupa dig i ett tropiskt paradis med v\u00e5ra apformade badbomber. Denna upps\u00e4ttning med 8 badbomber, som v\u00e4ger 90 gram vardera, kombinerar [&hellip;]<\/p>\n","protected":false},"featured_media":299056,"comment_status":"closed","ping_status":"open","template":"","meta":{"_angie_page":false},"product_brand":[],"product_cat":[12600,25845,26850,26573,26549],"product_tag":[],"class_list":{"0":"post-215651","1":"product","2":"type-product","3":"status-publish","4":"has-post-thumbnail","6":"product_cat-bad-och-dusch","7":"product_cat-dofter-aromer","8":"product_cat-fruktig","9":"product_cat-guava","10":"product_cat-jordgubbar","11":"pa_collection-shaped-bath-bombs-for-kids-sv","12":"pa_made-in-storbritannien","13":"pa_size-90g","15":"first","16":"instock","17":"purchasable","18":"product-type-simple"},"supplier_id":null,"supplier_sku":"SKB-07","barcode":null,"atum_controlled":true,"out_stock_date":null,"out_stock_threshold":null,"inheritable":false,"inbound_stock":null,"stock_on_hold":0,"sold_today":0,"sales_last_days":0,"reserved_stock":null,"customer_returns":null,"warehouse_damage":null,"lost_in_post":null,"other_logs":null,"out_stock_days":0,"lost_sales":0,"has_location":null,"update_date":"2026-04-27T07:21:33","atum_locations":[],"atum_stock_status":"instock","restock_status":false,"low_stock_amount":"","sales_update_date":"2025-09-05T00:20:56","calc_backorders":null,"_links":{"self":[{"href":"https:\/\/aromasentia.com\/sv\/wp-json\/wp\/v2\/product\/215651","targetHints":{"allow":["GET"]}}],"collection":[{"href":"https:\/\/aromasentia.com\/sv\/wp-json\/wp\/v2\/product"}],"about":[{"href":"https:\/\/aromasentia.com\/sv\/wp-json\/wp\/v2\/types\/product"}],"replies":[{"embeddable":true,"href":"https:\/\/aromasentia.com\/sv\/wp-json\/wp\/v2\/comments?post=215651"}],"version-history":[{"count":0,"href":"https:\/\/aromasentia.com\/sv\/wp-json\/wp\/v2\/product\/215651\/revisions"}],"wp:featuredmedia":[{"embeddable":true,"href":"https:\/\/aromasentia.com\/sv\/wp-json\/wp\/v2\/media\/299056"}],"wp:attachment":[{"href":"https:\/\/aromasentia.com\/sv\/wp-json\/wp\/v2\/media?parent=215651"}],"wp:term":[{"taxonomy":"product_brand","embeddable":true,"href":"https:\/\/aromasentia.com\/sv\/wp-json\/wp\/v2\/product_brand?post=215651"},{"taxonomy":"product_cat","embeddable":true,"href":"https:\/\/aromasentia.com\/sv\/wp-json\/wp\/v2\/product_cat?post=215651"},{"taxonomy":"product_tag","embeddable":true,"href":"https:\/\/aromasentia.com\/sv\/wp-json\/wp\/v2\/product_tag?post=215651"}],"curies":[{"name":"wp","href":"https:\/\/api.w.org\/{rel}","templated":true}]}}