{"id":215627,"date":"2025-03-20T17:54:28","date_gmt":"2025-03-20T17:54:28","guid":{"rendered":"https:\/\/aromasentia.com\/product\/petrified-wood-brown-soap-dish\/"},"modified":"2025-12-31T15:33:12","modified_gmt":"2025-12-31T15:33:12","slug":"brun-tvalfat-av-forstenat-tra","status":"publish","type":"product","link":"https:\/\/aromasentia.com\/sv\/brun-tvalfat-av-forstenat-tra\/","title":{"rendered":"Brun Tv\u00e5lfat av F\u00f6rstenat Tr\u00e4"},"content":{"rendered":"<p style=\"text-align: justify;\">Denna s\u00e4llsynta och vackra <strong>Bruna <\/strong><strong>Tv\u00e5lfat av F\u00f6rstenat Tr\u00e4 i grossistledet<\/strong> \u00e4r ett unikt tillskott till dina kunders badrum. Den kommer att tj\u00e4na dina kunder i flera \u00e5r. Tv\u00e5lfat av sten ser speciella och stilrena ut och \u00e4r naturligt funktionella.&nbsp;<\/p>\n<p style=\"text-align: justify;\">L\u00e4mplig f\u00f6r m\u00e4nniskor som letar efter exceptionella produkter med en &quot;sj\u00e4l&quot;. Handgjord i Indonesien med st\u00f6rsta omsorg och \u00e4r unik i sin sort.&nbsp;<\/p>\n<p style=\"text-align: justify;\">Kolla ocks\u00e5 in <a href=\"https:\/\/aromasentia.com\/ssd-15\" rel=\"noopener noreferrer\" target=\"_blank\"><strong>Tv\u00e5lfatet av F\u00f6rstenat Tr\u00e5&nbsp;<\/strong><\/a>&#8211; gjort av mer \u00e4n 20 miljoner \u00e5r gammalt tr\u00e4. Eller k\u00e4nn den sublima kraften hos det <a href=\"https:\/\/aromasentia.com\/ssd-13\" rel=\"noopener noreferrer\" target=\"_blank\"><strong>Naturliga Tv\u00e5lfatet av Flodsten<\/strong><\/a>. Se \u00e4ven den delikata sk\u00f6nheten hos tv\u00e5lfaten av onyx.<\/p>\n<p style=\"text-align: justify;\"><strong>OBS: F\u00e4rger och former kan variera eftersom varje artikel \u00e4r tillverkad av natursten.<\/strong>&nbsp;<\/p>\n<p style=\"text-align: justify;\"><strong><span style=\"color: rgb(84, 172, 210);\">Best\u00e4ll nu och ge dina kunder unika tv\u00e5lfat!<\/span><\/strong><\/p>\n","protected":false},"excerpt":{"rendered":"<p>Denna s\u00e4llsynta och vackra Bruna Tv\u00e5lfat av F\u00f6rstenat Tr\u00e4 i grossistledet \u00e4r ett unikt tillskott till dina kunders badrum. Den kommer att tj\u00e4na dina kunder i flera \u00e5r. Tv\u00e5lfat av sten ser speciella och stilrena ut och \u00e4r naturligt funktionella.&nbsp; L\u00e4mplig f\u00f6r m\u00e4nniskor som letar efter exceptionella produkter med en &quot;sj\u00e4l&quot;. Handgjord i Indonesien med [&hellip;]<\/p>\n","protected":false},"featured_media":299658,"comment_status":"closed","ping_status":"open","template":"","meta":{"_angie_page":false},"product_brand":[],"product_cat":[12600,25713,25220,12871],"product_tag":[],"class_list":{"0":"post-215627","1":"product","2":"type-product","3":"status-publish","4":"has-post-thumbnail","6":"product_cat-bad-och-dusch","7":"product_cat-forstenat-tra","8":"product_cat-kristaller-adelstenar-mineraler","9":"product_cat-tvalfat-och-tvaldispenser","10":"pa_collection-stone-soap-dishes-sv","11":"pa_made-in-indonesien","13":"first","14":"instock","15":"purchasable","16":"product-type-simple"},"supplier_id":null,"supplier_sku":"SSD-15","barcode":null,"atum_controlled":true,"out_stock_date":null,"out_stock_threshold":null,"inheritable":false,"inbound_stock":null,"stock_on_hold":0,"sold_today":0,"sales_last_days":0,"reserved_stock":null,"customer_returns":null,"warehouse_damage":null,"lost_in_post":null,"other_logs":null,"out_stock_days":0,"lost_sales":0,"has_location":null,"update_date":"2026-05-04T00:04:59","atum_locations":[],"atum_stock_status":"instock","restock_status":false,"low_stock_amount":"","sales_update_date":"2026-02-06T00:01:57","calc_backorders":null,"_links":{"self":[{"href":"https:\/\/aromasentia.com\/sv\/wp-json\/wp\/v2\/product\/215627","targetHints":{"allow":["GET"]}}],"collection":[{"href":"https:\/\/aromasentia.com\/sv\/wp-json\/wp\/v2\/product"}],"about":[{"href":"https:\/\/aromasentia.com\/sv\/wp-json\/wp\/v2\/types\/product"}],"replies":[{"embeddable":true,"href":"https:\/\/aromasentia.com\/sv\/wp-json\/wp\/v2\/comments?post=215627"}],"version-history":[{"count":0,"href":"https:\/\/aromasentia.com\/sv\/wp-json\/wp\/v2\/product\/215627\/revisions"}],"wp:featuredmedia":[{"embeddable":true,"href":"https:\/\/aromasentia.com\/sv\/wp-json\/wp\/v2\/media\/299658"}],"wp:attachment":[{"href":"https:\/\/aromasentia.com\/sv\/wp-json\/wp\/v2\/media?parent=215627"}],"wp:term":[{"taxonomy":"product_brand","embeddable":true,"href":"https:\/\/aromasentia.com\/sv\/wp-json\/wp\/v2\/product_brand?post=215627"},{"taxonomy":"product_cat","embeddable":true,"href":"https:\/\/aromasentia.com\/sv\/wp-json\/wp\/v2\/product_cat?post=215627"},{"taxonomy":"product_tag","embeddable":true,"href":"https:\/\/aromasentia.com\/sv\/wp-json\/wp\/v2\/product_tag?post=215627"}],"curies":[{"name":"wp","href":"https:\/\/api.w.org\/{rel}","templated":true}]}}