{"id":215625,"date":"2025-03-20T17:55:01","date_gmt":"2025-03-20T17:55:01","guid":{"rendered":"https:\/\/aromasentia.com\/product\/wild-hare-salt-flowers-set-passion\/"},"modified":"2025-12-31T15:33:12","modified_gmt":"2025-12-31T15:33:12","slug":"wild-hare-badsalt-tvalblommor-set-passion","status":"publish","type":"product","link":"https:\/\/aromasentia.com\/sv\/wild-hare-badsalt-tvalblommor-set-passion\/","title":{"rendered":"Wild Hare Badsalt &#038; Tv\u00e5lblommor Set &#8211; Passion"},"content":{"rendered":"<p style=\"text-align: justify;\">Utforska v\u00e5rt fantastiska f\u00e4rdiga Spa-g\u00e5voset &#8211; Passion med badsalt och tv\u00e5lblommor. L\u00e5t dina kunder skapa en liten spa-oas varje kv\u00e4ll med detta set.&nbsp;<\/p>\n<p style=\"text-align: justify;\">Ett vanligt bad kommer att omvandlas till en extraordin\u00e4r ritual f\u00f6r kropp och sj\u00e4l. I de eleganta f\u00f6rpackningarna hittar du f\u00e4rgmatchade badsalt samt rosor och solrosor av tv\u00e5l.&nbsp;<\/p>\n<p style=\"text-align: justify;\">En kombination av naturligt salt och eteriska oljor ger en exceptionell aromaterapiupplevelse. Unika aromblandningar har en stimulerande, avslappnande, avgiftande eller v\u00e4rmande effekt. Kronbladen hos tv\u00e5lblommorna kommer att sm\u00e4lta i varmt vatten och ge en fantastisk spa-upplevelse. &nbsp;<\/p>\n<p style=\"text-align: justify;\"><strong>Wild Hare Badsalt &amp; Tv\u00e5lblommor Set \u00e4r f\u00e4rdiga, l\u00e4tts\u00e5lda produkter f\u00f6r vilken presentbutik som helst.<\/strong> L\u00e4mplig f\u00f6r m\u00e5nga tillf\u00e4llen, som f\u00f6delsedagar, helgdagar, \u00e5rsdagar. Denna vackra och praktiska produkt har potential att bli din stors\u00e4ljare!&nbsp;<\/p>\n<p style=\"text-align: justify;\">Du kanske ocks\u00e5 gillar v\u00e5ra fantastiska <strong>Self-Care Set i grossistledet<\/strong>.<strong> <\/strong><\/p>\n<p style=\"text-align: justify;\"><strong><span style=\"color: rgb(84, 172, 210);\">Best\u00e4ll nu och ge dina kunder denna underbara g\u00e5voset!<\/span><\/strong><\/p>\n","protected":false},"excerpt":{"rendered":"<p>Utforska v\u00e5rt fantastiska f\u00e4rdiga Spa-g\u00e5voset &#8211; Passion med badsalt och tv\u00e5lblommor. L\u00e5t dina kunder skapa en liten spa-oas varje kv\u00e4ll med detta set.&nbsp; Ett vanligt bad kommer att omvandlas till en extraordin\u00e4r ritual f\u00f6r kropp och sj\u00e4l. I de eleganta f\u00f6rpackningarna hittar du f\u00e4rgmatchade badsalt samt rosor och solrosor av tv\u00e5l.&nbsp; En kombination av naturligt [&hellip;]<\/p>\n","protected":false},"featured_media":299866,"comment_status":"closed","ping_status":"open","template":"","meta":[],"product_brand":[27161],"product_cat":[12600,12908,12865],"product_tag":[],"class_list":{"0":"post-215625","1":"product","2":"type-product","3":"status-publish","4":"has-post-thumbnail","6":"product_brand-wild-hare","7":"product_cat-bad-och-dusch","8":"product_cat-badsalt","9":"product_cat-presentset","10":"pa_collection-wild-hare-salt-flowers-set-sv","11":"pa_made-in-storbritannien","13":"first","14":"outofstock","15":"purchasable","16":"product-type-simple"},"supplier_id":null,"supplier_sku":"SSSet-03","barcode":null,"atum_controlled":true,"out_stock_date":"2025-11-18 13:51:03","out_stock_threshold":null,"inheritable":false,"inbound_stock":null,"stock_on_hold":0,"sold_today":0,"sales_last_days":0,"reserved_stock":null,"customer_returns":null,"warehouse_damage":null,"lost_in_post":null,"other_logs":null,"out_stock_days":79,"lost_sales":0,"has_location":null,"update_date":"2026-02-06T00:01:05","atum_locations":[],"atum_stock_status":"outofstock","restock_status":false,"low_stock_amount":"","sales_update_date":"2026-02-06T00:01:05","calc_backorders":null,"_links":{"self":[{"href":"https:\/\/aromasentia.com\/sv\/wp-json\/wp\/v2\/product\/215625","targetHints":{"allow":["GET"]}}],"collection":[{"href":"https:\/\/aromasentia.com\/sv\/wp-json\/wp\/v2\/product"}],"about":[{"href":"https:\/\/aromasentia.com\/sv\/wp-json\/wp\/v2\/types\/product"}],"replies":[{"embeddable":true,"href":"https:\/\/aromasentia.com\/sv\/wp-json\/wp\/v2\/comments?post=215625"}],"version-history":[{"count":0,"href":"https:\/\/aromasentia.com\/sv\/wp-json\/wp\/v2\/product\/215625\/revisions"}],"wp:featuredmedia":[{"embeddable":true,"href":"https:\/\/aromasentia.com\/sv\/wp-json\/wp\/v2\/media\/299866"}],"wp:attachment":[{"href":"https:\/\/aromasentia.com\/sv\/wp-json\/wp\/v2\/media?parent=215625"}],"wp:term":[{"taxonomy":"product_brand","embeddable":true,"href":"https:\/\/aromasentia.com\/sv\/wp-json\/wp\/v2\/product_brand?post=215625"},{"taxonomy":"product_cat","embeddable":true,"href":"https:\/\/aromasentia.com\/sv\/wp-json\/wp\/v2\/product_cat?post=215625"},{"taxonomy":"product_tag","embeddable":true,"href":"https:\/\/aromasentia.com\/sv\/wp-json\/wp\/v2\/product_tag?post=215625"}],"curies":[{"name":"wp","href":"https:\/\/api.w.org\/{rel}","templated":true}]}}