{"id":215604,"date":"2025-03-20T17:56:45","date_gmt":"2025-03-20T17:56:45","guid":{"rendered":"https:\/\/aromasentia.com\/product\/tropical-paradise-soap-loaf-watermelon\/"},"modified":"2025-12-31T15:32:56","modified_gmt":"2025-12-31T15:32:56","slug":"tropiskt-paradis-hantverkstval-vattenmelon-2","status":"publish","type":"product","link":"https:\/\/aromasentia.com\/sv\/tropiskt-paradis-hantverkstval-vattenmelon-2\/","title":{"rendered":"Tropiskt Paradis Hantverkstv\u00e5l &#8211; Vattenmelon"},"content":{"rendered":"<p style=\"text-align: justify;\">En fantastisk tv\u00e5llimpa med doft av vattenmelon och fylld med vallmofr\u00f6n som skrubbar bort den d\u00f6da huden, vilket ger ett sl\u00e4t och str\u00e5lande utseende och k\u00e4nsla.<\/p>\n<p style=\"text-align: justify;\">Med v\u00e5ra tropiska fruktdofter kommer dina kunders h\u00e4nder, kropp och sj\u00e4l att k\u00e4nnas rengjorda, n\u00e4rda och \u00e5terfuktade. En riktigt h\u00e4rlig tv\u00e5l f\u00f6r alla som \u00e4lskar det som \u00e4r tropiskt.&nbsp;<\/p>\n<p style=\"text-align: justify;\">Levereras som en limpa p\u00e5 1,3 kg. Du kan f\u00e5 ca 13 x 100 g bitar fr\u00e5n varje limpa.&nbsp;<\/p>\n<p style=\"text-align: justify;\"><strong>* Handgjord tv\u00e5l * Fantastisk doft * Vackra f\u00e4rger *<\/strong><\/p>\n<p style=\"text-align: justify;\"><\/p>\n<p style=\"text-align: justify;\"><strong><span class=\"fr-video fr-deletable fr-fvc fr-dvb fr-draggable fr-active\" contenteditable=\"false\" draggable=\"true\"><iframe src=\"https:\/\/www.youtube.com\/embed\/2hd7aJrJ_FQ?&#038;t=67s&#038;wmode=opaque&#038;rel=0\" frameborder=\"0\" allowfullscreen=\"\" class=\"fr-draggable\" style=\"width: 499px; height: 307px;\"><\/iframe><\/span><\/strong><\/p>\n","protected":false},"excerpt":{"rendered":"<p>En fantastisk tv\u00e5llimpa med doft av vattenmelon och fylld med vallmofr\u00f6n som skrubbar bort den d\u00f6da huden, vilket ger ett sl\u00e4t och str\u00e5lande utseende och k\u00e4nsla. Med v\u00e5ra tropiska fruktdofter kommer dina kunders h\u00e4nder, kropp och sj\u00e4l att k\u00e4nnas rengjorda, n\u00e4rda och \u00e5terfuktade. En riktigt h\u00e4rlig tv\u00e5l f\u00f6r alla som \u00e4lskar det som \u00e4r tropiskt.&nbsp; [&hellip;]<\/p>\n","protected":false},"featured_media":300365,"comment_status":"closed","ping_status":"open","template":"","meta":{"_angie_page":false},"product_brand":[],"product_cat":[12600,25845,26850,12884,26508],"product_tag":[],"class_list":{"0":"post-215604","1":"product","2":"type-product","3":"status-publish","4":"has-post-thumbnail","6":"product_cat-bad-och-dusch","7":"product_cat-dofter-aromer","8":"product_cat-fruktig","9":"product_cat-naturliga-tvalar","10":"product_cat-vattenmelon","11":"pa_collection-tropical-paradise-soap-loaves-1-3kg-and-slices-sv","12":"pa_made-in-storbritannien","14":"first","15":"instock","16":"purchasable","17":"product-type-simple"},"supplier_id":null,"supplier_sku":"TPSoap-01","barcode":null,"atum_controlled":true,"out_stock_date":null,"out_stock_threshold":null,"inheritable":false,"inbound_stock":null,"stock_on_hold":0,"sold_today":0,"sales_last_days":0,"reserved_stock":null,"customer_returns":null,"warehouse_damage":null,"lost_in_post":null,"other_logs":null,"out_stock_days":0,"lost_sales":0,"has_location":null,"update_date":"2026-04-27T07:25:15","atum_locations":[],"atum_stock_status":"instock","restock_status":false,"low_stock_amount":"","sales_update_date":"2026-01-30T01:24:57","calc_backorders":null,"_links":{"self":[{"href":"https:\/\/aromasentia.com\/sv\/wp-json\/wp\/v2\/product\/215604","targetHints":{"allow":["GET"]}}],"collection":[{"href":"https:\/\/aromasentia.com\/sv\/wp-json\/wp\/v2\/product"}],"about":[{"href":"https:\/\/aromasentia.com\/sv\/wp-json\/wp\/v2\/types\/product"}],"replies":[{"embeddable":true,"href":"https:\/\/aromasentia.com\/sv\/wp-json\/wp\/v2\/comments?post=215604"}],"version-history":[{"count":0,"href":"https:\/\/aromasentia.com\/sv\/wp-json\/wp\/v2\/product\/215604\/revisions"}],"wp:featuredmedia":[{"embeddable":true,"href":"https:\/\/aromasentia.com\/sv\/wp-json\/wp\/v2\/media\/300365"}],"wp:attachment":[{"href":"https:\/\/aromasentia.com\/sv\/wp-json\/wp\/v2\/media?parent=215604"}],"wp:term":[{"taxonomy":"product_brand","embeddable":true,"href":"https:\/\/aromasentia.com\/sv\/wp-json\/wp\/v2\/product_brand?post=215604"},{"taxonomy":"product_cat","embeddable":true,"href":"https:\/\/aromasentia.com\/sv\/wp-json\/wp\/v2\/product_cat?post=215604"},{"taxonomy":"product_tag","embeddable":true,"href":"https:\/\/aromasentia.com\/sv\/wp-json\/wp\/v2\/product_tag?post=215604"}],"curies":[{"name":"wp","href":"https:\/\/api.w.org\/{rel}","templated":true}]}}