{"id":215592,"date":"2025-03-20T17:57:48","date_gmt":"2025-03-20T17:57:48","guid":{"rendered":"https:\/\/aromasentia.com\/product\/tropical-paradise-soap-slice-watermelon\/"},"modified":"2025-12-31T15:32:48","modified_gmt":"2025-12-31T15:32:48","slug":"tropiskt-paradis-hantverkstval-vattenmelon","status":"publish","type":"product","link":"https:\/\/aromasentia.com\/sv\/tropiskt-paradis-hantverkstval-vattenmelon\/","title":{"rendered":"Tropiskt Paradis Hantverkstv\u00e5l &#8211; Vattenmelon"},"content":{"rendered":"<p>En underbar tv\u00e5l som har en fantastisk doft av vattenmelon med s\u00f6t och fruktig tropisk doft, fylld med vallmofr\u00f6n f\u00f6r att skrubba bort den d\u00f6da huden f\u00f6r ett smidigt och gl\u00e4nsande utseende och k\u00e4nsla!<\/p>\n<p>I v\u00e5ra tropiska fruktdofter kommer dina h\u00e4nder, kropp och sj\u00e4l att k\u00e4nna sig rengjorda, n\u00e4rda och \u00e5terfuktade.<\/p>\n<p>&nbsp;Tv\u00e5lskivorna s\u00e4ljs inslagna i vaxat papper med en ingrediensetikett och v\u00e4ger cirka 115 g per skiva.<\/p>\n<p><strong> OBS: V\u00e5ra tv\u00e5lar \u00e4r handgjorda, f\u00e4rgen eller designen kan variera n\u00e5got fr\u00e5n de bilder som visas.<\/strong><\/p>\n","protected":false},"excerpt":{"rendered":"<p>En underbar tv\u00e5l som har en fantastisk doft av vattenmelon med s\u00f6t och fruktig tropisk doft, fylld med vallmofr\u00f6n f\u00f6r att skrubba bort den d\u00f6da huden f\u00f6r ett smidigt och gl\u00e4nsande utseende och k\u00e4nsla! I v\u00e5ra tropiska fruktdofter kommer dina h\u00e4nder, kropp och sj\u00e4l att k\u00e4nna sig rengjorda, n\u00e4rda och \u00e5terfuktade. &nbsp;Tv\u00e5lskivorna s\u00e4ljs inslagna i [&hellip;]<\/p>\n","protected":false},"featured_media":300621,"comment_status":"closed","ping_status":"open","template":"","meta":{"_angie_page":false},"product_brand":[],"product_cat":[12600,25845,26850,12884,26508],"product_tag":[],"class_list":{"0":"post-215592","1":"product","2":"type-product","3":"status-publish","4":"has-post-thumbnail","6":"product_cat-bad-och-dusch","7":"product_cat-dofter-aromer","8":"product_cat-fruktig","9":"product_cat-naturliga-tvalar","10":"product_cat-vattenmelon","11":"pa_collection-tropical-paradise-soap-loaves-1-3kg-and-slices-sv","12":"pa_made-in-storbritannien","14":"first","15":"instock","16":"purchasable","17":"product-type-simple"},"supplier_id":null,"supplier_sku":"DSTPSoap-01","barcode":null,"atum_controlled":true,"out_stock_date":null,"out_stock_threshold":null,"inheritable":false,"inbound_stock":null,"stock_on_hold":0,"sold_today":0,"sales_last_days":0,"reserved_stock":null,"customer_returns":null,"warehouse_damage":null,"lost_in_post":null,"other_logs":null,"out_stock_days":0,"lost_sales":0,"has_location":null,"update_date":"2026-04-27T06:59:51","atum_locations":[],"atum_stock_status":"instock","restock_status":false,"low_stock_amount":"","sales_update_date":"2026-01-30T01:25:27","calc_backorders":null,"_links":{"self":[{"href":"https:\/\/aromasentia.com\/sv\/wp-json\/wp\/v2\/product\/215592","targetHints":{"allow":["GET"]}}],"collection":[{"href":"https:\/\/aromasentia.com\/sv\/wp-json\/wp\/v2\/product"}],"about":[{"href":"https:\/\/aromasentia.com\/sv\/wp-json\/wp\/v2\/types\/product"}],"replies":[{"embeddable":true,"href":"https:\/\/aromasentia.com\/sv\/wp-json\/wp\/v2\/comments?post=215592"}],"version-history":[{"count":0,"href":"https:\/\/aromasentia.com\/sv\/wp-json\/wp\/v2\/product\/215592\/revisions"}],"wp:featuredmedia":[{"embeddable":true,"href":"https:\/\/aromasentia.com\/sv\/wp-json\/wp\/v2\/media\/300621"}],"wp:attachment":[{"href":"https:\/\/aromasentia.com\/sv\/wp-json\/wp\/v2\/media?parent=215592"}],"wp:term":[{"taxonomy":"product_brand","embeddable":true,"href":"https:\/\/aromasentia.com\/sv\/wp-json\/wp\/v2\/product_brand?post=215592"},{"taxonomy":"product_cat","embeddable":true,"href":"https:\/\/aromasentia.com\/sv\/wp-json\/wp\/v2\/product_cat?post=215592"},{"taxonomy":"product_tag","embeddable":true,"href":"https:\/\/aromasentia.com\/sv\/wp-json\/wp\/v2\/product_tag?post=215592"}],"curies":[{"name":"wp","href":"https:\/\/api.w.org\/{rel}","templated":true}]}}