{"id":215583,"date":"2025-03-20T17:58:52","date_gmt":"2025-03-20T17:58:52","guid":{"rendered":"https:\/\/aromasentia.com\/product\/vitamin-c-goddesss-body-lotion-orange-lemon\/"},"modified":"2025-12-31T15:32:40","modified_gmt":"2025-12-31T15:32:40","slug":"gudinnans-hudkram-med-c-vitamin-ae-apelsin-citron","status":"publish","type":"product","link":"https:\/\/aromasentia.com\/sv\/gudinnans-hudkram-med-c-vitamin-ae-apelsin-citron\/","title":{"rendered":"Gudinnans Hudkr\u00e4m med C-Vitamin \u00e2\u20ac\u201c Apelsin &#038; Citron"},"content":{"rendered":"<p style=\"text-align: justify;\">Upplev den ultimata hudf\u00f6ryngringen med <strong>Gudinnans Hudkr\u00e4m med C-Vitamin &ndash; Apelsin &amp; Citron<\/strong>, ett lyxigt tillskott till din dagliga hudv\u00e5rdsrutin.<\/p>\n<p style=\"text-align: justify;\">Denna hudkr\u00e4m \u00e4r berikad med h\u00e4rliga citrusdofer, och f\u00f6rutom att den h\u00e5ller din hud \u00e5terfuktad, erbjuder den ocks\u00e5 en uppfriskande och energigivande sensorisk upplevelse.<\/p>\n<p style=\"text-align: justify;\">Utnyttja kraften av C-vitamin, en v\u00e4lk\u00e4nd ingrediens som \u00e4r k\u00e4nd f\u00f6r sin f\u00f6rm\u00e5ga att ljusa upp huden, minska m\u00f6rka fl\u00e4ckar och fr\u00e4mja en mer j\u00e4mn hudton. De kraftfulla antioxidativa egenskaperna hos C-vitamin hj\u00e4lper till att \u00e5teruppliva huden och fr\u00e4mjar ett friskare och mer ungdomligt utseende.<\/p>\n<p style=\"text-align: justify;\">Tillverkad med h\u00f6gkvalitativa, paraben- och sulfatfria ingredienser samt grymhetsfria metoder, vilket g\u00f6r den till ett attraktivt val f\u00f6r kr\u00e4vande kunder.<\/p>\n<p style=\"text-align: justify;\"><strong>Gudinnans Hudkr\u00e4m med C-Vitamin &ndash; Apelsin &amp; Citron<\/strong> kan marknadsf\u00f6ras som en del av en omfattande C-vitamin hudv\u00e5rdsrutin. Detta uppmuntrar kunder att investera i flera produkter fr\u00e5n samma linje.<\/p>\n","protected":false},"excerpt":{"rendered":"<p>Upplev den ultimata hudf\u00f6ryngringen med Gudinnans Hudkr\u00e4m med C-Vitamin &ndash; Apelsin &amp; Citron, ett lyxigt tillskott till din dagliga hudv\u00e5rdsrutin. Denna hudkr\u00e4m \u00e4r berikad med h\u00e4rliga citrusdofer, och f\u00f6rutom att den h\u00e5ller din hud \u00e5terfuktad, erbjuder den ocks\u00e5 en uppfriskande och energigivande sensorisk upplevelse. Utnyttja kraften av C-vitamin, en v\u00e4lk\u00e4nd ingrediens som \u00e4r k\u00e4nd f\u00f6r [&hellip;]<\/p>\n","protected":false},"featured_media":300960,"comment_status":"closed","ping_status":"open","template":"","meta":{"_angie_page":false},"product_brand":[27069],"product_cat":[26047,12600,26033,26822,25845],"product_tag":[],"class_list":{"0":"post-215583","1":"product","2":"type-product","3":"status-publish","4":"has-post-thumbnail","6":"product_brand-aw-cosmetics","7":"product_cat-apelsin","8":"product_cat-bad-och-dusch","9":"product_cat-citron","10":"product_cat-citrus","11":"product_cat-dofter-aromer","12":"pa_collection-vitamin-c-skincare-line-sv","13":"pa_made-in-storbritannien","15":"first","16":"instock","17":"purchasable","18":"product-type-simple"},"supplier_id":null,"supplier_sku":"VitC-03","barcode":null,"atum_controlled":true,"out_stock_date":null,"out_stock_threshold":null,"inheritable":false,"inbound_stock":null,"stock_on_hold":0,"sold_today":0,"sales_last_days":0,"reserved_stock":null,"customer_returns":null,"warehouse_damage":null,"lost_in_post":null,"other_logs":null,"out_stock_days":0,"lost_sales":0,"has_location":null,"update_date":"2026-05-04T00:05:00","atum_locations":[],"atum_stock_status":"instock","restock_status":false,"low_stock_amount":"","sales_update_date":"2026-01-30T01:24:59","calc_backorders":null,"_links":{"self":[{"href":"https:\/\/aromasentia.com\/sv\/wp-json\/wp\/v2\/product\/215583","targetHints":{"allow":["GET"]}}],"collection":[{"href":"https:\/\/aromasentia.com\/sv\/wp-json\/wp\/v2\/product"}],"about":[{"href":"https:\/\/aromasentia.com\/sv\/wp-json\/wp\/v2\/types\/product"}],"replies":[{"embeddable":true,"href":"https:\/\/aromasentia.com\/sv\/wp-json\/wp\/v2\/comments?post=215583"}],"version-history":[{"count":0,"href":"https:\/\/aromasentia.com\/sv\/wp-json\/wp\/v2\/product\/215583\/revisions"}],"wp:featuredmedia":[{"embeddable":true,"href":"https:\/\/aromasentia.com\/sv\/wp-json\/wp\/v2\/media\/300960"}],"wp:attachment":[{"href":"https:\/\/aromasentia.com\/sv\/wp-json\/wp\/v2\/media?parent=215583"}],"wp:term":[{"taxonomy":"product_brand","embeddable":true,"href":"https:\/\/aromasentia.com\/sv\/wp-json\/wp\/v2\/product_brand?post=215583"},{"taxonomy":"product_cat","embeddable":true,"href":"https:\/\/aromasentia.com\/sv\/wp-json\/wp\/v2\/product_cat?post=215583"},{"taxonomy":"product_tag","embeddable":true,"href":"https:\/\/aromasentia.com\/sv\/wp-json\/wp\/v2\/product_tag?post=215583"}],"curies":[{"name":"wp","href":"https:\/\/api.w.org\/{rel}","templated":true}]}}