{"id":215582,"date":"2025-03-20T17:58:52","date_gmt":"2025-03-20T17:58:52","guid":{"rendered":"https:\/\/aromasentia.com\/product\/brightening-vitamin-c-hand-soap-with-essential-oils\/"},"modified":"2025-12-31T15:32:40","modified_gmt":"2025-12-31T15:32:40","slug":"ljusande-c-vitamin-handtval-med-eteriska-oljor","status":"publish","type":"product","link":"https:\/\/aromasentia.com\/sv\/ljusande-c-vitamin-handtval-med-eteriska-oljor\/","title":{"rendered":"Ljusande C-Vitamin Handtv\u00e5l med Eteriska Oljor"},"content":{"rendered":"<p style=\"text-align: justify;\"><strong>Ljusande C-Vitamin Handtv\u00e5l med Eteriska Oljor<\/strong>, som en integrerad del av v\u00e5r C-Vitamin Hudv\u00e5rdslinje, \u00e4r noggrant designad f\u00f6r att erbjuda \u00f6verl\u00e4gsna hudf\u00f6rdelar och h\u00e4rliga upplevelser.<\/p>\n<p style=\"text-align: justify;\">Denna handtv\u00e5l \u00e4r tillverkad i Storbritannien och utnyttjar kraften av C-Vitamin &ndash; en mycket eftertraktad ingrediens k\u00e4nd f\u00f6r sina exceptionella ljusande och \u00e5terupplivande egenskaper. Denna tv\u00e5l \u00e4r infunderad med eteriska oljor, och f\u00f6rutom att reng\u00f6ra huden noga ger den \u00e4ven en lugnande och aromatisk upplevelse.<\/p>\n<p style=\"text-align: justify;\">De kraftfulla antioxidantegenskaperna hos C-vitamin hj\u00e4lper till att \u00e5teruppliva huden, reducera m\u00f6rka fl\u00e4ckar och l\u00e4mnar dina h\u00e4nder mer str\u00e5lande och fr\u00e4scha.<\/p>\n<p style=\"text-align: justify;\">Tillverkad med h\u00f6gkvalitativa ingredienser utan djurtestning, vilket s\u00e4kerst\u00e4ller en lyxig och effektiv produkt. Tv\u00e5len inneh\u00e5ller inga parabener och sulfater, vilket g\u00f6r den l\u00e4mplig f\u00f6r alla hudtyper utan risk f\u00f6r irritation.<\/p>\n<p style=\"text-align: justify;\"><strong>Som en del av C-Vitamin Hudv\u00e5rdslinje kompletterar denna handtv\u00e5l andra produkter i serien, vilket uppmuntrar kunder att k\u00f6pa flera artiklar f\u00f6r en komplett hudv\u00e5rdsrutin och d\u00e4rmed \u00f6kar den totala f\u00f6rs\u00e4ljningen.<\/strong><\/p>\n","protected":false},"excerpt":{"rendered":"<p>Ljusande C-Vitamin Handtv\u00e5l med Eteriska Oljor, som en integrerad del av v\u00e5r C-Vitamin Hudv\u00e5rdslinje, \u00e4r noggrant designad f\u00f6r att erbjuda \u00f6verl\u00e4gsna hudf\u00f6rdelar och h\u00e4rliga upplevelser. Denna handtv\u00e5l \u00e4r tillverkad i Storbritannien och utnyttjar kraften av C-Vitamin &ndash; en mycket eftertraktad ingrediens k\u00e4nd f\u00f6r sina exceptionella ljusande och \u00e5terupplivande egenskaper. Denna tv\u00e5l \u00e4r infunderad med eteriska [&hellip;]<\/p>\n","protected":false},"featured_media":300927,"comment_status":"closed","ping_status":"open","template":"","meta":{"_angie_page":false},"product_brand":[27069],"product_cat":[12600,12884],"product_tag":[],"class_list":{"0":"post-215582","1":"product","2":"type-product","3":"status-publish","4":"has-post-thumbnail","6":"product_brand-aw-cosmetics","7":"product_cat-bad-och-dusch","8":"product_cat-naturliga-tvalar","9":"pa_collection-vitamin-c-skincare-line-sv","10":"pa_made-in-storbritannien","12":"first","13":"instock","14":"purchasable","15":"product-type-simple"},"supplier_id":null,"supplier_sku":"Vitc-05","barcode":null,"atum_controlled":true,"out_stock_date":null,"out_stock_threshold":null,"inheritable":false,"inbound_stock":null,"stock_on_hold":0,"sold_today":0,"sales_last_days":0,"reserved_stock":null,"customer_returns":null,"warehouse_damage":null,"lost_in_post":null,"other_logs":null,"out_stock_days":0,"lost_sales":0,"has_location":null,"update_date":"2026-05-04T00:05:00","atum_locations":[],"atum_stock_status":"instock","restock_status":false,"low_stock_amount":"","sales_update_date":"2025-09-05T00:21:17","calc_backorders":null,"_links":{"self":[{"href":"https:\/\/aromasentia.com\/sv\/wp-json\/wp\/v2\/product\/215582","targetHints":{"allow":["GET"]}}],"collection":[{"href":"https:\/\/aromasentia.com\/sv\/wp-json\/wp\/v2\/product"}],"about":[{"href":"https:\/\/aromasentia.com\/sv\/wp-json\/wp\/v2\/types\/product"}],"replies":[{"embeddable":true,"href":"https:\/\/aromasentia.com\/sv\/wp-json\/wp\/v2\/comments?post=215582"}],"version-history":[{"count":0,"href":"https:\/\/aromasentia.com\/sv\/wp-json\/wp\/v2\/product\/215582\/revisions"}],"wp:featuredmedia":[{"embeddable":true,"href":"https:\/\/aromasentia.com\/sv\/wp-json\/wp\/v2\/media\/300927"}],"wp:attachment":[{"href":"https:\/\/aromasentia.com\/sv\/wp-json\/wp\/v2\/media?parent=215582"}],"wp:term":[{"taxonomy":"product_brand","embeddable":true,"href":"https:\/\/aromasentia.com\/sv\/wp-json\/wp\/v2\/product_brand?post=215582"},{"taxonomy":"product_cat","embeddable":true,"href":"https:\/\/aromasentia.com\/sv\/wp-json\/wp\/v2\/product_cat?post=215582"},{"taxonomy":"product_tag","embeddable":true,"href":"https:\/\/aromasentia.com\/sv\/wp-json\/wp\/v2\/product_tag?post=215582"}],"curies":[{"name":"wp","href":"https:\/\/api.w.org\/{rel}","templated":true}]}}