{"id":215578,"date":"2025-03-20T17:59:32","date_gmt":"2025-03-20T17:59:32","guid":{"rendered":"https:\/\/aromasentia.com\/product\/volcanic-foot-stone-square-soap-shape\/"},"modified":"2025-12-31T15:32:40","modified_gmt":"2025-12-31T15:32:40","slug":"vulkanisk-pimpsten-rektangel","status":"publish","type":"product","link":"https:\/\/aromasentia.com\/sv\/vulkanisk-pimpsten-rektangel\/","title":{"rendered":"Vulkanisk Pimpsten &#8211; Rektangel"},"content":{"rendered":"<p style=\"text-align: justify;\">Det s\u00e4kraste och mest naturliga s\u00e4ttet att exfoliera och j\u00e4mna ut huden p\u00e5 kroppen, h\u00e4nderna och f\u00f6tterna. En vulkanisk fotsten f\u00f6rlorar aldrig sin effektivitet eller form.&nbsp;<\/p>\n<p style=\"text-align: justify;\">Denna enkla men fantastiska lilla sten, som ligger bekv\u00e4mt i din hand, \u00e4r l\u00e4tt och har en yta med sm\u00e5 h\u00e5l. En terapeutisk blandning av basaltmineraler, kisel, magnesium, j\u00e4rn och syre som skapar h\u00e5len i stenen tar enkelt bort torr, d\u00f6d hud fr\u00e5n kroppen, h\u00e4nderna och s\u00e4rskilt f\u00f6tterna.&nbsp;<\/p>\n<p style=\"text-align: justify;\">Om du s\u00e4ljer tv\u00e5l eller badbomber \u00e4r dessa ett viktigt till\u00e4gg och l\u00e4tta att s\u00e4lja. Perfekta att inkludera i badrumsrelaterade presentkorgar eller necess\u00e4rer.<\/p>\n<p style=\"text-align: justify;\"><strong><span style=\"color: rgb(84, 172, 210);\">Best\u00e4ll dessa fantastiska vulkaniska pimpstenar idag!<\/span><\/strong><\/p>\n","protected":false},"excerpt":{"rendered":"<p>Det s\u00e4kraste och mest naturliga s\u00e4ttet att exfoliera och j\u00e4mna ut huden p\u00e5 kroppen, h\u00e4nderna och f\u00f6tterna. En vulkanisk fotsten f\u00f6rlorar aldrig sin effektivitet eller form.&nbsp; Denna enkla men fantastiska lilla sten, som ligger bekv\u00e4mt i din hand, \u00e4r l\u00e4tt och har en yta med sm\u00e5 h\u00e5l. En terapeutisk blandning av basaltmineraler, kisel, magnesium, j\u00e4rn [&hellip;]<\/p>\n","protected":false},"featured_media":301157,"comment_status":"closed","ping_status":"open","template":"","meta":{"_angie_page":false},"product_brand":[],"product_cat":[12600,12890],"product_tag":[],"class_list":{"0":"post-215578","1":"product","2":"type-product","3":"status-publish","4":"has-post-thumbnail","6":"product_cat-bad-och-dusch","7":"product_cat-borstar-skrubbor-och-skrapor","8":"pa_collection-volcanic-lava-foot-stones-sv","9":"pa_made-in-kina","11":"first","12":"instock","13":"purchasable","14":"product-type-simple"},"supplier_id":null,"supplier_sku":"VolC-01","barcode":null,"atum_controlled":true,"out_stock_date":null,"out_stock_threshold":null,"inheritable":false,"inbound_stock":null,"stock_on_hold":0,"sold_today":0,"sales_last_days":0,"reserved_stock":null,"customer_returns":null,"warehouse_damage":null,"lost_in_post":null,"other_logs":null,"out_stock_days":0,"lost_sales":0,"has_location":null,"update_date":"2026-04-27T07:26:32","atum_locations":[],"atum_stock_status":"instock","restock_status":false,"low_stock_amount":"","sales_update_date":"2026-02-06T00:02:43","calc_backorders":null,"_links":{"self":[{"href":"https:\/\/aromasentia.com\/sv\/wp-json\/wp\/v2\/product\/215578","targetHints":{"allow":["GET"]}}],"collection":[{"href":"https:\/\/aromasentia.com\/sv\/wp-json\/wp\/v2\/product"}],"about":[{"href":"https:\/\/aromasentia.com\/sv\/wp-json\/wp\/v2\/types\/product"}],"replies":[{"embeddable":true,"href":"https:\/\/aromasentia.com\/sv\/wp-json\/wp\/v2\/comments?post=215578"}],"version-history":[{"count":0,"href":"https:\/\/aromasentia.com\/sv\/wp-json\/wp\/v2\/product\/215578\/revisions"}],"wp:featuredmedia":[{"embeddable":true,"href":"https:\/\/aromasentia.com\/sv\/wp-json\/wp\/v2\/media\/301157"}],"wp:attachment":[{"href":"https:\/\/aromasentia.com\/sv\/wp-json\/wp\/v2\/media?parent=215578"}],"wp:term":[{"taxonomy":"product_brand","embeddable":true,"href":"https:\/\/aromasentia.com\/sv\/wp-json\/wp\/v2\/product_brand?post=215578"},{"taxonomy":"product_cat","embeddable":true,"href":"https:\/\/aromasentia.com\/sv\/wp-json\/wp\/v2\/product_cat?post=215578"},{"taxonomy":"product_tag","embeddable":true,"href":"https:\/\/aromasentia.com\/sv\/wp-json\/wp\/v2\/product_tag?post=215578"}],"curies":[{"name":"wp","href":"https:\/\/api.w.org\/{rel}","templated":true}]}}