{"id":215577,"date":"2025-03-20T17:59:32","date_gmt":"2025-03-20T17:59:32","guid":{"rendered":"https:\/\/aromasentia.com\/product\/goddesss-glow-face-serum-with-vitamin-c\/"},"modified":"2025-12-31T15:32:32","modified_gmt":"2025-12-31T15:32:32","slug":"gudinnans-glodande-ansiktsserum-med-c-vitamin","status":"publish","type":"product","link":"https:\/\/aromasentia.com\/sv\/gudinnans-glodande-ansiktsserum-med-c-vitamin\/","title":{"rendered":"Gudinnans Gl\u00f6dande Ansiktsserum med C-Vitamin"},"content":{"rendered":"<p style=\"text-align: justify;\">Uppgradera din hudv\u00e5rdslinje f\u00f6r ansiktet med v\u00e5rt <strong>Gl\u00f6dande Ansiktsserum med C-Vitamin<\/strong>, en kraftfull blandning designad f\u00f6r att ge exceptionella hudupplysande och anti-\u00e5ldrande f\u00f6rdelar.&nbsp;<\/p>\n<p style=\"text-align: justify;\">Detta serum \u00e4r packat med h\u00f6ga koncentrationer av C-vitamin, k\u00e4nt f\u00f6r sin f\u00f6rm\u00e5ga att stimulera kollagenproduktionen, minska uppkomsten av m\u00f6rka fl\u00e4ckar och fr\u00e4mja en j\u00e4mn hudton.&nbsp;<\/p>\n<p style=\"text-align: justify;\">Detta ansiktsserum kommer i en elegant b\u00e4rnstensf\u00e4rgad glasflaska med en droppare f\u00f6r precis applicering, vilket bevarar f\u00e4rskheten och styrkan hos ingredienserna.&nbsp;<\/p>\n<p style=\"text-align: justify;\">Perfekt f\u00f6r daglig anv\u00e4ndning, absorberas snabbt in i huden och l\u00e4mnar den ljusare, fastare och mer ungdomlig. Detta ansiktsserum \u00e4r ett m\u00e5ste f\u00f6r \u00e5terf\u00f6rs\u00e4ljare som vill locka kunder som menar allvar med att bibeh\u00e5lla en str\u00e5lande och frisk hy.&nbsp;<\/p>\n<p style=\"text-align: justify;\"><strong>Detta 30ml serum \u00e4r formulerat f\u00f6r att ljusa upp, \u00e5terfukta och f\u00f6ryngra huden, vilket g\u00f6r det till ett m\u00e5ste f\u00f6r alla hudv\u00e5rdsrutiner.<\/strong><\/p>\n","protected":false},"excerpt":{"rendered":"<p>Uppgradera din hudv\u00e5rdslinje f\u00f6r ansiktet med v\u00e5rt Gl\u00f6dande Ansiktsserum med C-Vitamin, en kraftfull blandning designad f\u00f6r att ge exceptionella hudupplysande och anti-\u00e5ldrande f\u00f6rdelar.&nbsp; Detta serum \u00e4r packat med h\u00f6ga koncentrationer av C-vitamin, k\u00e4nt f\u00f6r sin f\u00f6rm\u00e5ga att stimulera kollagenproduktionen, minska uppkomsten av m\u00f6rka fl\u00e4ckar och fr\u00e4mja en j\u00e4mn hudton.&nbsp; Detta ansiktsserum kommer i en elegant [&hellip;]<\/p>\n","protected":false},"featured_media":301124,"comment_status":"closed","ping_status":"open","template":"","meta":{"_angie_page":false},"product_brand":[27069],"product_cat":[12600],"product_tag":[],"class_list":{"0":"post-215577","1":"product","2":"type-product","3":"status-publish","4":"has-post-thumbnail","6":"product_brand-aw-cosmetics","7":"product_cat-bad-och-dusch","8":"pa_collection-vitamin-c-skincare-line-sv","9":"pa_made-in-storbritannien","10":"pa_size-30ml","12":"first","13":"instock","14":"purchasable","15":"product-type-simple"},"supplier_id":null,"supplier_sku":"Vitc-08","barcode":null,"atum_controlled":true,"out_stock_date":null,"out_stock_threshold":null,"inheritable":false,"inbound_stock":null,"stock_on_hold":0,"sold_today":0,"sales_last_days":0,"reserved_stock":null,"customer_returns":null,"warehouse_damage":null,"lost_in_post":null,"other_logs":null,"out_stock_days":0,"lost_sales":0,"has_location":null,"update_date":"2026-05-04T00:05:00","atum_locations":[],"atum_stock_status":"instock","restock_status":false,"low_stock_amount":"","sales_update_date":"2025-09-05T00:21:18","calc_backorders":null,"_links":{"self":[{"href":"https:\/\/aromasentia.com\/sv\/wp-json\/wp\/v2\/product\/215577","targetHints":{"allow":["GET"]}}],"collection":[{"href":"https:\/\/aromasentia.com\/sv\/wp-json\/wp\/v2\/product"}],"about":[{"href":"https:\/\/aromasentia.com\/sv\/wp-json\/wp\/v2\/types\/product"}],"replies":[{"embeddable":true,"href":"https:\/\/aromasentia.com\/sv\/wp-json\/wp\/v2\/comments?post=215577"}],"version-history":[{"count":0,"href":"https:\/\/aromasentia.com\/sv\/wp-json\/wp\/v2\/product\/215577\/revisions"}],"wp:featuredmedia":[{"embeddable":true,"href":"https:\/\/aromasentia.com\/sv\/wp-json\/wp\/v2\/media\/301124"}],"wp:attachment":[{"href":"https:\/\/aromasentia.com\/sv\/wp-json\/wp\/v2\/media?parent=215577"}],"wp:term":[{"taxonomy":"product_brand","embeddable":true,"href":"https:\/\/aromasentia.com\/sv\/wp-json\/wp\/v2\/product_brand?post=215577"},{"taxonomy":"product_cat","embeddable":true,"href":"https:\/\/aromasentia.com\/sv\/wp-json\/wp\/v2\/product_cat?post=215577"},{"taxonomy":"product_tag","embeddable":true,"href":"https:\/\/aromasentia.com\/sv\/wp-json\/wp\/v2\/product_tag?post=215577"}],"curies":[{"name":"wp","href":"https:\/\/api.w.org\/{rel}","templated":true}]}}