{"id":215572,"date":"2025-03-20T17:59:53","date_gmt":"2025-03-20T17:59:53","guid":{"rendered":"https:\/\/aromasentia.com\/product\/pink-lemonade-whipped-cream-soap-120g\/"},"modified":"2025-12-31T15:32:32","modified_gmt":"2025-12-31T15:32:32","slug":"rosa-lemonad-vispad-tval-120g","status":"publish","type":"product","link":"https:\/\/aromasentia.com\/sv\/rosa-lemonad-vispad-tval-120g\/","title":{"rendered":"Rosa Lemonad Vispad Tv\u00e5l 120g"},"content":{"rendered":"<p style=\"text-align: justify;\">Uts\u00f6kt <strong>Citron Sherbet Vispad Tv\u00e5l<\/strong> &#8211; Upplev den uppfriskande och syrliga doften av rosa lemonad samtidigt som du behandlar din hud med en lyxig och uppfriskande badupplevelse.<\/p>\n<p style=\"text-align: justify;\">Den kr\u00e4miga konsistensen glider smidigt \u00f6ver din hud och skapar ett rikt l\u00f6dder som effektivt tv\u00e4ttar bort orenheter samtidigt som din hud k\u00e4nns fr\u00e4sch, f\u00f6ryngrad och \u00e5terfuktad. Den inneh\u00e5ller fuktgivande egenskaper som hj\u00e4lper till att \u00e5terfukta och vitalisera, vilket g\u00f6r din hud mjuk, smidig och delikat doftande.&nbsp;<\/p>\n<p style=\"text-align: justify;\">Dessa tv\u00e5lar \u00e4r inte bara en sensorisk fr\u00f6jd utan ocks\u00e5 <strong>pl\u00e5geri-fria, parabenfria, SLS-fria och veganv\u00e4nliga<\/strong>.&nbsp;<\/p>\n<p style=\"text-align: justify;\">Citron Sherbet Vispad Tv\u00e5l kommer s\u00e4kerligen att locka kunder med sin oemotst\u00e5ndliga doft och lyxiga formel.&nbsp;<\/p>\n<p style=\"text-align: justify;\">Oavsett om du funderar p\u00e5 att fylla p\u00e5 din butik, presentbutik eller spa, \u00e4r det ett utm\u00e4rkt val. Den kombinerar kvalitet, \u00f6verseende och prisv\u00e4rdhet, vilket g\u00f6r den till ett m\u00e5ste f\u00f6r dem som s\u00f6ker efter en touch av lyx.<\/p>\n","protected":false},"excerpt":{"rendered":"<p>Uts\u00f6kt Citron Sherbet Vispad Tv\u00e5l &#8211; Upplev den uppfriskande och syrliga doften av rosa lemonad samtidigt som du behandlar din hud med en lyxig och uppfriskande badupplevelse. Den kr\u00e4miga konsistensen glider smidigt \u00f6ver din hud och skapar ett rikt l\u00f6dder som effektivt tv\u00e4ttar bort orenheter samtidigt som din hud k\u00e4nns fr\u00e4sch, f\u00f6ryngrad och \u00e5terfuktad. Den [&hellip;]<\/p>\n","protected":false},"featured_media":301316,"comment_status":"closed","ping_status":"open","template":"","meta":{"_angie_page":false},"product_brand":[],"product_cat":[12600,26033,26822,25845,12884],"product_tag":[],"class_list":{"0":"post-215572","1":"product","2":"type-product","3":"status-publish","4":"has-post-thumbnail","6":"product_cat-bad-och-dusch","7":"product_cat-citron","8":"product_cat-citrus","9":"product_cat-dofter-aromer","10":"product_cat-naturliga-tvalar","11":"pa_collection-whipped-cream-soap-sv","12":"pa_made-in-storbritannien","14":"first","15":"instock","16":"purchasable","17":"product-type-simple"},"supplier_id":null,"supplier_sku":"WCS-04","barcode":null,"atum_controlled":true,"out_stock_date":null,"out_stock_threshold":null,"inheritable":false,"inbound_stock":null,"stock_on_hold":0,"sold_today":0,"sales_last_days":0,"reserved_stock":null,"customer_returns":null,"warehouse_damage":null,"lost_in_post":null,"other_logs":null,"out_stock_days":0,"lost_sales":0,"has_location":null,"update_date":"2026-04-27T07:26:52","atum_locations":[],"atum_stock_status":"instock","restock_status":false,"low_stock_amount":"","sales_update_date":"2025-09-05T00:21:20","calc_backorders":null,"_links":{"self":[{"href":"https:\/\/aromasentia.com\/sv\/wp-json\/wp\/v2\/product\/215572","targetHints":{"allow":["GET"]}}],"collection":[{"href":"https:\/\/aromasentia.com\/sv\/wp-json\/wp\/v2\/product"}],"about":[{"href":"https:\/\/aromasentia.com\/sv\/wp-json\/wp\/v2\/types\/product"}],"replies":[{"embeddable":true,"href":"https:\/\/aromasentia.com\/sv\/wp-json\/wp\/v2\/comments?post=215572"}],"version-history":[{"count":0,"href":"https:\/\/aromasentia.com\/sv\/wp-json\/wp\/v2\/product\/215572\/revisions"}],"wp:featuredmedia":[{"embeddable":true,"href":"https:\/\/aromasentia.com\/sv\/wp-json\/wp\/v2\/media\/301316"}],"wp:attachment":[{"href":"https:\/\/aromasentia.com\/sv\/wp-json\/wp\/v2\/media?parent=215572"}],"wp:term":[{"taxonomy":"product_brand","embeddable":true,"href":"https:\/\/aromasentia.com\/sv\/wp-json\/wp\/v2\/product_brand?post=215572"},{"taxonomy":"product_cat","embeddable":true,"href":"https:\/\/aromasentia.com\/sv\/wp-json\/wp\/v2\/product_cat?post=215572"},{"taxonomy":"product_tag","embeddable":true,"href":"https:\/\/aromasentia.com\/sv\/wp-json\/wp\/v2\/product_tag?post=215572"}],"curies":[{"name":"wp","href":"https:\/\/api.w.org\/{rel}","templated":true}]}}