{"id":215570,"date":"2025-03-21T00:55:00","date_gmt":"2025-03-21T00:55:00","guid":{"rendered":"https:\/\/aromasentia.com\/product\/blueberry-whipped-cream-soap-120g\/"},"modified":"2025-12-31T15:32:32","modified_gmt":"2025-12-31T15:32:32","slug":"blabar-vispad-tval-120g","status":"publish","type":"product","link":"https:\/\/aromasentia.com\/sv\/blabar-vispad-tval-120g\/","title":{"rendered":"Bl\u00e5b\u00e4r Vispad Tv\u00e5l 120g"},"content":{"rendered":"<p style=\"text-align: justify;\">Upggradera din samling av bad- och kroppsprodukter med <strong>Bl\u00e5b\u00e4r Vispad Tv\u00e5l<\/strong>.&nbsp;<\/p>\n<p style=\"text-align: justify;\">Denna tv\u00e5l, med sin lockande essens av bl\u00e5b\u00e4r, lovar en sensorisk upplevelse som kommer att f\u00f6ryngra din hud och l\u00e4mna den omsluten av en f\u00f6rtrollande doft.&nbsp;<\/p>\n<p style=\"text-align: justify;\">Den kr\u00e4miga konsistensen hos denna tv\u00e5l f\u00e5r den att glida utan anstr\u00e4ngning \u00f6ver din hud och producerar ett rikt l\u00f6dder som skonsamt renar, samtidigt som den ger djup \u00e5terfuktning. Den \u00e4r fullpackad med n\u00e4rande element, och v\u00e5rdar effektivt din hud samt l\u00e4mnar den smidig och oemotst\u00e5ndligt len vid ber\u00f6ring.&nbsp;<\/p>\n<p style=\"text-align: justify;\">Det som skiljer dessa tv\u00e5lar \u00e5t \u00e4r deras engagemang f\u00f6r etiska standarder. De \u00e4r <strong>pl\u00e5geri-fria, parabenfria, SLS-fria och veganv\u00e4nliga<\/strong>, vilket s\u00e4kerst\u00e4ller ett gott samvete vid varje anv\u00e4ndning.&nbsp;<\/p>\n<p style=\"text-align: justify;\">Oavsett om du vill fylla p\u00e5 din butik, presentbutik eller spa, \u00e4r denna tv\u00e5l ett exceptionellt val. Den kombinerar kvalitet, \u00f6verseende och prisv\u00e4rdhet, vilket g\u00f6r den till ett viktigt tillskott f\u00f6r dem som vill unna sig lite bortsk\u00e4mning.<\/p>\n","protected":false},"excerpt":{"rendered":"<p>Upggradera din samling av bad- och kroppsprodukter med Bl\u00e5b\u00e4r Vispad Tv\u00e5l.&nbsp; Denna tv\u00e5l, med sin lockande essens av bl\u00e5b\u00e4r, lovar en sensorisk upplevelse som kommer att f\u00f6ryngra din hud och l\u00e4mna den omsluten av en f\u00f6rtrollande doft.&nbsp; Den kr\u00e4miga konsistensen hos denna tv\u00e5l f\u00e5r den att glida utan anstr\u00e4ngning \u00f6ver din hud och producerar ett [&hellip;]<\/p>\n","protected":false},"featured_media":301617,"comment_status":"closed","ping_status":"open","template":"","meta":{"_angie_page":false},"product_brand":[],"product_cat":[12600,12884],"product_tag":[],"class_list":{"0":"post-215570","1":"product","2":"type-product","3":"status-publish","4":"has-post-thumbnail","6":"product_cat-bad-och-dusch","7":"product_cat-naturliga-tvalar","8":"pa_collection-whipped-cream-soap-sv","9":"pa_made-in-storbritannien","11":"first","12":"instock","13":"purchasable","14":"product-type-simple"},"supplier_id":null,"supplier_sku":"WCS-07","barcode":null,"atum_controlled":true,"out_stock_date":null,"out_stock_threshold":null,"inheritable":false,"inbound_stock":null,"stock_on_hold":0,"sold_today":0,"sales_last_days":0,"reserved_stock":null,"customer_returns":null,"warehouse_damage":null,"lost_in_post":null,"other_logs":null,"out_stock_days":0,"lost_sales":0,"has_location":null,"update_date":"2026-04-27T07:26:52","atum_locations":[],"atum_stock_status":"instock","restock_status":false,"low_stock_amount":"","sales_update_date":"2025-09-05T00:21:22","calc_backorders":null,"_links":{"self":[{"href":"https:\/\/aromasentia.com\/sv\/wp-json\/wp\/v2\/product\/215570","targetHints":{"allow":["GET"]}}],"collection":[{"href":"https:\/\/aromasentia.com\/sv\/wp-json\/wp\/v2\/product"}],"about":[{"href":"https:\/\/aromasentia.com\/sv\/wp-json\/wp\/v2\/types\/product"}],"replies":[{"embeddable":true,"href":"https:\/\/aromasentia.com\/sv\/wp-json\/wp\/v2\/comments?post=215570"}],"version-history":[{"count":0,"href":"https:\/\/aromasentia.com\/sv\/wp-json\/wp\/v2\/product\/215570\/revisions"}],"wp:featuredmedia":[{"embeddable":true,"href":"https:\/\/aromasentia.com\/sv\/wp-json\/wp\/v2\/media\/301617"}],"wp:attachment":[{"href":"https:\/\/aromasentia.com\/sv\/wp-json\/wp\/v2\/media?parent=215570"}],"wp:term":[{"taxonomy":"product_brand","embeddable":true,"href":"https:\/\/aromasentia.com\/sv\/wp-json\/wp\/v2\/product_brand?post=215570"},{"taxonomy":"product_cat","embeddable":true,"href":"https:\/\/aromasentia.com\/sv\/wp-json\/wp\/v2\/product_cat?post=215570"},{"taxonomy":"product_tag","embeddable":true,"href":"https:\/\/aromasentia.com\/sv\/wp-json\/wp\/v2\/product_tag?post=215570"}],"curies":[{"name":"wp","href":"https:\/\/api.w.org\/{rel}","templated":true}]}}