{"id":215569,"date":"2025-03-21T00:55:00","date_gmt":"2025-03-21T00:55:00","guid":{"rendered":"https:\/\/aromasentia.com\/product\/mango-lime-whipped-cream-soap-120g\/"},"modified":"2025-12-31T15:32:32","modified_gmt":"2025-12-31T15:32:32","slug":"mango-lime-vispad-tval-120g","status":"publish","type":"product","link":"https:\/\/aromasentia.com\/sv\/mango-lime-vispad-tval-120g\/","title":{"rendered":"Mango &#038; Lime Vispad Tv\u00e5l 120g"},"content":{"rendered":"<p style=\"text-align: justify;\">Vi presenterar v\u00e5r tropiska <strong>Mango &amp; Lime Vispad Tv\u00e5l<\/strong>, ett h\u00e4rligt tillskott till din samling av bad- och kroppsprodukter.&nbsp;<\/p>\n<p style=\"text-align: justify;\">Denna tv\u00e5l \u00e4r skapad med omsorg och infunderad med den lockande aromen av mango och lime. Den erbjuder en sensorisk resa som kommer att l\u00e4mna din hud vitaliserad, v\u00e4ln\u00e4rd och uts\u00f6kt doftande.&nbsp;<\/p>\n<p style=\"text-align: justify;\">Den lyxigt kr\u00e4miga konsistensen av denna tv\u00e5l glider smidigt \u00f6ver din hud och skapar ett rikt l\u00f6dder som renar och \u00e5terfuktar p\u00e5 djupet. Den \u00e4r berikad med n\u00e4rande komponenter, v\u00e5rdar effektivt din hud och l\u00e4mnar den smidig och oemotst\u00e5ndligt len vid ber\u00f6ring.&nbsp;<\/p>\n<p style=\"text-align: justify;\">Dessa tv\u00e5lar sk\u00e4mmer inte bara bort dina sinnen utan uppr\u00e4tth\u00e5ller ocks\u00e5 etiska standarder. De b\u00e4r stolt etiketten <strong>pl\u00e5geri-fri, parabenfri, SLS-fri och veganv\u00e4nlig<\/strong>, vilket s\u00e4kerst\u00e4ller ett gott samvete vid varje anv\u00e4ndning.&nbsp;<\/p>\n<p style=\"text-align: justify;\">Oavsett om du vill skaffa dessa till din butik, presentbutik eller spa, \u00e4r denna tv\u00e5l ett exceptionellt val. Den kombinerar kvalitet, \u00f6verseende och prisv\u00e4rdhet, vilket g\u00f6r den till ett viktigt tillskott f\u00f6r dem som s\u00f6ker en touch av lyx.<\/p>\n","protected":false},"excerpt":{"rendered":"<p>Vi presenterar v\u00e5r tropiska Mango &amp; Lime Vispad Tv\u00e5l, ett h\u00e4rligt tillskott till din samling av bad- och kroppsprodukter.&nbsp; Denna tv\u00e5l \u00e4r skapad med omsorg och infunderad med den lockande aromen av mango och lime. Den erbjuder en sensorisk resa som kommer att l\u00e4mna din hud vitaliserad, v\u00e4ln\u00e4rd och uts\u00f6kt doftande.&nbsp; Den lyxigt kr\u00e4miga konsistensen [&hellip;]<\/p>\n","protected":false},"featured_media":301576,"comment_status":"closed","ping_status":"open","template":"","meta":[],"product_brand":[],"product_cat":[12600,26822,25845,26037,12884],"product_tag":[],"class_list":{"0":"post-215569","1":"product","2":"type-product","3":"status-publish","4":"has-post-thumbnail","6":"product_cat-bad-och-dusch","7":"product_cat-citrus","8":"product_cat-dofter-aromer","9":"product_cat-lime","10":"product_cat-naturliga-tvalar","11":"pa_collection-whipped-cream-soap-sv","12":"pa_made-in-storbritannien","14":"first","15":"instock","16":"purchasable","17":"product-type-simple"},"supplier_id":null,"supplier_sku":"WCS-08","barcode":null,"atum_controlled":true,"out_stock_date":null,"out_stock_threshold":null,"inheritable":false,"inbound_stock":null,"stock_on_hold":0,"sold_today":0,"sales_last_days":0,"reserved_stock":null,"customer_returns":null,"warehouse_damage":null,"lost_in_post":null,"other_logs":null,"out_stock_days":0,"lost_sales":0,"has_location":null,"update_date":"2026-02-10T06:32:31","atum_locations":[],"atum_stock_status":"instock","restock_status":false,"low_stock_amount":"","sales_update_date":"2025-09-05T00:21:22","calc_backorders":null,"_links":{"self":[{"href":"https:\/\/aromasentia.com\/sv\/wp-json\/wp\/v2\/product\/215569","targetHints":{"allow":["GET"]}}],"collection":[{"href":"https:\/\/aromasentia.com\/sv\/wp-json\/wp\/v2\/product"}],"about":[{"href":"https:\/\/aromasentia.com\/sv\/wp-json\/wp\/v2\/types\/product"}],"replies":[{"embeddable":true,"href":"https:\/\/aromasentia.com\/sv\/wp-json\/wp\/v2\/comments?post=215569"}],"version-history":[{"count":0,"href":"https:\/\/aromasentia.com\/sv\/wp-json\/wp\/v2\/product\/215569\/revisions"}],"wp:featuredmedia":[{"embeddable":true,"href":"https:\/\/aromasentia.com\/sv\/wp-json\/wp\/v2\/media\/301576"}],"wp:attachment":[{"href":"https:\/\/aromasentia.com\/sv\/wp-json\/wp\/v2\/media?parent=215569"}],"wp:term":[{"taxonomy":"product_brand","embeddable":true,"href":"https:\/\/aromasentia.com\/sv\/wp-json\/wp\/v2\/product_brand?post=215569"},{"taxonomy":"product_cat","embeddable":true,"href":"https:\/\/aromasentia.com\/sv\/wp-json\/wp\/v2\/product_cat?post=215569"},{"taxonomy":"product_tag","embeddable":true,"href":"https:\/\/aromasentia.com\/sv\/wp-json\/wp\/v2\/product_tag?post=215569"}],"curies":[{"name":"wp","href":"https:\/\/api.w.org\/{rel}","templated":true}]}}