{"id":215567,"date":"2025-03-21T00:55:00","date_gmt":"2025-03-21T00:55:00","guid":{"rendered":"https:\/\/aromasentia.com\/product\/parma-violet-whipped-cream-soap-120g\/"},"modified":"2025-12-31T15:32:24","modified_gmt":"2025-12-31T15:32:24","slug":"parmaviol-vispad-tval-120g","status":"publish","type":"product","link":"https:\/\/aromasentia.com\/sv\/parmaviol-vispad-tval-120g\/","title":{"rendered":"Parmaviol Vispad Tv\u00e5l 120g"},"content":{"rendered":"<p style=\"text-align: justify;\">Denna f\u00f6rtjusande<strong>&nbsp;Violet Paradise Vispad Tv\u00e5l&nbsp;<\/strong>\u00e4r perfekt f\u00f6r att njuta av en lyxig badupplevelse. F\u00f6rdjupa dig i den f\u00e4ngslande doften av parmavioler och sk\u00e4m bort din hud med denna sammetslena mjuka tv\u00e5l.&nbsp;<\/p>\n<p style=\"text-align: justify;\">Den kr\u00e4miga konsistensen glider smidigt \u00f6ver din hud och skapar ett rikt l\u00f6dder som effektivt tar bort orenheter samtidigt som din hud k\u00e4nns uppfriskad och \u00e5terfuktad. Den har \u00e5terfuktande egenskaper som hj\u00e4lper till att f\u00f6rnya och \u00e5terfukta, vilket g\u00f6r att din hud k\u00e4nns silkeslen och smidig.&nbsp;<\/p>\n<p style=\"text-align: justify;\">Dessa tv\u00e5lar \u00e4r inte bara en sensorisk fr\u00f6jd utan ocks\u00e5 <strong>pl\u00e5geri-fria, parabenfria, SLS-fria och veganv\u00e4nliga<\/strong>.&nbsp;<\/p>\n<p style=\"text-align: justify;\">Violet Paradise Vispad Tv\u00e5l kommer s\u00e4kerligen att locka kunder med sin oemotst\u00e5ndliga doft och lyxiga formel.&nbsp;<\/p>\n<p style=\"text-align: justify;\">Oavsett om du vill skaffa dessa till din butik, presentbutik eller spa, \u00e4r det ett utm\u00e4rkt val. Tv\u00e5larna kombinerar kvalitet, \u00f6verseende och prisv\u00e4rdhet, vilket g\u00f6r dem till ett m\u00e5ste f\u00f6r dem som s\u00f6ker en touch av lyx.<\/p>\n","protected":false},"excerpt":{"rendered":"<p>Denna f\u00f6rtjusande&nbsp;Violet Paradise Vispad Tv\u00e5l&nbsp;\u00e4r perfekt f\u00f6r att njuta av en lyxig badupplevelse. F\u00f6rdjupa dig i den f\u00e4ngslande doften av parmavioler och sk\u00e4m bort din hud med denna sammetslena mjuka tv\u00e5l.&nbsp; Den kr\u00e4miga konsistensen glider smidigt \u00f6ver din hud och skapar ett rikt l\u00f6dder som effektivt tar bort orenheter samtidigt som din hud k\u00e4nns uppfriskad [&hellip;]<\/p>\n","protected":false},"featured_media":301446,"comment_status":"closed","ping_status":"open","template":"","meta":{"_angie_page":false},"product_brand":[],"product_cat":[12600,12884],"product_tag":[],"class_list":{"0":"post-215567","1":"product","2":"type-product","3":"status-publish","4":"has-post-thumbnail","6":"product_cat-bad-och-dusch","7":"product_cat-naturliga-tvalar","8":"pa_collection-whipped-cream-soap-sv","9":"pa_made-in-storbritannien","11":"first","12":"instock","13":"purchasable","14":"product-type-simple"},"supplier_id":null,"supplier_sku":"WCS-02","barcode":null,"atum_controlled":true,"out_stock_date":null,"out_stock_threshold":null,"inheritable":false,"inbound_stock":null,"stock_on_hold":0,"sold_today":0,"sales_last_days":0,"reserved_stock":null,"customer_returns":null,"warehouse_damage":null,"lost_in_post":null,"other_logs":null,"out_stock_days":0,"lost_sales":0,"has_location":null,"update_date":"2026-05-08T05:21:30","atum_locations":[],"atum_stock_status":"instock","restock_status":false,"low_stock_amount":"","sales_update_date":"2025-09-05T00:21:22","calc_backorders":null,"_links":{"self":[{"href":"https:\/\/aromasentia.com\/sv\/wp-json\/wp\/v2\/product\/215567","targetHints":{"allow":["GET"]}}],"collection":[{"href":"https:\/\/aromasentia.com\/sv\/wp-json\/wp\/v2\/product"}],"about":[{"href":"https:\/\/aromasentia.com\/sv\/wp-json\/wp\/v2\/types\/product"}],"replies":[{"embeddable":true,"href":"https:\/\/aromasentia.com\/sv\/wp-json\/wp\/v2\/comments?post=215567"}],"version-history":[{"count":0,"href":"https:\/\/aromasentia.com\/sv\/wp-json\/wp\/v2\/product\/215567\/revisions"}],"wp:featuredmedia":[{"embeddable":true,"href":"https:\/\/aromasentia.com\/sv\/wp-json\/wp\/v2\/media\/301446"}],"wp:attachment":[{"href":"https:\/\/aromasentia.com\/sv\/wp-json\/wp\/v2\/media?parent=215567"}],"wp:term":[{"taxonomy":"product_brand","embeddable":true,"href":"https:\/\/aromasentia.com\/sv\/wp-json\/wp\/v2\/product_brand?post=215567"},{"taxonomy":"product_cat","embeddable":true,"href":"https:\/\/aromasentia.com\/sv\/wp-json\/wp\/v2\/product_cat?post=215567"},{"taxonomy":"product_tag","embeddable":true,"href":"https:\/\/aromasentia.com\/sv\/wp-json\/wp\/v2\/product_tag?post=215567"}],"curies":[{"name":"wp","href":"https:\/\/api.w.org\/{rel}","templated":true}]}}