{"id":215566,"date":"2025-03-21T00:55:00","date_gmt":"2025-03-21T00:55:00","guid":{"rendered":"https:\/\/aromasentia.com\/product\/strawberry-kiwi-whipped-cream-soap-120g\/"},"modified":"2025-12-31T15:32:24","modified_gmt":"2025-12-31T15:32:24","slug":"jordgubbe-kiwi-vispad-tval-120g","status":"publish","type":"product","link":"https:\/\/aromasentia.com\/sv\/jordgubbe-kiwi-vispad-tval-120g\/","title":{"rendered":"Jordgubbe &#038; Kiwi Vispad Tv\u00e5l 120g"},"content":{"rendered":"<p style=\"text-align: justify;\">H\u00e4rliga<strong>&nbsp;Fruit Twister Vispad Tv\u00e5l&nbsp;<\/strong>&#8211; Sk\u00e4m bort dig med den friska och fruktiga doften av jordgubbar och kiwi samtidigt som du unnar din hud en lyxig badupplevelse.&nbsp;<\/p>\n<p style=\"text-align: justify;\">Den kr\u00e4miga konsistensen glider utan anstr\u00e4ngning \u00f6ver din hud och skapar ett rikt l\u00f6dder som effektivt tv\u00e4ttar bort orenheter samtidigt som din hud k\u00e4nns fr\u00e4sch och \u00e5terfuktad. Den inneh\u00e5ller fuktgivande egenskaper som hj\u00e4lper till att \u00e5terfukta och f\u00f6ryngra din hud, vilket g\u00f6r att den k\u00e4nns mjuk, smidig och vackert doftande.&nbsp;<\/p>\n<p style=\"text-align: justify;\">Dessa tv\u00e5lar \u00e4r inte bara en sensorisk fr\u00f6jd utan ocks\u00e5 <strong>pl\u00e5geri-fria, parabenfria, SLS-fria och veganv\u00e4nliga<\/strong>.&nbsp;<\/p>\n<p style=\"text-align: justify;\">Fruit Twister Vispad Tv\u00e5l kommer s\u00e4kerligen att locka kunder med sin oemotst\u00e5ndliga doft och lyxiga sammans\u00e4ttning.&nbsp;<\/p>\n<p style=\"text-align: justify;\">Oavsett om du funderar p\u00e5 att fylla p\u00e5 din butik, presentbutik eller spa, \u00e4r det ett utm\u00e4rkt val. Den kombinerar kvalitet, \u00f6verseende och prisv\u00e4rdhet, vilket g\u00f6r den till ett m\u00e5ste f\u00f6r dem som s\u00f6ker en touch av lyx.<\/p>\n","protected":false},"excerpt":{"rendered":"<p>H\u00e4rliga&nbsp;Fruit Twister Vispad Tv\u00e5l&nbsp;&#8211; Sk\u00e4m bort dig med den friska och fruktiga doften av jordgubbar och kiwi samtidigt som du unnar din hud en lyxig badupplevelse.&nbsp; Den kr\u00e4miga konsistensen glider utan anstr\u00e4ngning \u00f6ver din hud och skapar ett rikt l\u00f6dder som effektivt tv\u00e4ttar bort orenheter samtidigt som din hud k\u00e4nns fr\u00e4sch och \u00e5terfuktad. Den inneh\u00e5ller [&hellip;]<\/p>\n","protected":false},"featured_media":668438,"comment_status":"closed","ping_status":"open","template":"","meta":{"_angie_page":false},"product_brand":[],"product_cat":[12600,25845,26850,26549,12884],"product_tag":[],"class_list":{"0":"post-215566","1":"product","2":"type-product","3":"status-publish","4":"has-post-thumbnail","6":"product_cat-bad-och-dusch","7":"product_cat-dofter-aromer","8":"product_cat-fruktig","9":"product_cat-jordgubbar","10":"product_cat-naturliga-tvalar","11":"pa_collection-whipped-cream-soap-sv","12":"pa_made-in-storbritannien","14":"first","15":"instock","16":"purchasable","17":"product-type-simple"},"supplier_id":null,"supplier_sku":"WCS-03","barcode":null,"atum_controlled":true,"out_stock_date":null,"out_stock_threshold":null,"inheritable":false,"inbound_stock":null,"stock_on_hold":0,"sold_today":0,"sales_last_days":0,"reserved_stock":null,"customer_returns":null,"warehouse_damage":null,"lost_in_post":null,"other_logs":null,"out_stock_days":0,"lost_sales":0,"has_location":null,"update_date":"2026-05-04T00:05:00","atum_locations":[],"atum_stock_status":"instock","restock_status":false,"low_stock_amount":"","sales_update_date":"2025-09-05T00:21:22","calc_backorders":null,"_links":{"self":[{"href":"https:\/\/aromasentia.com\/sv\/wp-json\/wp\/v2\/product\/215566","targetHints":{"allow":["GET"]}}],"collection":[{"href":"https:\/\/aromasentia.com\/sv\/wp-json\/wp\/v2\/product"}],"about":[{"href":"https:\/\/aromasentia.com\/sv\/wp-json\/wp\/v2\/types\/product"}],"replies":[{"embeddable":true,"href":"https:\/\/aromasentia.com\/sv\/wp-json\/wp\/v2\/comments?post=215566"}],"version-history":[{"count":0,"href":"https:\/\/aromasentia.com\/sv\/wp-json\/wp\/v2\/product\/215566\/revisions"}],"wp:featuredmedia":[{"embeddable":true,"href":"https:\/\/aromasentia.com\/sv\/wp-json\/wp\/v2\/media\/668438"}],"wp:attachment":[{"href":"https:\/\/aromasentia.com\/sv\/wp-json\/wp\/v2\/media?parent=215566"}],"wp:term":[{"taxonomy":"product_brand","embeddable":true,"href":"https:\/\/aromasentia.com\/sv\/wp-json\/wp\/v2\/product_brand?post=215566"},{"taxonomy":"product_cat","embeddable":true,"href":"https:\/\/aromasentia.com\/sv\/wp-json\/wp\/v2\/product_cat?post=215566"},{"taxonomy":"product_tag","embeddable":true,"href":"https:\/\/aromasentia.com\/sv\/wp-json\/wp\/v2\/product_tag?post=215566"}],"curies":[{"name":"wp","href":"https:\/\/api.w.org\/{rel}","templated":true}]}}