{"id":215564,"date":"2025-03-21T00:55:53","date_gmt":"2025-03-21T00:55:53","guid":{"rendered":"https:\/\/aromasentia.com\/product\/warm-gingerbread-whipped-cream-soap-120g\/"},"modified":"2025-12-31T15:32:24","modified_gmt":"2025-12-31T15:32:24","slug":"varm-pepparkaka-vispad-tval-120g","status":"publish","type":"product","link":"https:\/\/aromasentia.com\/sv\/varm-pepparkaka-vispad-tval-120g\/","title":{"rendered":"Varm Pepparkaka Vispad Tv\u00e5l 120g"},"content":{"rendered":"<p style=\"text-align: justify;\">Njut av den tr\u00f6stande omfamningen av <strong>Varm Pepparkaka Vispad Tv\u00e5l<\/strong> (120g).&nbsp;<\/p>\n<p style=\"text-align: justify;\">Dyk in i den inbjudande och kryddiga doften av nybakade pepparkakor, som f\u00e5r upp k\u00e4nslan av mysighet och nostalgi. Denna lyxiga vispade tv\u00e5l reng\u00f6r och sk\u00e4mmer bort din hud samt ger en mjuk och \u00e5terfuktad k\u00e4nsla.&nbsp;<\/p>\n<p style=\"text-align: justify;\">Den \u00e4r berikad med en delikat touch av glitter, vilket f\u00f6rvandlar varje tv\u00e4tt till ett h\u00e4rligt sensoriskt \u00e4ventyr. Unna dig v\u00e4rmen av pepparkakor och en gnutta sofistikering med v\u00e5r glitterinfunderade vispade tv\u00e5l.&nbsp;<\/p>\n<p style=\"text-align: justify;\"><strong><span style=\"color: rgb(84, 172, 210);\">Doftprofil:&nbsp;<\/span><\/strong><\/p>\n<p style=\"text-align: justify;\"><strong>Toppnoter:<\/strong> Apelsin &#8211; Kanel&nbsp;<\/p>\n<p style=\"text-align: justify;\"><strong>Hj\u00e4rtnoter:<\/strong> Ingef\u00e4ra-kryddor&nbsp;<\/p>\n<p style=\"text-align: justify;\"><strong>Basnoter:<\/strong> Sm\u00f6rkex &#8211; Socker &#8211; Vanilj<\/p>\n","protected":false},"excerpt":{"rendered":"<p>Njut av den tr\u00f6stande omfamningen av Varm Pepparkaka Vispad Tv\u00e5l (120g).&nbsp; Dyk in i den inbjudande och kryddiga doften av nybakade pepparkakor, som f\u00e5r upp k\u00e4nslan av mysighet och nostalgi. Denna lyxiga vispade tv\u00e5l reng\u00f6r och sk\u00e4mmer bort din hud samt ger en mjuk och \u00e5terfuktad k\u00e4nsla.&nbsp; Den \u00e4r berikad med en delikat touch av [&hellip;]<\/p>\n","protected":false},"featured_media":301750,"comment_status":"closed","ping_status":"open","template":"","meta":{"_angie_page":false},"product_brand":[],"product_cat":[12600,25845,26025,26892,12884],"product_tag":[],"class_list":{"0":"post-215564","1":"product","2":"type-product","3":"status-publish","4":"has-post-thumbnail","6":"product_cat-bad-och-dusch","7":"product_cat-dofter-aromer","8":"product_cat-ingefara","9":"product_cat-kryddig","10":"product_cat-naturliga-tvalar","11":"pa_collection-whipped-cream-soap-sv","12":"pa_made-in-storbritannien","14":"first","15":"instock","16":"purchasable","17":"product-type-simple"},"supplier_id":null,"supplier_sku":"WCS-10","barcode":null,"atum_controlled":true,"out_stock_date":null,"out_stock_threshold":null,"inheritable":false,"inbound_stock":null,"stock_on_hold":0,"sold_today":0,"sales_last_days":0,"reserved_stock":null,"customer_returns":null,"warehouse_damage":null,"lost_in_post":null,"other_logs":null,"out_stock_days":0,"lost_sales":0,"has_location":null,"update_date":"2026-05-08T05:21:30","atum_locations":[],"atum_stock_status":"instock","restock_status":false,"low_stock_amount":"","sales_update_date":"2026-01-30T01:24:59","calc_backorders":null,"_links":{"self":[{"href":"https:\/\/aromasentia.com\/sv\/wp-json\/wp\/v2\/product\/215564","targetHints":{"allow":["GET"]}}],"collection":[{"href":"https:\/\/aromasentia.com\/sv\/wp-json\/wp\/v2\/product"}],"about":[{"href":"https:\/\/aromasentia.com\/sv\/wp-json\/wp\/v2\/types\/product"}],"replies":[{"embeddable":true,"href":"https:\/\/aromasentia.com\/sv\/wp-json\/wp\/v2\/comments?post=215564"}],"version-history":[{"count":0,"href":"https:\/\/aromasentia.com\/sv\/wp-json\/wp\/v2\/product\/215564\/revisions"}],"wp:featuredmedia":[{"embeddable":true,"href":"https:\/\/aromasentia.com\/sv\/wp-json\/wp\/v2\/media\/301750"}],"wp:attachment":[{"href":"https:\/\/aromasentia.com\/sv\/wp-json\/wp\/v2\/media?parent=215564"}],"wp:term":[{"taxonomy":"product_brand","embeddable":true,"href":"https:\/\/aromasentia.com\/sv\/wp-json\/wp\/v2\/product_brand?post=215564"},{"taxonomy":"product_cat","embeddable":true,"href":"https:\/\/aromasentia.com\/sv\/wp-json\/wp\/v2\/product_cat?post=215564"},{"taxonomy":"product_tag","embeddable":true,"href":"https:\/\/aromasentia.com\/sv\/wp-json\/wp\/v2\/product_tag?post=215564"}],"curies":[{"name":"wp","href":"https:\/\/api.w.org\/{rel}","templated":true}]}}