{"id":215563,"date":"2025-03-21T00:55:53","date_gmt":"2025-03-21T00:55:53","guid":{"rendered":"https:\/\/aromasentia.com\/product\/frosted-sugar-plum-whipped-cream-soap-120g\/"},"modified":"2025-12-31T15:32:24","modified_gmt":"2025-12-31T15:32:24","slug":"frostat-sockerplommon-vispad-tval-120g","status":"publish","type":"product","link":"https:\/\/aromasentia.com\/sv\/frostat-sockerplommon-vispad-tval-120g\/","title":{"rendered":"Frostat Sockerplommon Vispad Tv\u00e5l 120g"},"content":{"rendered":"<p style=\"text-align: justify;\">Njut av den f\u00f6rtrollande k\u00e4nslan av <strong>Frostat Sockerplommon Vispad Tv\u00e5l<\/strong> (120g).&nbsp;<\/p>\n<p style=\"text-align: justify;\">Denna \u00f6verd\u00e5diga tv\u00e5l ger din reng\u00f6ringsritual en touch av f\u00f6rtrollning, och f\u00f6renar s\u00f6tman av sockerplommon med en frostig lockelse. Den \u00f6verseende vispade strukturen glider graci\u00f6st \u00f6ver din hud och ger mjukhet och \u00e5terfuktning, medan dess subtila glimmar av glitter ger skimrande elegans.&nbsp;<\/p>\n<p style=\"text-align: justify;\">Ta din badrutin till en ny niv\u00e5 med den lekfulla essensen av frostade plommon, inkapslad i denna f\u00f6rtjusande tv\u00e5l som b\u00e5de sk\u00e4mmer bort och l\u00e4gger till en touch av magi till din dagliga reng\u00f6ringsritual.&nbsp;<\/p>\n<p style=\"text-align: justify;\"><strong><span style=\"color: rgb(84, 172, 210);\">Doftprofil:&nbsp;<\/span><\/strong><\/p>\n<p style=\"text-align: justify;\"><strong>Toppnoter:<\/strong> Plommon &#8211; Vinterb\u00e4r&nbsp;<\/p>\n<p style=\"text-align: justify;\"><strong>Hj\u00e4rtnoter:&nbsp;<\/strong>Socker&nbsp;<\/p>\n<p style=\"text-align: justify;\"><strong>Basnoter:<\/strong> Vanilj<\/p>\n","protected":false},"excerpt":{"rendered":"<p>Njut av den f\u00f6rtrollande k\u00e4nslan av Frostat Sockerplommon Vispad Tv\u00e5l (120g).&nbsp; Denna \u00f6verd\u00e5diga tv\u00e5l ger din reng\u00f6ringsritual en touch av f\u00f6rtrollning, och f\u00f6renar s\u00f6tman av sockerplommon med en frostig lockelse. Den \u00f6verseende vispade strukturen glider graci\u00f6st \u00f6ver din hud och ger mjukhet och \u00e5terfuktning, medan dess subtila glimmar av glitter ger skimrande elegans.&nbsp; Ta din [&hellip;]<\/p>\n","protected":false},"featured_media":301717,"comment_status":"closed","ping_status":"open","template":"","meta":{"_angie_page":false},"product_brand":[],"product_cat":[12600,12884],"product_tag":[],"class_list":{"0":"post-215563","1":"product","2":"type-product","3":"status-publish","4":"has-post-thumbnail","6":"product_cat-bad-och-dusch","7":"product_cat-naturliga-tvalar","8":"pa_collection-whipped-cream-soap-sv","9":"pa_made-in-storbritannien","11":"first","12":"instock","13":"purchasable","14":"product-type-simple"},"supplier_id":null,"supplier_sku":"WCS-11","barcode":null,"atum_controlled":true,"out_stock_date":null,"out_stock_threshold":null,"inheritable":false,"inbound_stock":null,"stock_on_hold":0,"sold_today":0,"sales_last_days":0,"reserved_stock":null,"customer_returns":null,"warehouse_damage":null,"lost_in_post":null,"other_logs":null,"out_stock_days":0,"lost_sales":0,"has_location":null,"update_date":"2026-05-08T05:21:30","atum_locations":[],"atum_stock_status":"instock","restock_status":false,"low_stock_amount":"","sales_update_date":"2025-09-05T00:21:22","calc_backorders":null,"_links":{"self":[{"href":"https:\/\/aromasentia.com\/sv\/wp-json\/wp\/v2\/product\/215563","targetHints":{"allow":["GET"]}}],"collection":[{"href":"https:\/\/aromasentia.com\/sv\/wp-json\/wp\/v2\/product"}],"about":[{"href":"https:\/\/aromasentia.com\/sv\/wp-json\/wp\/v2\/types\/product"}],"replies":[{"embeddable":true,"href":"https:\/\/aromasentia.com\/sv\/wp-json\/wp\/v2\/comments?post=215563"}],"version-history":[{"count":0,"href":"https:\/\/aromasentia.com\/sv\/wp-json\/wp\/v2\/product\/215563\/revisions"}],"wp:featuredmedia":[{"embeddable":true,"href":"https:\/\/aromasentia.com\/sv\/wp-json\/wp\/v2\/media\/301717"}],"wp:attachment":[{"href":"https:\/\/aromasentia.com\/sv\/wp-json\/wp\/v2\/media?parent=215563"}],"wp:term":[{"taxonomy":"product_brand","embeddable":true,"href":"https:\/\/aromasentia.com\/sv\/wp-json\/wp\/v2\/product_brand?post=215563"},{"taxonomy":"product_cat","embeddable":true,"href":"https:\/\/aromasentia.com\/sv\/wp-json\/wp\/v2\/product_cat?post=215563"},{"taxonomy":"product_tag","embeddable":true,"href":"https:\/\/aromasentia.com\/sv\/wp-json\/wp\/v2\/product_tag?post=215563"}],"curies":[{"name":"wp","href":"https:\/\/api.w.org\/{rel}","templated":true}]}}