{"id":215562,"date":"2025-03-21T00:55:53","date_gmt":"2025-03-21T00:55:53","guid":{"rendered":"https:\/\/aromasentia.com\/product\/festive-morning-whipped-cream-soap-120g\/"},"modified":"2025-12-31T15:32:24","modified_gmt":"2025-12-31T15:32:24","slug":"julmorgon-vispad-tval-120g","status":"publish","type":"product","link":"https:\/\/aromasentia.com\/sv\/julmorgon-vispad-tval-120g\/","title":{"rendered":"Julmorgon Vispad Tv\u00e5l 120g"},"content":{"rendered":"<p style=\"text-align: justify;\">Ge dig ut p\u00e5 en f\u00f6rtrollande resa med <strong>Julmorgon Vispad Tv\u00e5l&nbsp;<\/strong>(120g).&nbsp;<\/p>\n<p style=\"text-align: justify;\">Kliv in i en duschupplevelse olik alla andra n\u00e4r du njuter av den sammetslena texturen som reng\u00f6r och \u00e5terfuktar.&nbsp;<\/p>\n<p style=\"text-align: justify;\">Denna tv\u00e5l \u00e4r kompletterad med en antydan av skimrande glitter och prydd med delikata sockerjulgranar, och den ger en magisk touch till din morgonrutin.&nbsp;<\/p>\n<p style=\"text-align: justify;\">L\u00e5t den subtila doften och den festliga atmosf\u00e4ren f\u00f6rvandla din badritual till en gl\u00e4djefylld fest.&nbsp;<\/p>\n<p style=\"text-align: justify;\"><strong><span style=\"color: rgb(84, 172, 210);\">Doftprofil:&nbsp;<\/span><\/strong><\/p>\n<p style=\"text-align: justify;\"><strong>Toppnoter:&nbsp;<\/strong>Mocka &#8211; Rosa Peppar &#8211; Violblad &#8211; Saffran&nbsp;<\/p>\n<p style=\"text-align: justify;\"><strong>Hj\u00e4rtnoter:<\/strong> Lilja &#8211; Jasmin &#8211; Orris &#8211; Kanel&nbsp;<\/p>\n<p style=\"text-align: justify;\"><strong>Basnoter:&nbsp;<\/strong>L\u00e4der &#8211; Patchouli &#8211; Sandeltr\u00e4 &#8211; B\u00e4rnsten &#8211; Sammetstr\u00e4 &#8211; Agartr\u00e4<\/p>\n","protected":false},"excerpt":{"rendered":"<p>Ge dig ut p\u00e5 en f\u00f6rtrollande resa med Julmorgon Vispad Tv\u00e5l&nbsp;(120g).&nbsp; Kliv in i en duschupplevelse olik alla andra n\u00e4r du njuter av den sammetslena texturen som reng\u00f6r och \u00e5terfuktar.&nbsp; Denna tv\u00e5l \u00e4r kompletterad med en antydan av skimrande glitter och prydd med delikata sockerjulgranar, och den ger en magisk touch till din morgonrutin.&nbsp; L\u00e5t [&hellip;]<\/p>\n","protected":false},"featured_media":301692,"comment_status":"closed","ping_status":"open","template":"","meta":{"_angie_page":false},"product_brand":[],"product_cat":[12600,12884],"product_tag":[],"class_list":{"0":"post-215562","1":"product","2":"type-product","3":"status-publish","4":"has-post-thumbnail","6":"product_cat-bad-och-dusch","7":"product_cat-naturliga-tvalar","8":"pa_collection-whipped-cream-soap-sv","9":"pa_made-in-storbritannien","11":"first","12":"instock","13":"purchasable","14":"product-type-simple"},"supplier_id":null,"supplier_sku":"WCS-12","barcode":null,"atum_controlled":true,"out_stock_date":null,"out_stock_threshold":null,"inheritable":false,"inbound_stock":null,"stock_on_hold":0,"sold_today":0,"sales_last_days":0,"reserved_stock":null,"customer_returns":null,"warehouse_damage":null,"lost_in_post":null,"other_logs":null,"out_stock_days":0,"lost_sales":0,"has_location":null,"update_date":"2026-05-08T05:21:30","atum_locations":[],"atum_stock_status":"instock","restock_status":false,"low_stock_amount":"","sales_update_date":"2025-09-05T00:21:22","calc_backorders":null,"_links":{"self":[{"href":"https:\/\/aromasentia.com\/sv\/wp-json\/wp\/v2\/product\/215562","targetHints":{"allow":["GET"]}}],"collection":[{"href":"https:\/\/aromasentia.com\/sv\/wp-json\/wp\/v2\/product"}],"about":[{"href":"https:\/\/aromasentia.com\/sv\/wp-json\/wp\/v2\/types\/product"}],"replies":[{"embeddable":true,"href":"https:\/\/aromasentia.com\/sv\/wp-json\/wp\/v2\/comments?post=215562"}],"version-history":[{"count":0,"href":"https:\/\/aromasentia.com\/sv\/wp-json\/wp\/v2\/product\/215562\/revisions"}],"wp:featuredmedia":[{"embeddable":true,"href":"https:\/\/aromasentia.com\/sv\/wp-json\/wp\/v2\/media\/301692"}],"wp:attachment":[{"href":"https:\/\/aromasentia.com\/sv\/wp-json\/wp\/v2\/media?parent=215562"}],"wp:term":[{"taxonomy":"product_brand","embeddable":true,"href":"https:\/\/aromasentia.com\/sv\/wp-json\/wp\/v2\/product_brand?post=215562"},{"taxonomy":"product_cat","embeddable":true,"href":"https:\/\/aromasentia.com\/sv\/wp-json\/wp\/v2\/product_cat?post=215562"},{"taxonomy":"product_tag","embeddable":true,"href":"https:\/\/aromasentia.com\/sv\/wp-json\/wp\/v2\/product_tag?post=215562"}],"curies":[{"name":"wp","href":"https:\/\/api.w.org\/{rel}","templated":true}]}}