{"id":215561,"date":"2025-03-21T00:55:53","date_gmt":"2025-03-21T00:55:53","guid":{"rendered":"https:\/\/aromasentia.com\/product\/cosy-winter-nights-whipped-cream-soap-120g\/"},"modified":"2025-12-31T15:32:24","modified_gmt":"2025-12-31T15:32:24","slug":"mysiga-vinterkvallar-vispad-tval-120g","status":"publish","type":"product","link":"https:\/\/aromasentia.com\/sv\/mysiga-vinterkvallar-vispad-tval-120g\/","title":{"rendered":"Mysiga Vinterkv\u00e4llar Vispad Tv\u00e5l 120g"},"content":{"rendered":"<p style=\"text-align: justify;\">Sl\u00e5 in dig i den f\u00f6rtrollande atmosf\u00e4ren av <strong>Mysiga Vinterkv\u00e4llar Vispad Tv\u00e5l<\/strong> (120g).&nbsp;<\/p>\n<p style=\"text-align: justify;\">Denna \u00f6verd\u00e5diga tv\u00e5l \u00e4r formulerad f\u00f6r att erbjuda en tr\u00f6stande reng\u00f6ringsupplevelse, som l\u00e4mnar din hud n\u00e4rd och sammetslen vid ber\u00f6ring.&nbsp;<\/p>\n<p style=\"text-align: justify;\">Den \u00e4r kompletterad med en subtil antydan av skimrande glitter och prydd med delikata sockerstj\u00e4rnor, och den f\u00f6rvandlar din badrutin till en gnistrande och lugn tillflyktsort, perfekt l\u00e4mpad f\u00f6r att omfamna vinterns magi.&nbsp;<\/p>\n<p style=\"text-align: justify;\"><strong><span style=\"color: rgb(84, 172, 210);\">Doftprofil:&nbsp;<\/span><\/strong><\/p>\n<p style=\"text-align: justify;\"><strong>Toppnoter:<\/strong> Kanel &#8211; Kryddnejlika&nbsp;<\/p>\n<p style=\"text-align: justify;\"><strong>Hj\u00e4rtnoter:&nbsp;<\/strong>Jasmin &#8211; Violett &#8211; Ros&nbsp;<\/p>\n<p style=\"text-align: justify;\"><strong>Basnoter:<\/strong> Kashmir &#8211; Tr\u00e4 &#8211; Mysk &#8211; Vanilj &#8211; Saffran<\/p>\n","protected":false},"excerpt":{"rendered":"<p>Sl\u00e5 in dig i den f\u00f6rtrollande atmosf\u00e4ren av Mysiga Vinterkv\u00e4llar Vispad Tv\u00e5l (120g).&nbsp; Denna \u00f6verd\u00e5diga tv\u00e5l \u00e4r formulerad f\u00f6r att erbjuda en tr\u00f6stande reng\u00f6ringsupplevelse, som l\u00e4mnar din hud n\u00e4rd och sammetslen vid ber\u00f6ring.&nbsp; Den \u00e4r kompletterad med en subtil antydan av skimrande glitter och prydd med delikata sockerstj\u00e4rnor, och den f\u00f6rvandlar din badrutin till en [&hellip;]<\/p>\n","protected":false},"featured_media":668502,"comment_status":"closed","ping_status":"open","template":"","meta":{"_angie_page":false},"product_brand":[],"product_cat":[12600,12884],"product_tag":[],"class_list":{"0":"post-215561","1":"product","2":"type-product","3":"status-publish","4":"has-post-thumbnail","6":"product_cat-bad-och-dusch","7":"product_cat-naturliga-tvalar","8":"pa_collection-whipped-cream-soap-sv","9":"pa_made-in-storbritannien","11":"first","12":"instock","13":"purchasable","14":"product-type-simple"},"supplier_id":null,"supplier_sku":"WCS-13","barcode":null,"atum_controlled":true,"out_stock_date":null,"out_stock_threshold":null,"inheritable":false,"inbound_stock":null,"stock_on_hold":0,"sold_today":0,"sales_last_days":0,"reserved_stock":null,"customer_returns":null,"warehouse_damage":null,"lost_in_post":null,"other_logs":null,"out_stock_days":0,"lost_sales":0,"has_location":null,"update_date":"2026-05-08T05:21:30","atum_locations":[],"atum_stock_status":"instock","restock_status":false,"low_stock_amount":"","sales_update_date":"2025-09-05T00:21:21","calc_backorders":null,"_links":{"self":[{"href":"https:\/\/aromasentia.com\/sv\/wp-json\/wp\/v2\/product\/215561","targetHints":{"allow":["GET"]}}],"collection":[{"href":"https:\/\/aromasentia.com\/sv\/wp-json\/wp\/v2\/product"}],"about":[{"href":"https:\/\/aromasentia.com\/sv\/wp-json\/wp\/v2\/types\/product"}],"replies":[{"embeddable":true,"href":"https:\/\/aromasentia.com\/sv\/wp-json\/wp\/v2\/comments?post=215561"}],"version-history":[{"count":0,"href":"https:\/\/aromasentia.com\/sv\/wp-json\/wp\/v2\/product\/215561\/revisions"}],"wp:featuredmedia":[{"embeddable":true,"href":"https:\/\/aromasentia.com\/sv\/wp-json\/wp\/v2\/media\/668502"}],"wp:attachment":[{"href":"https:\/\/aromasentia.com\/sv\/wp-json\/wp\/v2\/media?parent=215561"}],"wp:term":[{"taxonomy":"product_brand","embeddable":true,"href":"https:\/\/aromasentia.com\/sv\/wp-json\/wp\/v2\/product_brand?post=215561"},{"taxonomy":"product_cat","embeddable":true,"href":"https:\/\/aromasentia.com\/sv\/wp-json\/wp\/v2\/product_cat?post=215561"},{"taxonomy":"product_tag","embeddable":true,"href":"https:\/\/aromasentia.com\/sv\/wp-json\/wp\/v2\/product_tag?post=215561"}],"curies":[{"name":"wp","href":"https:\/\/api.w.org\/{rel}","templated":true}]}}