{"id":215553,"date":"2025-03-21T00:56:52","date_gmt":"2025-03-21T00:56:52","guid":{"rendered":"https:\/\/aromasentia.com\/product\/hemu-wood-soap-dish-groovy\/"},"modified":"2025-12-31T15:32:16","modified_gmt":"2025-12-31T15:32:16","slug":"tvalfat-i-tra-rafflad","status":"publish","type":"product","link":"https:\/\/aromasentia.com\/sv\/tvalfat-i-tra-rafflad\/","title":{"rendered":"Tv\u00e5lfat i Tr\u00e4 &#8211; R\u00e4fflad"},"content":{"rendered":"<p style=\"text-align: justify;\">Dessa <strong>Tv\u00e5lfat i T<\/strong><strong>r\u00e4 &#8211; R\u00e4fflad&nbsp;<\/strong>kommer att h\u00e5lla dina naturliga handgjorda tv\u00e5lar dr\u00e4nerade v\u00e4l mellan anv\u00e4ndningarna, vilket g\u00f6r att tv\u00e5len h\u00e5ller sig torr och varar l\u00e4ngre.&nbsp;<\/p>\n<p style=\"text-align: justify;\">Ingen gillar n\u00e4r deras tv\u00e5l blir mjuk och g\u00e5r s\u00f6nder. V\u00e5rt h\u00e4rliga tv\u00e5lfat l\u00e5ter luft fl\u00f6da runt tv\u00e5len f\u00f6r att hj\u00e4lpa den att torka ut mellan anv\u00e4ndningarna. Det ser b\u00e5de snyggt ut och \u00e4r v\u00e4ldigt praktiskt! Vad mer kan man \u00f6nska sig av ett tv\u00e5lfat?&nbsp;<\/p>\n<p style=\"text-align: justify;\">F\u00f6r att inte tala om dess stora v\u00e4rde och kvalitet. Den \u00e4r gjord av hemu-tr\u00e4, vilket \u00e4r ett h\u00e5llbart tr\u00e4 som kommer fr\u00e5n gugar-tr\u00e4det.&nbsp;<\/p>\n<p style=\"text-align: justify;\">Dessutom \u00e4r den individuellt inslagen i papper och streckkodad, s\u00e5 ingen mer plast!<\/p>\n<p style=\"text-align: justify;\"><strong><span style=\"color: rgb(84, 172, 210);\">Dessa kommer s\u00e4kerligen att vara en fantastisk s\u00e4ljare, s\u00e5 best\u00e4ll n\u00e5gra redan idag f\u00f6r att f\u00e5 ett leende p\u00e5 dina kunders l\u00e4ppar!&nbsp;<\/span><\/strong>?<\/p>\n","protected":false},"excerpt":{"rendered":"<p>Dessa Tv\u00e5lfat i Tr\u00e4 &#8211; R\u00e4fflad&nbsp;kommer att h\u00e5lla dina naturliga handgjorda tv\u00e5lar dr\u00e4nerade v\u00e4l mellan anv\u00e4ndningarna, vilket g\u00f6r att tv\u00e5len h\u00e5ller sig torr och varar l\u00e4ngre.&nbsp; Ingen gillar n\u00e4r deras tv\u00e5l blir mjuk och g\u00e5r s\u00f6nder. V\u00e5rt h\u00e4rliga tv\u00e5lfat l\u00e5ter luft fl\u00f6da runt tv\u00e5len f\u00f6r att hj\u00e4lpa den att torka ut mellan anv\u00e4ndningarna. Det ser [&hellip;]<\/p>\n","protected":false},"featured_media":302062,"comment_status":"closed","ping_status":"open","template":"","meta":[],"product_brand":[],"product_cat":[12600,12871],"product_tag":[],"class_list":{"0":"post-215553","1":"product","2":"type-product","3":"status-publish","4":"has-post-thumbnail","6":"product_cat-bad-och-dusch","7":"product_cat-tvalfat-och-tvaldispenser","8":"pa_collection-wooden-soap-dishes-sv","9":"pa_made-in-kina","11":"first","12":"instock","13":"purchasable","14":"product-type-simple"},"supplier_id":null,"supplier_sku":"WSoapD-10","barcode":null,"atum_controlled":true,"out_stock_date":null,"out_stock_threshold":null,"inheritable":false,"inbound_stock":0,"stock_on_hold":0,"sold_today":0,"sales_last_days":0,"reserved_stock":0,"customer_returns":0,"warehouse_damage":0,"lost_in_post":0,"other_logs":0,"out_stock_days":0,"lost_sales":0,"has_location":false,"update_date":"2026-02-08T21:09:18","atum_locations":[],"atum_stock_status":"instock","restock_status":false,"low_stock_amount":"","sales_update_date":"2025-09-05T00:21:27","calc_backorders":null,"_links":{"self":[{"href":"https:\/\/aromasentia.com\/sv\/wp-json\/wp\/v2\/product\/215553","targetHints":{"allow":["GET"]}}],"collection":[{"href":"https:\/\/aromasentia.com\/sv\/wp-json\/wp\/v2\/product"}],"about":[{"href":"https:\/\/aromasentia.com\/sv\/wp-json\/wp\/v2\/types\/product"}],"replies":[{"embeddable":true,"href":"https:\/\/aromasentia.com\/sv\/wp-json\/wp\/v2\/comments?post=215553"}],"version-history":[{"count":0,"href":"https:\/\/aromasentia.com\/sv\/wp-json\/wp\/v2\/product\/215553\/revisions"}],"wp:featuredmedia":[{"embeddable":true,"href":"https:\/\/aromasentia.com\/sv\/wp-json\/wp\/v2\/media\/302062"}],"wp:attachment":[{"href":"https:\/\/aromasentia.com\/sv\/wp-json\/wp\/v2\/media?parent=215553"}],"wp:term":[{"taxonomy":"product_brand","embeddable":true,"href":"https:\/\/aromasentia.com\/sv\/wp-json\/wp\/v2\/product_brand?post=215553"},{"taxonomy":"product_cat","embeddable":true,"href":"https:\/\/aromasentia.com\/sv\/wp-json\/wp\/v2\/product_cat?post=215553"},{"taxonomy":"product_tag","embeddable":true,"href":"https:\/\/aromasentia.com\/sv\/wp-json\/wp\/v2\/product_tag?post=215553"}],"curies":[{"name":"wp","href":"https:\/\/api.w.org\/{rel}","templated":true}]}}