{"id":215552,"date":"2025-03-21T00:56:52","date_gmt":"2025-03-21T00:56:52","guid":{"rendered":"https:\/\/aromasentia.com\/product\/wild-hare-solid-shampoo-60g-orchid\/"},"modified":"2025-12-31T15:32:16","modified_gmt":"2025-12-31T15:32:16","slug":"wild-hare-fast-schampo-60g-orkide","status":"publish","type":"product","link":"https:\/\/aromasentia.com\/sv\/wild-hare-fast-schampo-60g-orkide\/","title":{"rendered":"Wild Hare Fast Schampo 60g &#8211; Orkid\u00e9"},"content":{"rendered":"<p style=\"text-align: justify;\">S\u00e4g adj\u00f6 till d\u00e5liga-h\u00e5rdagar med <strong>Wild Hare Fast Schampo &#8211; Orkid&eacute;<\/strong>.&nbsp;<\/p>\n<p style=\"text-align: justify;\">Wild Hare Schampo \u00e4r l\u00e4mplig f\u00f6r vegetarianer och veganer ocks\u00e5, den \u00e4r plastfri, SLS-, SLES- och parabenfri.&nbsp;<\/p>\n<p style=\"text-align: justify;\">Ta g\u00e4rna en titt p\u00e5 v\u00e5r Aromaterapi Shea Kroppssm\u00f6r, kanske skulle du vilja skapa ett presentset med bad-, kropp- och h\u00e5rprodukter.&nbsp;<\/p>\n<p style=\"text-align: justify;\"><strong>Anv\u00e4ndarinstruktioner:&nbsp;<\/strong><\/p>\n<p style=\"text-align: justify;\">Fukta det fasta schampot mellan h\u00e4nderna. Gnid in det i h\u00e4nderna eller i h\u00e5rbotten. Schampot kommer att skumma och sl\u00e4ppa en oemotst\u00e5ndlig doft.&nbsp;<\/p>\n<p style=\"text-align: justify;\"><strong>F\u00f6rvaring:&nbsp;<\/strong><\/p>\n<p style=\"text-align: justify;\">F\u00f6rvara p\u00e5 en sval torr plats, helst i en v\u00e4ldr\u00e4nerad tv\u00e5lkopp.&nbsp;<\/p>\n<p style=\"text-align: justify;\">Schampo m\u00e5tt: 6x2cm&nbsp;<\/p>\n<p style=\"text-align: justify;\"><strong>OBS:<\/strong> Storlekar kan variera n\u00e5got beroende p\u00e5 egenskaperna hos handgjorda produkter.&nbsp;<\/p>\n<p style=\"text-align: justify;\">* Tillverkad i Storbritannien * Resev\u00e4nlig 60g * Cirka 40 &#8211; 60 tv\u00e4ttar vardera * Vegansk *&nbsp;<\/p>\n<p style=\"text-align: justify;\"><strong><span style=\"color: rgb(84, 172, 210);\">L\u00e5t inte dessa fantastiska schampo glida genom dina h\u00e4nder. Fyll p\u00e5 nu!<\/span><\/strong><\/p>\n","protected":false},"excerpt":{"rendered":"<p>S\u00e4g adj\u00f6 till d\u00e5liga-h\u00e5rdagar med Wild Hare Fast Schampo &#8211; Orkid&eacute;.&nbsp; Wild Hare Schampo \u00e4r l\u00e4mplig f\u00f6r vegetarianer och veganer ocks\u00e5, den \u00e4r plastfri, SLS-, SLES- och parabenfri.&nbsp; Ta g\u00e4rna en titt p\u00e5 v\u00e5r Aromaterapi Shea Kroppssm\u00f6r, kanske skulle du vilja skapa ett presentset med bad-, kropp- och h\u00e5rprodukter.&nbsp; Anv\u00e4ndarinstruktioner:&nbsp; Fukta det fasta schampot mellan [&hellip;]<\/p>\n","protected":false},"featured_media":302029,"comment_status":"closed","ping_status":"open","template":"","meta":[],"product_brand":[27161],"product_cat":[12600,12875],"product_tag":[],"class_list":{"0":"post-215552","1":"product","2":"type-product","3":"status-publish","4":"has-post-thumbnail","6":"product_brand-wild-hare","7":"product_cat-bad-och-dusch","8":"product_cat-harvard","9":"pa_collection-wild-hare-solid-shampoo-60g-sv","10":"pa_made-in-storbritannien","11":"pa_size-60g","13":"first","14":"instock","15":"purchasable","16":"product-type-simple"},"supplier_id":null,"supplier_sku":"WHSS-01","barcode":null,"atum_controlled":true,"out_stock_date":null,"out_stock_threshold":null,"inheritable":false,"inbound_stock":0,"stock_on_hold":0,"sold_today":0,"sales_last_days":0,"reserved_stock":0,"customer_returns":0,"warehouse_damage":0,"lost_in_post":0,"other_logs":0,"out_stock_days":0,"lost_sales":0,"has_location":false,"update_date":"2026-02-10T10:27:39","atum_locations":[],"atum_stock_status":"instock","restock_status":false,"low_stock_amount":"","sales_update_date":"2025-09-05T00:21:26","calc_backorders":null,"_links":{"self":[{"href":"https:\/\/aromasentia.com\/sv\/wp-json\/wp\/v2\/product\/215552","targetHints":{"allow":["GET"]}}],"collection":[{"href":"https:\/\/aromasentia.com\/sv\/wp-json\/wp\/v2\/product"}],"about":[{"href":"https:\/\/aromasentia.com\/sv\/wp-json\/wp\/v2\/types\/product"}],"replies":[{"embeddable":true,"href":"https:\/\/aromasentia.com\/sv\/wp-json\/wp\/v2\/comments?post=215552"}],"version-history":[{"count":0,"href":"https:\/\/aromasentia.com\/sv\/wp-json\/wp\/v2\/product\/215552\/revisions"}],"wp:featuredmedia":[{"embeddable":true,"href":"https:\/\/aromasentia.com\/sv\/wp-json\/wp\/v2\/media\/302029"}],"wp:attachment":[{"href":"https:\/\/aromasentia.com\/sv\/wp-json\/wp\/v2\/media?parent=215552"}],"wp:term":[{"taxonomy":"product_brand","embeddable":true,"href":"https:\/\/aromasentia.com\/sv\/wp-json\/wp\/v2\/product_brand?post=215552"},{"taxonomy":"product_cat","embeddable":true,"href":"https:\/\/aromasentia.com\/sv\/wp-json\/wp\/v2\/product_cat?post=215552"},{"taxonomy":"product_tag","embeddable":true,"href":"https:\/\/aromasentia.com\/sv\/wp-json\/wp\/v2\/product_tag?post=215552"}],"curies":[{"name":"wp","href":"https:\/\/api.w.org\/{rel}","templated":true}]}}