{"id":215544,"date":"2025-03-21T00:57:40","date_gmt":"2025-03-21T00:57:40","guid":{"rendered":"https:\/\/aromasentia.com\/product\/christmas-fun-bath-bomb-gift-pack\/"},"modified":"2025-12-31T15:32:09","modified_gmt":"2025-12-31T15:32:09","slug":"gavoset-med-julinspirerade-badbomber-kul-i-jul","status":"publish","type":"product","link":"https:\/\/aromasentia.com\/sv\/gavoset-med-julinspirerade-badbomber-kul-i-jul\/","title":{"rendered":"G\u00e5voset med Julinspirerade Badbomber &#8211; Kul i Jul"},"content":{"rendered":"<p style=\"text-align: justify;\"><strong>G\u00f6r dig redo att sprida riktigt festliga vibbar med detta fantastiska G\u00e5voset med Julinspirerade Badbomber &#8211; Kul i Jul.<\/strong><\/p>\n<p style=\"text-align: justify;\">Oavsett om du \u00e4r en \u00e5terf\u00f6rs\u00e4ljare som vill fylla hyllorna med julens magi eller en f\u00f6retags\u00e4gare som planerar of\u00f6rgl\u00f6mliga julklappar, \u00e4r v\u00e5rt G\u00e5voset med Julinspirerade Badbomber det perfekta valet.<\/p>\n<p style=\"text-align: justify;\"><strong>Detta set inneh\u00e5ller:<\/strong><\/p>\n<p style=\"text-align: justify;\"><strong>1x Pepparkaksgubbe-badbomb (80g)<\/strong> med doften: Varm Pepparkaka:<\/p>\n<p style=\"text-align: justify;\">Toppnoter: Apelsin &#8211; Kanel<\/p>\n<p style=\"text-align: justify;\">Hj\u00e4rtnoter: Ingef\u00e4ra och kryddor<\/p>\n<p style=\"text-align: justify;\">Basnoter: Sm\u00f6rkaka &#8211; Socker &#8211; Vanilj<\/p>\n<p style=\"text-align: justify;\"><strong>1x Skridsko-badbomb(80g)&nbsp;<\/strong>med doften: Frostat Sockerplommon:<\/p>\n<p style=\"text-align: justify;\">Toppnoter: Plommon &#8211; Vinterb\u00e4r<\/p>\n<p style=\"text-align: justify;\">Hj\u00e4rtnoter: Socker<\/p>\n<p style=\"text-align: justify;\">Basnoter: Vanilj<\/p>\n<p style=\"text-align: justify;\"><strong>1x Sn\u00f6gubbe-badbomb (80g)&nbsp;<\/strong>med doften: J\u00e4rnek &amp; Murgr\u00f6na:<\/p>\n<p style=\"text-align: justify;\">Toppnoter: Rosmarin &#8211; Gr\u00f6na blad<\/p>\n<p style=\"text-align: justify;\">Hj\u00e4rtnoter: Cedertr\u00e4<\/p>\n<p style=\"text-align: justify;\">Basnoter: Mysk &#8211; Ambra (syntetiskt alternativ)<\/p>\n<p style=\"text-align: justify;\"><strong>1x Ren-badbomb (80g)&nbsp;<\/strong>med doften: Varm Choklad:<\/p>\n<p style=\"text-align: justify;\">Toppnoter: Choklad<\/p>\n<p style=\"text-align: justify;\">Hj\u00e4rtnoter: Honung<\/p>\n<p style=\"text-align: justify;\">Basnoter: Vanilj<\/p>\n<p style=\"text-align: justify;\"><em>Individuellt krympf\u00f6rpackade.<\/em><\/p>\n","protected":false},"excerpt":{"rendered":"<p>G\u00f6r dig redo att sprida riktigt festliga vibbar med detta fantastiska G\u00e5voset med Julinspirerade Badbomber &#8211; Kul i Jul. Oavsett om du \u00e4r en \u00e5terf\u00f6rs\u00e4ljare som vill fylla hyllorna med julens magi eller en f\u00f6retags\u00e4gare som planerar of\u00f6rgl\u00f6mliga julklappar, \u00e4r v\u00e5rt G\u00e5voset med Julinspirerade Badbomber det perfekta valet. Detta set inneh\u00e5ller: 1x Pepparkaksgubbe-badbomb (80g) med [&hellip;]<\/p>\n","protected":false},"featured_media":668516,"comment_status":"closed","ping_status":"open","template":"","meta":{"_angie_page":false},"product_brand":[],"product_cat":[12600,12864,27383,12865],"product_tag":[],"class_list":{"0":"post-215544","1":"product","2":"type-product","3":"status-publish","4":"has-post-thumbnail","6":"product_cat-bad-och-dusch","7":"product_cat-badbomber","8":"product_cat-juldoft","9":"product_cat-presentset","10":"pa_collection-christmas-bath-bomb-gift-pack-sv","11":"pa_made-in-storbritannien","13":"first","14":"instock","15":"purchasable","16":"product-type-simple"},"supplier_id":null,"supplier_sku":"XBB-06","barcode":null,"atum_controlled":true,"out_stock_date":null,"out_stock_threshold":null,"inheritable":false,"inbound_stock":0,"stock_on_hold":0,"sold_today":0,"sales_last_days":0,"reserved_stock":0,"customer_returns":0,"warehouse_damage":0,"lost_in_post":0,"other_logs":0,"out_stock_days":0,"lost_sales":0,"has_location":false,"update_date":"2026-04-27T07:27:23","atum_locations":[],"atum_stock_status":"instock","restock_status":false,"low_stock_amount":"","sales_update_date":"2026-02-06T00:00:49","calc_backorders":null,"_links":{"self":[{"href":"https:\/\/aromasentia.com\/sv\/wp-json\/wp\/v2\/product\/215544","targetHints":{"allow":["GET"]}}],"collection":[{"href":"https:\/\/aromasentia.com\/sv\/wp-json\/wp\/v2\/product"}],"about":[{"href":"https:\/\/aromasentia.com\/sv\/wp-json\/wp\/v2\/types\/product"}],"replies":[{"embeddable":true,"href":"https:\/\/aromasentia.com\/sv\/wp-json\/wp\/v2\/comments?post=215544"}],"version-history":[{"count":0,"href":"https:\/\/aromasentia.com\/sv\/wp-json\/wp\/v2\/product\/215544\/revisions"}],"wp:featuredmedia":[{"embeddable":true,"href":"https:\/\/aromasentia.com\/sv\/wp-json\/wp\/v2\/media\/668516"}],"wp:attachment":[{"href":"https:\/\/aromasentia.com\/sv\/wp-json\/wp\/v2\/media?parent=215544"}],"wp:term":[{"taxonomy":"product_brand","embeddable":true,"href":"https:\/\/aromasentia.com\/sv\/wp-json\/wp\/v2\/product_brand?post=215544"},{"taxonomy":"product_cat","embeddable":true,"href":"https:\/\/aromasentia.com\/sv\/wp-json\/wp\/v2\/product_cat?post=215544"},{"taxonomy":"product_tag","embeddable":true,"href":"https:\/\/aromasentia.com\/sv\/wp-json\/wp\/v2\/product_tag?post=215544"}],"curies":[{"name":"wp","href":"https:\/\/api.w.org\/{rel}","templated":true}]}}