{"id":215542,"date":"2025-03-21T00:57:40","date_gmt":"2025-03-21T00:57:40","guid":{"rendered":"https:\/\/aromasentia.com\/product\/silent-night-christmas-bath-bomb-gift-pack\/"},"modified":"2025-12-31T15:32:09","modified_gmt":"2025-12-31T15:32:09","slug":"gavoset-med-julinspirerade-badbomber-stilla-natt","status":"publish","type":"product","link":"https:\/\/aromasentia.com\/sv\/gavoset-med-julinspirerade-badbomber-stilla-natt\/","title":{"rendered":"G\u00e5voset med Julinspirerade Badbomber &#8211; Stilla Natt"},"content":{"rendered":"<p style=\"text-align: justify;\"><strong>F\u00f6rbered dig p\u00e5 att h\u00f6ja julst\u00e4mningen och sprida h\u00e4rliga festliga vibbar med detta fantastiska G\u00e5voset med Julinspirerade Badbomber &#8211; Stilla Natt.<\/strong><\/p>\n<p style=\"text-align: justify;\">Oavsett om du \u00e4r en \u00e5terf\u00f6rs\u00e4ljare som vill fylla dina hyllor med julmagi eller en f\u00f6retagare som planerar of\u00f6rgl\u00f6mliga f\u00f6retagsg\u00e5vor, \u00e4r v\u00e5rt G\u00e5voset med Julinspirerade Badbomber det perfekta valet.<\/p>\n<p style=\"text-align: justify;\"><strong>Detta set inneh\u00e5ller:<\/strong><\/p>\n<p style=\"text-align: justify;\"><strong>2x Julgran-badbomber (75g vardera)<\/strong> med doften: Festlig Morgon<\/p>\n<p style=\"text-align: justify;\">Toppnoter: Mocka &#8211; Rosa Peppar &#8211; Violblad &#8211; Saffran<\/p>\n<p style=\"text-align: justify;\">Hj\u00e4rtnoter: Lilja &#8211; Jasmin &#8211; Orris &#8211; Kanel<\/p>\n<p style=\"text-align: justify;\">Basnoter: L\u00e4der &#8211; Patchouli &#8211; Sandeltr\u00e4 &#8211; B\u00e4rnsten &#8211; Sammetsskogar &#8211; Agartr\u00e4<\/p>\n<p style=\"text-align: justify;\"><strong>2x Stj\u00e4rna-badbomber (50g vardera)<\/strong> med doften: Mysiga Vinterkv\u00e4llar<\/p>\n<p style=\"text-align: justify;\">Toppnoter: Kanel &#8211; Kryddnejlika<\/p>\n<p style=\"text-align: justify;\">Hj\u00e4rtnoter: Jasmin &#8211; Viol &#8211; Ros<\/p>\n<p style=\"text-align: justify;\">Basnoter: Kashmir &#8211; Tr\u00e4 &#8211; Mysk &#8211; Vanilj &#8211; Saffran<\/p>\n<p style=\"text-align: justify;\"><em>Individuellt krympf\u00f6rpackade.<\/em><\/p>\n","protected":false},"excerpt":{"rendered":"<p>F\u00f6rbered dig p\u00e5 att h\u00f6ja julst\u00e4mningen och sprida h\u00e4rliga festliga vibbar med detta fantastiska G\u00e5voset med Julinspirerade Badbomber &#8211; Stilla Natt. Oavsett om du \u00e4r en \u00e5terf\u00f6rs\u00e4ljare som vill fylla dina hyllor med julmagi eller en f\u00f6retagare som planerar of\u00f6rgl\u00f6mliga f\u00f6retagsg\u00e5vor, \u00e4r v\u00e5rt G\u00e5voset med Julinspirerade Badbomber det perfekta valet. Detta set inneh\u00e5ller: 2x Julgran-badbomber [&hellip;]<\/p>\n","protected":false},"featured_media":668607,"comment_status":"closed","ping_status":"open","template":"","meta":[],"product_brand":[],"product_cat":[12600,12864,27383,12865],"product_tag":[],"class_list":{"0":"post-215542","1":"product","2":"type-product","3":"status-publish","4":"has-post-thumbnail","6":"product_cat-bad-och-dusch","7":"product_cat-badbomber","8":"product_cat-juldoft","9":"product_cat-presentset","10":"pa_collection-christmas-bath-bomb-gift-pack-sv","11":"pa_made-in-storbritannien","13":"first","14":"instock","15":"purchasable","16":"product-type-simple"},"supplier_id":null,"supplier_sku":"XBB-02","barcode":null,"atum_controlled":true,"out_stock_date":null,"out_stock_threshold":null,"inheritable":false,"inbound_stock":0,"stock_on_hold":0,"sold_today":0,"sales_last_days":0,"reserved_stock":0,"customer_returns":0,"warehouse_damage":0,"lost_in_post":0,"other_logs":0,"out_stock_days":0,"lost_sales":0,"has_location":false,"update_date":"2026-01-30T01:26:36","atum_locations":[],"atum_stock_status":"instock","restock_status":false,"low_stock_amount":"","sales_update_date":"2026-01-30T01:26:36","calc_backorders":null,"_links":{"self":[{"href":"https:\/\/aromasentia.com\/sv\/wp-json\/wp\/v2\/product\/215542","targetHints":{"allow":["GET"]}}],"collection":[{"href":"https:\/\/aromasentia.com\/sv\/wp-json\/wp\/v2\/product"}],"about":[{"href":"https:\/\/aromasentia.com\/sv\/wp-json\/wp\/v2\/types\/product"}],"replies":[{"embeddable":true,"href":"https:\/\/aromasentia.com\/sv\/wp-json\/wp\/v2\/comments?post=215542"}],"version-history":[{"count":0,"href":"https:\/\/aromasentia.com\/sv\/wp-json\/wp\/v2\/product\/215542\/revisions"}],"wp:featuredmedia":[{"embeddable":true,"href":"https:\/\/aromasentia.com\/sv\/wp-json\/wp\/v2\/media\/668607"}],"wp:attachment":[{"href":"https:\/\/aromasentia.com\/sv\/wp-json\/wp\/v2\/media?parent=215542"}],"wp:term":[{"taxonomy":"product_brand","embeddable":true,"href":"https:\/\/aromasentia.com\/sv\/wp-json\/wp\/v2\/product_brand?post=215542"},{"taxonomy":"product_cat","embeddable":true,"href":"https:\/\/aromasentia.com\/sv\/wp-json\/wp\/v2\/product_cat?post=215542"},{"taxonomy":"product_tag","embeddable":true,"href":"https:\/\/aromasentia.com\/sv\/wp-json\/wp\/v2\/product_tag?post=215542"}],"curies":[{"name":"wp","href":"https:\/\/api.w.org\/{rel}","templated":true}]}}