{"id":215537,"date":"2025-03-21T00:58:15","date_gmt":"2025-03-21T00:58:15","guid":{"rendered":"https:\/\/aromasentia.com\/product\/zen-shower-steamers-therapy-wellness-quartet-love-potion-pinky-red\/"},"modified":"2025-12-31T15:32:01","modified_gmt":"2025-12-31T15:32:01","slug":"set-med-zen-duschtabletter-wellness-gavoset-karleksdryck","status":"publish","type":"product","link":"https:\/\/aromasentia.com\/sv\/set-med-zen-duschtabletter-wellness-gavoset-karleksdryck\/","title":{"rendered":"Set med Zen Duschtabletter &#8211; Wellness G\u00e5voset &#8211; K\u00e4rleksdryck"},"content":{"rendered":"<ul>\n<li style=\"text-align: justify;\">Tillverkat i Sheffield, Storbritannien<\/li>\n<li style=\"text-align: justify;\">Naturliga eteriska oljor: Ros Geranium, Svatpeppar, Bergamott, Grapefrukt + Rosenblad<\/li>\n<li style=\"text-align: justify;\">Veganskt och ej testat p\u00e5 djur&nbsp;<\/li>\n<li>Unik och balanserande doft<\/li>\n<li style=\"text-align: justify;\">S\u00e4ljs i set om 3, varje set inneh\u00e5ller 4 duschtabletter<\/li>\n<li style=\"text-align: justify;\">Vikt per duschtablett: 50g<\/li>\n<\/ul>\n<p style=\"text-align: justify;\">F\u00f6rpackat i en presentask &ndash; perfekt som g\u00e5va och ett m\u00e5ste f\u00f6r din butik! Duschtabletterna \u00e4r individuellt krympplastade.<\/p>\n","protected":false},"excerpt":{"rendered":"<p>Tillverkat i Sheffield, Storbritannien Naturliga eteriska oljor: Ros Geranium, Svatpeppar, Bergamott, Grapefrukt + Rosenblad Veganskt och ej testat p\u00e5 djur&nbsp; Unik och balanserande doft S\u00e4ljs i set om 3, varje set inneh\u00e5ller 4 duschtabletter Vikt per duschtablett: 50g F\u00f6rpackat i en presentask &ndash; perfekt som g\u00e5va och ett m\u00e5ste f\u00f6r din butik! Duschtabletterna \u00e4r individuellt [&hellip;]<\/p>\n","protected":false},"featured_media":302499,"comment_status":"closed","ping_status":"open","template":"","meta":{"_angie_page":false},"product_brand":[],"product_cat":[12600],"product_tag":[],"class_list":{"0":"post-215537","1":"product","2":"type-product","3":"status-publish","4":"has-post-thumbnail","6":"product_cat-bad-och-dusch","7":"pa_made-in-storbritannien","9":"first","10":"instock","11":"purchasable","12":"product-type-simple"},"supplier_id":null,"supplier_sku":"ZenSS-03","barcode":null,"atum_controlled":true,"out_stock_date":null,"out_stock_threshold":null,"inheritable":false,"inbound_stock":0,"stock_on_hold":0,"sold_today":0,"sales_last_days":0,"reserved_stock":0,"customer_returns":0,"warehouse_damage":0,"lost_in_post":0,"other_logs":0,"out_stock_days":22,"lost_sales":0,"has_location":false,"update_date":"2026-04-27T07:27:36","atum_locations":[],"atum_stock_status":"instock","restock_status":false,"low_stock_amount":"","sales_update_date":"2026-01-30T01:24:27","calc_backorders":null,"_links":{"self":[{"href":"https:\/\/aromasentia.com\/sv\/wp-json\/wp\/v2\/product\/215537","targetHints":{"allow":["GET"]}}],"collection":[{"href":"https:\/\/aromasentia.com\/sv\/wp-json\/wp\/v2\/product"}],"about":[{"href":"https:\/\/aromasentia.com\/sv\/wp-json\/wp\/v2\/types\/product"}],"replies":[{"embeddable":true,"href":"https:\/\/aromasentia.com\/sv\/wp-json\/wp\/v2\/comments?post=215537"}],"version-history":[{"count":0,"href":"https:\/\/aromasentia.com\/sv\/wp-json\/wp\/v2\/product\/215537\/revisions"}],"wp:featuredmedia":[{"embeddable":true,"href":"https:\/\/aromasentia.com\/sv\/wp-json\/wp\/v2\/media\/302499"}],"wp:attachment":[{"href":"https:\/\/aromasentia.com\/sv\/wp-json\/wp\/v2\/media?parent=215537"}],"wp:term":[{"taxonomy":"product_brand","embeddable":true,"href":"https:\/\/aromasentia.com\/sv\/wp-json\/wp\/v2\/product_brand?post=215537"},{"taxonomy":"product_cat","embeddable":true,"href":"https:\/\/aromasentia.com\/sv\/wp-json\/wp\/v2\/product_cat?post=215537"},{"taxonomy":"product_tag","embeddable":true,"href":"https:\/\/aromasentia.com\/sv\/wp-json\/wp\/v2\/product_tag?post=215537"}],"curies":[{"name":"wp","href":"https:\/\/api.w.org\/{rel}","templated":true}]}}