{"id":215460,"date":"2025-03-21T11:19:54","date_gmt":"2025-03-21T11:19:54","guid":{"rendered":"https:\/\/aromasentia.com\/product\/ancient-witch-purification-candles-locked-desires\/"},"modified":"2025-12-31T15:31:05","modified_gmt":"2025-12-31T15:31:05","slug":"ancient-witch-reningsljus-lasta-begar","status":"publish","type":"product","link":"https:\/\/aromasentia.com\/sv\/ancient-witch-reningsljus-lasta-begar\/","title":{"rendered":"Ancient Witch Reningsljus &#8211; L\u00e5sta Beg\u00e4r"},"content":{"rendered":"<p style=\"text-align: justify;\">Tillverkat f\u00f6r att v\u00e4cka beg\u00e4r och frig\u00f6ra energin inombords. Ljuset \u00e4r infunderat med den kraftfulla essensen av <strong>Rosmarin Eterisk Olja<\/strong>, och \u00e4r perfekt f\u00f6r h\u00e4xkonstpraxis som kr\u00e4ver fokus, intention och andlig aktivering. Rosmarin, k\u00e4nd f\u00f6r sina krafter av klarhet och skydd, rensar sinnet och skapar utrymme f\u00f6r manifestation och str\u00e4van efter l\u00e4nge h\u00e5llna dr\u00f6mmar.<\/p>\n<p style=\"text-align: justify;\">Fladdermusen innesluten i en bur symboliserar beg\u00e4r som \u00e4r bundna och v\u00e4ntar p\u00e5 att bli frigjorda. N\u00e4r ljuset brinner, visualisera att buren \u00f6ppnas och sl\u00e4pper fri dina intentioner f\u00f6r att f\u00e5 dem att lyfta. L\u00e5t manifestationsljuset v\u00e4gleda dig n\u00e4r du kanaliserar energi f\u00f6r att manifestera dina sanna beg\u00e4r och frig\u00f6ra potentialen inom dig.<\/p>\n<p style=\"text-align: justify;\"><strong>Din trollformel:<\/strong><\/p>\n<p style=\"text-align: justify;\"><em>&quot;Rosmarins kraft, l\u00e5s upp min d\u00f6rr, avsl\u00f6ja dr\u00f6mmar nu och f\u00f6rr. F\u00e5ngna beg\u00e4r, ta fart, stig opp, l\u00e5t mina \u00f6nskningar n\u00e5 sin topp.&quot;<\/em> <\/p>\n<p style=\"text-align: justify;\"><strong>Brinntid upp till 50 timmar.<\/strong><\/p>\n","protected":false},"excerpt":{"rendered":"<p>Tillverkat f\u00f6r att v\u00e4cka beg\u00e4r och frig\u00f6ra energin inombords. Ljuset \u00e4r infunderat med den kraftfulla essensen av Rosmarin Eterisk Olja, och \u00e4r perfekt f\u00f6r h\u00e4xkonstpraxis som kr\u00e4ver fokus, intention och andlig aktivering. Rosmarin, k\u00e4nd f\u00f6r sina krafter av klarhet och skydd, rensar sinnet och skapar utrymme f\u00f6r manifestation och str\u00e4van efter l\u00e4nge h\u00e5llna dr\u00f6mmar. Fladdermusen [&hellip;]<\/p>\n","protected":false},"featured_media":304350,"comment_status":"closed","ping_status":"open","template":"","meta":{"_angie_page":false},"product_brand":[],"product_cat":[12735,12119,12736],"product_tag":[],"class_list":{"0":"post-215460","1":"product","2":"type-product","3":"status-publish","4":"has-post-thumbnail","6":"product_cat-doftljus","7":"product_cat-ljusstakar-och-ljus","8":"product_cat-sojavaxljus","9":"pa_collection-botanical-wooden-wick-soy-candle-sv","10":"pa_made-in-kina","12":"first","13":"instock","14":"purchasable","15":"product-type-simple"},"supplier_id":null,"supplier_sku":"AWtPC-05","barcode":null,"atum_controlled":true,"out_stock_date":null,"out_stock_threshold":null,"inheritable":false,"inbound_stock":null,"stock_on_hold":0,"sold_today":0,"sales_last_days":0,"reserved_stock":null,"customer_returns":null,"warehouse_damage":null,"lost_in_post":null,"other_logs":null,"out_stock_days":0,"lost_sales":0,"has_location":null,"update_date":"2026-05-04T00:02:50","atum_locations":[],"atum_stock_status":"instock","restock_status":false,"low_stock_amount":"","sales_update_date":"2025-10-09T03:24:52","calc_backorders":null,"_links":{"self":[{"href":"https:\/\/aromasentia.com\/sv\/wp-json\/wp\/v2\/product\/215460","targetHints":{"allow":["GET"]}}],"collection":[{"href":"https:\/\/aromasentia.com\/sv\/wp-json\/wp\/v2\/product"}],"about":[{"href":"https:\/\/aromasentia.com\/sv\/wp-json\/wp\/v2\/types\/product"}],"replies":[{"embeddable":true,"href":"https:\/\/aromasentia.com\/sv\/wp-json\/wp\/v2\/comments?post=215460"}],"version-history":[{"count":0,"href":"https:\/\/aromasentia.com\/sv\/wp-json\/wp\/v2\/product\/215460\/revisions"}],"wp:featuredmedia":[{"embeddable":true,"href":"https:\/\/aromasentia.com\/sv\/wp-json\/wp\/v2\/media\/304350"}],"wp:attachment":[{"href":"https:\/\/aromasentia.com\/sv\/wp-json\/wp\/v2\/media?parent=215460"}],"wp:term":[{"taxonomy":"product_brand","embeddable":true,"href":"https:\/\/aromasentia.com\/sv\/wp-json\/wp\/v2\/product_brand?post=215460"},{"taxonomy":"product_cat","embeddable":true,"href":"https:\/\/aromasentia.com\/sv\/wp-json\/wp\/v2\/product_cat?post=215460"},{"taxonomy":"product_tag","embeddable":true,"href":"https:\/\/aromasentia.com\/sv\/wp-json\/wp\/v2\/product_tag?post=215460"}],"curies":[{"name":"wp","href":"https:\/\/api.w.org\/{rel}","templated":true}]}}