{"id":215403,"date":"2025-03-21T11:23:59","date_gmt":"2025-03-21T11:23:59","guid":{"rendered":"https:\/\/aromasentia.com\/product\/med-concrete-soy-candle-berrys-juniper-sweet-gin\/"},"modified":"2025-12-31T15:30:17","modified_gmt":"2025-12-31T15:30:17","slug":"mellan-sojavaxljus-i-betonghallare-bar-enbar-sot-gin","status":"publish","type":"product","link":"https:\/\/aromasentia.com\/sv\/mellan-sojavaxljus-i-betonghallare-bar-enbar-sot-gin\/","title":{"rendered":"Mellan Sojavaxljus i Betongh\u00e5llare &#8211; B\u00e4r &#8211; Enb\u00e4r &#038; S\u00f6t Gin"},"content":{"rendered":"","protected":false},"excerpt":{"rendered":"","protected":false},"featured_media":305921,"comment_status":"closed","ping_status":"open","template":"","meta":{"_angie_page":false},"product_brand":[],"product_cat":[12735,12119,12736],"product_tag":[],"class_list":{"0":"post-215403","1":"product","2":"type-product","3":"status-publish","4":"has-post-thumbnail","6":"product_cat-doftljus","7":"product_cat-ljusstakar-och-ljus","8":"product_cat-sojavaxljus","9":"pa_collection-concrete-wooden-wick-candles-sv","10":"pa_made-in-kina","12":"first","13":"instock","14":"purchasable","15":"product-type-simple"},"supplier_id":null,"supplier_sku":"CWC-06","barcode":null,"atum_controlled":true,"out_stock_date":null,"out_stock_threshold":null,"inheritable":false,"inbound_stock":null,"stock_on_hold":0,"sold_today":0,"sales_last_days":0,"reserved_stock":null,"customer_returns":null,"warehouse_damage":null,"lost_in_post":null,"other_logs":null,"out_stock_days":0,"lost_sales":0,"has_location":null,"update_date":"2026-04-27T06:58:54","atum_locations":[],"atum_stock_status":"instock","restock_status":false,"low_stock_amount":"","sales_update_date":"2026-01-30T01:24:38","calc_backorders":null,"_links":{"self":[{"href":"https:\/\/aromasentia.com\/sv\/wp-json\/wp\/v2\/product\/215403","targetHints":{"allow":["GET"]}}],"collection":[{"href":"https:\/\/aromasentia.com\/sv\/wp-json\/wp\/v2\/product"}],"about":[{"href":"https:\/\/aromasentia.com\/sv\/wp-json\/wp\/v2\/types\/product"}],"replies":[{"embeddable":true,"href":"https:\/\/aromasentia.com\/sv\/wp-json\/wp\/v2\/comments?post=215403"}],"version-history":[{"count":0,"href":"https:\/\/aromasentia.com\/sv\/wp-json\/wp\/v2\/product\/215403\/revisions"}],"wp:featuredmedia":[{"embeddable":true,"href":"https:\/\/aromasentia.com\/sv\/wp-json\/wp\/v2\/media\/305921"}],"wp:attachment":[{"href":"https:\/\/aromasentia.com\/sv\/wp-json\/wp\/v2\/media?parent=215403"}],"wp:term":[{"taxonomy":"product_brand","embeddable":true,"href":"https:\/\/aromasentia.com\/sv\/wp-json\/wp\/v2\/product_brand?post=215403"},{"taxonomy":"product_cat","embeddable":true,"href":"https:\/\/aromasentia.com\/sv\/wp-json\/wp\/v2\/product_cat?post=215403"},{"taxonomy":"product_tag","embeddable":true,"href":"https:\/\/aromasentia.com\/sv\/wp-json\/wp\/v2\/product_tag?post=215403"}],"curies":[{"name":"wp","href":"https:\/\/api.w.org\/{rel}","templated":true}]}}