{"id":215298,"date":"2025-03-21T11:31:49","date_gmt":"2025-03-21T11:31:49","guid":{"rendered":"https:\/\/aromasentia.com\/product\/petrified-wood-candle-holder-triple\/"},"modified":"2025-12-31T15:28:58","modified_gmt":"2025-12-31T15:28:58","slug":"ljushallare-av-forstenat-tra-trippel","status":"publish","type":"product","link":"https:\/\/aromasentia.com\/sv\/ljushallare-av-forstenat-tra-trippel\/","title":{"rendered":"Ljush\u00e5llare av F\u00f6rstenat Tr\u00e4 &#8211; Trippel"},"content":{"rendered":"","protected":false},"excerpt":{"rendered":"","protected":false},"featured_media":310124,"comment_status":"closed","ping_status":"open","template":"","meta":{"_angie_page":false},"product_brand":[],"product_cat":[25713,25220,12118,12119],"product_tag":[],"class_list":{"0":"post-215298","1":"product","2":"type-product","3":"status-publish","4":"has-post-thumbnail","6":"product_cat-forstenat-tra","7":"product_cat-kristaller-adelstenar-mineraler","8":"product_cat-ljusstakar","9":"product_cat-ljusstakar-och-ljus","10":"pa_collection-petrified-wood-candle-holders-sv","11":"pa_made-in-indonesien","13":"first","14":"instock","15":"purchasable","16":"product-type-simple"},"supplier_id":null,"supplier_sku":"PetW-04","barcode":null,"atum_controlled":true,"out_stock_date":null,"out_stock_threshold":null,"inheritable":false,"inbound_stock":null,"stock_on_hold":0,"sold_today":0,"sales_last_days":0,"reserved_stock":null,"customer_returns":null,"warehouse_damage":null,"lost_in_post":null,"other_logs":null,"out_stock_days":0,"lost_sales":0,"has_location":null,"update_date":"2026-04-27T07:17:58","atum_locations":[],"atum_stock_status":"instock","restock_status":false,"low_stock_amount":"","sales_update_date":"2026-01-30T01:26:28","calc_backorders":null,"_links":{"self":[{"href":"https:\/\/aromasentia.com\/sv\/wp-json\/wp\/v2\/product\/215298","targetHints":{"allow":["GET"]}}],"collection":[{"href":"https:\/\/aromasentia.com\/sv\/wp-json\/wp\/v2\/product"}],"about":[{"href":"https:\/\/aromasentia.com\/sv\/wp-json\/wp\/v2\/types\/product"}],"replies":[{"embeddable":true,"href":"https:\/\/aromasentia.com\/sv\/wp-json\/wp\/v2\/comments?post=215298"}],"version-history":[{"count":0,"href":"https:\/\/aromasentia.com\/sv\/wp-json\/wp\/v2\/product\/215298\/revisions"}],"wp:featuredmedia":[{"embeddable":true,"href":"https:\/\/aromasentia.com\/sv\/wp-json\/wp\/v2\/media\/310124"}],"wp:attachment":[{"href":"https:\/\/aromasentia.com\/sv\/wp-json\/wp\/v2\/media?parent=215298"}],"wp:term":[{"taxonomy":"product_brand","embeddable":true,"href":"https:\/\/aromasentia.com\/sv\/wp-json\/wp\/v2\/product_brand?post=215298"},{"taxonomy":"product_cat","embeddable":true,"href":"https:\/\/aromasentia.com\/sv\/wp-json\/wp\/v2\/product_cat?post=215298"},{"taxonomy":"product_tag","embeddable":true,"href":"https:\/\/aromasentia.com\/sv\/wp-json\/wp\/v2\/product_tag?post=215298"}],"curies":[{"name":"wp","href":"https:\/\/api.w.org\/{rel}","templated":true}]}}