{"id":215181,"date":"2025-03-21T11:42:30","date_gmt":"2025-03-21T11:42:30","guid":{"rendered":"https:\/\/aromasentia.com\/product\/zodiac-crystal-candle-with-gemstone-bracelet-taurus\/"},"modified":"2025-12-31T15:27:22","modified_gmt":"2025-12-31T15:27:22","slug":"stjarntecken-kristalljus-med-adelstensarmband-oxen","status":"publish","type":"product","link":"https:\/\/aromasentia.com\/sv\/stjarntecken-kristalljus-med-adelstensarmband-oxen\/","title":{"rendered":"Stj\u00e4rntecken Kristalljus med \u00c4delstensarmband &#8211; Oxen"},"content":{"rendered":"<p style=\"text-align: justify;\">Omfamna den jordade och v\u00e5rdande energin hos Oxen med detta Stj\u00e4rntecken Kristalljus. Den rika, jordn\u00e4ra doften av <em>Skogssmaragd och Patchouli<\/em> skapar en k\u00e4nsla av lugn och en stark koppling till naturen, perfekt f\u00f6r detta stabila och harmoniska stj\u00e4rntecken.<\/p>\n<p style=\"text-align: justify;\"><strong>Setet inkluderar ett vackert armband med lapis lazuli och mossagat, noggrant utvalda f\u00f6r att f\u00f6rst\u00e4rka Oxens styrkor:<\/strong><\/p>\n<ul>\n<li style=\"text-align: justify;\">Lapis lazuli inspirerar till visdom och inre frid<\/li>\n<li style=\"text-align: justify;\">Mossagat fr\u00e4mjar tillv\u00e4xt och en djup koppling till naturen<\/li>\n<\/ul>\n<p style=\"text-align: justify;\">Denna lugnande kombination av ljus och armband \u00e4r perfekt f\u00f6r stunder av sj\u00e4lvv\u00e5rd, meditation eller som en omt\u00e4nksam g\u00e5va till Oxen i ditt liv.<\/p>\n<p style=\"text-align: justify;\"><strong>Toppnoter: Bergamott, olibanum, cypress, mynta, basilika<br \/>\n<br \/>Hj\u00e4rtnoter: Kryddnejlika, verbena, ormbunke<br \/>\n<br \/>Basnoter: Patchouli, sammetsmjukt tr\u00e4, tonka, benzoin, styrax, b\u00e4rnsten, l\u00e4der, mossa, mysk, animaliska toner, labdanum<\/strong><\/p>\n","protected":false},"excerpt":{"rendered":"<p>Omfamna den jordade och v\u00e5rdande energin hos Oxen med detta Stj\u00e4rntecken Kristalljus. Den rika, jordn\u00e4ra doften av Skogssmaragd och Patchouli skapar en k\u00e4nsla av lugn och en stark koppling till naturen, perfekt f\u00f6r detta stabila och harmoniska stj\u00e4rntecken. Setet inkluderar ett vackert armband med lapis lazuli och mossagat, noggrant utvalda f\u00f6r att f\u00f6rst\u00e4rka Oxens styrkor: [&hellip;]<\/p>\n","protected":false},"featured_media":314060,"comment_status":"closed","ping_status":"open","template":"","meta":{"_angie_page":false},"product_brand":[],"product_cat":[25208,12119],"product_tag":[],"class_list":{"0":"post-215181","1":"product","2":"type-product","3":"status-publish","4":"has-post-thumbnail","6":"product_cat-armband","7":"product_cat-ljusstakar-och-ljus","8":"pa_collection-zodiac-crystal-candles-with-gemstone-bracelet-sv","9":"pa_made-in-kina","11":"first","12":"instock","13":"purchasable","14":"product-type-simple"},"supplier_id":null,"supplier_sku":"ZCC-04","barcode":null,"atum_controlled":true,"out_stock_date":null,"out_stock_threshold":null,"inheritable":false,"inbound_stock":null,"stock_on_hold":0,"sold_today":0,"sales_last_days":0,"reserved_stock":null,"customer_returns":null,"warehouse_damage":null,"lost_in_post":null,"other_logs":null,"out_stock_days":0,"lost_sales":0,"has_location":null,"update_date":"2026-04-27T07:27:29","atum_locations":[],"atum_stock_status":"instock","restock_status":false,"low_stock_amount":"","sales_update_date":"2025-09-05T00:22:27","calc_backorders":null,"_links":{"self":[{"href":"https:\/\/aromasentia.com\/sv\/wp-json\/wp\/v2\/product\/215181","targetHints":{"allow":["GET"]}}],"collection":[{"href":"https:\/\/aromasentia.com\/sv\/wp-json\/wp\/v2\/product"}],"about":[{"href":"https:\/\/aromasentia.com\/sv\/wp-json\/wp\/v2\/types\/product"}],"replies":[{"embeddable":true,"href":"https:\/\/aromasentia.com\/sv\/wp-json\/wp\/v2\/comments?post=215181"}],"version-history":[{"count":0,"href":"https:\/\/aromasentia.com\/sv\/wp-json\/wp\/v2\/product\/215181\/revisions"}],"wp:featuredmedia":[{"embeddable":true,"href":"https:\/\/aromasentia.com\/sv\/wp-json\/wp\/v2\/media\/314060"}],"wp:attachment":[{"href":"https:\/\/aromasentia.com\/sv\/wp-json\/wp\/v2\/media?parent=215181"}],"wp:term":[{"taxonomy":"product_brand","embeddable":true,"href":"https:\/\/aromasentia.com\/sv\/wp-json\/wp\/v2\/product_brand?post=215181"},{"taxonomy":"product_cat","embeddable":true,"href":"https:\/\/aromasentia.com\/sv\/wp-json\/wp\/v2\/product_cat?post=215181"},{"taxonomy":"product_tag","embeddable":true,"href":"https:\/\/aromasentia.com\/sv\/wp-json\/wp\/v2\/product_tag?post=215181"}],"curies":[{"name":"wp","href":"https:\/\/api.w.org\/{rel}","templated":true}]}}