{"id":215180,"date":"2025-03-21T11:42:30","date_gmt":"2025-03-21T11:42:30","guid":{"rendered":"https:\/\/aromasentia.com\/product\/zodiac-crystal-candle-with-gemstone-bracelet-aries\/"},"modified":"2025-12-31T15:27:22","modified_gmt":"2025-12-31T15:27:22","slug":"stjarntecken-kristalljus-med-adelstensarmband-vaduren","status":"publish","type":"product","link":"https:\/\/aromasentia.com\/sv\/stjarntecken-kristalljus-med-adelstensarmband-vaduren\/","title":{"rendered":"Stj\u00e4rntecken Kristalljus med \u00c4delstensarmband &#8211; V\u00e4duren"},"content":{"rendered":"<p style=\"text-align: justify;\">T\u00e4nd den dj\u00e4rva och or\u00e4dda energin hos V\u00e4duren med detta Stj\u00e4rntecken Kristalljus. Den uppfriskande doften av <em>Klar Kvarts F\u00e4rskhet<\/em> speglar den dynamiska och sj\u00e4lvs\u00e4kra andan hos detta eldiga stj\u00e4rntecken och skapar en inspirerande atmosf\u00e4r f\u00f6r nya b\u00f6rjan.<\/p>\n<p style=\"text-align: justify;\"><strong>Setet inkluderar ett kraftfullt armband med r\u00f6d jaspis, heliotrop och hematit, noggrant utvalda f\u00f6r att st\u00f6dja V\u00e4durens styrka och beslutsamhet:<\/strong><\/p>\n<ul>\n<li style=\"text-align: justify;\">R\u00f6d jaspis st\u00e4rker mod och livskraft<\/li>\n<li style=\"text-align: justify;\">Heliotrop fr\u00e4mjar uth\u00e5llighet och fokus<\/li>\n<li style=\"text-align: justify;\">Hematit balanserar energin och ger stabilitet<\/li>\n<\/ul>\n<p style=\"text-align: justify;\">Detta ljus och armband \u00e4r perfekta f\u00f6r att hylla V\u00e4durens ohejdbara natur, och \u00e4r ett meningsfullt g\u00e5voset eller ett personligt ritualverktyg f\u00f6r sj\u00e4lvf\u00f6rtroende.<\/p>\n<p style=\"text-align: justify;\"><strong>Toppnoter: Tall, eukalyptus, salvia, timjan, havssalt, ozon<br \/>\n<br \/>Hj\u00e4rtnoter: Ros, lilja, jasmin, syren, viol<br \/>\n<br \/>Basnoter: Cedertr\u00e4, b\u00e4rnsten<\/strong><\/p>\n","protected":false},"excerpt":{"rendered":"<p>T\u00e4nd den dj\u00e4rva och or\u00e4dda energin hos V\u00e4duren med detta Stj\u00e4rntecken Kristalljus. Den uppfriskande doften av Klar Kvarts F\u00e4rskhet speglar den dynamiska och sj\u00e4lvs\u00e4kra andan hos detta eldiga stj\u00e4rntecken och skapar en inspirerande atmosf\u00e4r f\u00f6r nya b\u00f6rjan. Setet inkluderar ett kraftfullt armband med r\u00f6d jaspis, heliotrop och hematit, noggrant utvalda f\u00f6r att st\u00f6dja V\u00e4durens styrka [&hellip;]<\/p>\n","protected":false},"featured_media":314027,"comment_status":"closed","ping_status":"open","template":"","meta":{"_angie_page":false},"product_brand":[],"product_cat":[25208,12119],"product_tag":[],"class_list":{"0":"post-215180","1":"product","2":"type-product","3":"status-publish","4":"has-post-thumbnail","6":"product_cat-armband","7":"product_cat-ljusstakar-och-ljus","8":"pa_collection-zodiac-crystal-candles-with-gemstone-bracelet-sv","9":"pa_made-in-kina","11":"first","12":"instock","13":"purchasable","14":"product-type-simple"},"supplier_id":null,"supplier_sku":"ZCC-03","barcode":null,"atum_controlled":true,"out_stock_date":null,"out_stock_threshold":null,"inheritable":false,"inbound_stock":null,"stock_on_hold":0,"sold_today":0,"sales_last_days":0,"reserved_stock":null,"customer_returns":null,"warehouse_damage":null,"lost_in_post":null,"other_logs":null,"out_stock_days":0,"lost_sales":0,"has_location":null,"update_date":"2026-04-27T07:27:29","atum_locations":[],"atum_stock_status":"instock","restock_status":false,"low_stock_amount":"","sales_update_date":"2025-09-05T00:22:27","calc_backorders":null,"_links":{"self":[{"href":"https:\/\/aromasentia.com\/sv\/wp-json\/wp\/v2\/product\/215180","targetHints":{"allow":["GET"]}}],"collection":[{"href":"https:\/\/aromasentia.com\/sv\/wp-json\/wp\/v2\/product"}],"about":[{"href":"https:\/\/aromasentia.com\/sv\/wp-json\/wp\/v2\/types\/product"}],"replies":[{"embeddable":true,"href":"https:\/\/aromasentia.com\/sv\/wp-json\/wp\/v2\/comments?post=215180"}],"version-history":[{"count":0,"href":"https:\/\/aromasentia.com\/sv\/wp-json\/wp\/v2\/product\/215180\/revisions"}],"wp:featuredmedia":[{"embeddable":true,"href":"https:\/\/aromasentia.com\/sv\/wp-json\/wp\/v2\/media\/314027"}],"wp:attachment":[{"href":"https:\/\/aromasentia.com\/sv\/wp-json\/wp\/v2\/media?parent=215180"}],"wp:term":[{"taxonomy":"product_brand","embeddable":true,"href":"https:\/\/aromasentia.com\/sv\/wp-json\/wp\/v2\/product_brand?post=215180"},{"taxonomy":"product_cat","embeddable":true,"href":"https:\/\/aromasentia.com\/sv\/wp-json\/wp\/v2\/product_cat?post=215180"},{"taxonomy":"product_tag","embeddable":true,"href":"https:\/\/aromasentia.com\/sv\/wp-json\/wp\/v2\/product_tag?post=215180"}],"curies":[{"name":"wp","href":"https:\/\/api.w.org\/{rel}","templated":true}]}}