{"id":215178,"date":"2025-03-21T11:42:30","date_gmt":"2025-03-21T11:42:30","guid":{"rendered":"https:\/\/aromasentia.com\/product\/zodiac-crystal-candle-with-gemstone-bracelet-aquarious\/"},"modified":"2025-12-31T15:27:22","modified_gmt":"2025-12-31T15:27:22","slug":"stjarntecken-kristalljus-med-adelstensarmband-vattumannen","status":"publish","type":"product","link":"https:\/\/aromasentia.com\/sv\/stjarntecken-kristalljus-med-adelstensarmband-vattumannen\/","title":{"rendered":"Stj\u00e4rntecken Kristalljus med \u00c4delstensarmband &#8211; Vattumannen"},"content":{"rendered":"<p style=\"text-align: justify;\">Fira Vattumannens vision\u00e4ra anda med detta Stj\u00e4rntecken Kristalljus. Med den lugnande doften av <em>Ametistkristall &amp; B\u00e4rnsten<\/em> skapas en fridfull och inspirerande atmosf\u00e4r. N\u00e4r ljuset brinner framtr\u00e4der skimrande \u00e4delstenar som f\u00f6rst\u00e4rker kopplingen till Vattumannens energi.<\/p>\n<p style=\"text-align: justify;\"><strong>Setet inkluderar ett armband med ametist, lapis lazuli och hematit, noggrant utvalda f\u00f6r att harmonisera med Vattumannens styrkor:<\/strong><\/p>\n<ul>\n<li style=\"text-align: justify;\">Ametist f\u00f6rst\u00e4rker intuition och andlig utveckling<\/li>\n<li style=\"text-align: justify;\">Lapis lazuli fr\u00e4mjar visdom och sj\u00e4lvuttryck<\/li>\n<li style=\"text-align: justify;\">Hematit ger balans och fokus<\/li>\n<\/ul>\n<p style=\"text-align: justify;\">Denna unika kombination av ljus och armband \u00e4r perfekt som f\u00f6delsedagspresent, f\u00f6r egenv\u00e5rd eller som en genomt\u00e4nkt g\u00e5va inspirerad av stj\u00e4rntecken.<\/p>\n<p style=\"text-align: justify;\"><strong>Toppnoter: Cassis, mandarin<br \/>\n<br \/>Hj\u00e4rtnoter: Lavendel, r\u00f6da b\u00e4r, ros<br \/>\n<br \/>Basnoter: Sandeltr\u00e4, b\u00e4rnsten<\/strong><\/p>\n","protected":false},"excerpt":{"rendered":"<p>Fira Vattumannens vision\u00e4ra anda med detta Stj\u00e4rntecken Kristalljus. Med den lugnande doften av Ametistkristall &amp; B\u00e4rnsten skapas en fridfull och inspirerande atmosf\u00e4r. N\u00e4r ljuset brinner framtr\u00e4der skimrande \u00e4delstenar som f\u00f6rst\u00e4rker kopplingen till Vattumannens energi. Setet inkluderar ett armband med ametist, lapis lazuli och hematit, noggrant utvalda f\u00f6r att harmonisera med Vattumannens styrkor: Ametist f\u00f6rst\u00e4rker intuition [&hellip;]<\/p>\n","protected":false},"featured_media":313961,"comment_status":"closed","ping_status":"open","template":"","meta":{"_angie_page":false},"product_brand":[],"product_cat":[25208,12119],"product_tag":[],"class_list":{"0":"post-215178","1":"product","2":"type-product","3":"status-publish","4":"has-post-thumbnail","6":"product_cat-armband","7":"product_cat-ljusstakar-och-ljus","8":"pa_collection-zodiac-crystal-candles-with-gemstone-bracelet-sv","9":"pa_made-in-kina","11":"first","12":"instock","13":"purchasable","14":"product-type-simple"},"supplier_id":null,"supplier_sku":"ZCC-01","barcode":null,"atum_controlled":true,"out_stock_date":null,"out_stock_threshold":null,"inheritable":false,"inbound_stock":null,"stock_on_hold":0,"sold_today":0,"sales_last_days":0,"reserved_stock":null,"customer_returns":null,"warehouse_damage":null,"lost_in_post":null,"other_logs":null,"out_stock_days":0,"lost_sales":0,"has_location":null,"update_date":"2026-04-29T01:07:01","atum_locations":[],"atum_stock_status":"instock","restock_status":false,"low_stock_amount":"","sales_update_date":"2025-09-05T00:22:27","calc_backorders":null,"_links":{"self":[{"href":"https:\/\/aromasentia.com\/sv\/wp-json\/wp\/v2\/product\/215178","targetHints":{"allow":["GET"]}}],"collection":[{"href":"https:\/\/aromasentia.com\/sv\/wp-json\/wp\/v2\/product"}],"about":[{"href":"https:\/\/aromasentia.com\/sv\/wp-json\/wp\/v2\/types\/product"}],"replies":[{"embeddable":true,"href":"https:\/\/aromasentia.com\/sv\/wp-json\/wp\/v2\/comments?post=215178"}],"version-history":[{"count":0,"href":"https:\/\/aromasentia.com\/sv\/wp-json\/wp\/v2\/product\/215178\/revisions"}],"wp:featuredmedia":[{"embeddable":true,"href":"https:\/\/aromasentia.com\/sv\/wp-json\/wp\/v2\/media\/313961"}],"wp:attachment":[{"href":"https:\/\/aromasentia.com\/sv\/wp-json\/wp\/v2\/media?parent=215178"}],"wp:term":[{"taxonomy":"product_brand","embeddable":true,"href":"https:\/\/aromasentia.com\/sv\/wp-json\/wp\/v2\/product_brand?post=215178"},{"taxonomy":"product_cat","embeddable":true,"href":"https:\/\/aromasentia.com\/sv\/wp-json\/wp\/v2\/product_cat?post=215178"},{"taxonomy":"product_tag","embeddable":true,"href":"https:\/\/aromasentia.com\/sv\/wp-json\/wp\/v2\/product_tag?post=215178"}],"curies":[{"name":"wp","href":"https:\/\/api.w.org\/{rel}","templated":true}]}}