{"id":215169,"date":"2025-03-21T11:43:56","date_gmt":"2025-03-21T11:43:56","guid":{"rendered":"https:\/\/aromasentia.com\/product\/zodiac-crystal-candle-with-gemstone-bracelet-capricorn\/"},"modified":"2025-12-31T15:27:14","modified_gmt":"2025-12-31T15:27:14","slug":"stjarntecken-kristalljus-med-adelstensarmband-stenbocken","status":"publish","type":"product","link":"https:\/\/aromasentia.com\/sv\/stjarntecken-kristalljus-med-adelstensarmband-stenbocken\/","title":{"rendered":"Stj\u00e4rntecken Kristalljus med \u00c4delstensarmband &#8211; Stenbocken"},"content":{"rendered":"<p style=\"text-align: justify;\">Personifiera den disciplinerade och ambiti\u00f6sa energin hos Stenbocken med detta Stj\u00e4rntecken Kristalljus. Den sofistikerade doften av <em>Glaze Lapis Lazuli<\/em> skapar en lugn och jordande atmosf\u00e4r, som perfekt \u00e5terspeglar Stenbockens praktiska och beslutsamma natur.<\/p>\n<p style=\"text-align: justify;\"><strong>Setet inkluderar ett armband med \u00e4delstenar, tillverkat med ametist och r\u00f6kkvarts, valda f\u00f6r att st\u00f6dja Stenbockens styrka och fokus:<\/strong><\/p>\n<ul>\n<li style=\"text-align: justify;\">Ametist fr\u00e4mjar klarhet och andlig insikt<\/li>\n<li style=\"text-align: justify;\">R\u00f6kkvarts erbjuder jordning och skydd<\/li>\n<\/ul>\n<p style=\"text-align: justify;\">Denna eleganta kombination av ljus och armband \u00e4r perfekt f\u00f6r sj\u00e4lvrannsakan, fokus eller som en meningsfull present till en Stenbock.<\/p>\n<p style=\"text-align: justify;\"><strong>Toppnoter: Kokosn\u00f6t, hallon, p\u00e4ron&nbsp;<\/strong><br \/><strong>Hj\u00e4rtnoter: Ros, jasmin, lilja&nbsp;<\/strong><br \/><strong>Basnoter: Macaron, socker, b\u00e4rnsten, mysk, sandeltr\u00e4<\/strong><\/p>\n","protected":false},"excerpt":{"rendered":"<p>Personifiera den disciplinerade och ambiti\u00f6sa energin hos Stenbocken med detta Stj\u00e4rntecken Kristalljus. Den sofistikerade doften av Glaze Lapis Lazuli skapar en lugn och jordande atmosf\u00e4r, som perfekt \u00e5terspeglar Stenbockens praktiska och beslutsamma natur. Setet inkluderar ett armband med \u00e4delstenar, tillverkat med ametist och r\u00f6kkvarts, valda f\u00f6r att st\u00f6dja Stenbockens styrka och fokus: Ametist fr\u00e4mjar klarhet [&hellip;]<\/p>\n","protected":false},"featured_media":314300,"comment_status":"closed","ping_status":"open","template":"","meta":{"_angie_page":false},"product_brand":[],"product_cat":[25208,12119],"product_tag":[],"class_list":{"0":"post-215169","1":"product","2":"type-product","3":"status-publish","4":"has-post-thumbnail","6":"product_cat-armband","7":"product_cat-ljusstakar-och-ljus","8":"pa_collection-zodiac-crystal-candles-with-gemstone-bracelet-sv","9":"pa_made-in-kina","11":"first","12":"instock","13":"purchasable","14":"product-type-simple"},"supplier_id":null,"supplier_sku":"ZCC-12","barcode":null,"atum_controlled":true,"out_stock_date":null,"out_stock_threshold":null,"inheritable":false,"inbound_stock":null,"stock_on_hold":0,"sold_today":0,"sales_last_days":0,"reserved_stock":null,"customer_returns":null,"warehouse_damage":null,"lost_in_post":null,"other_logs":null,"out_stock_days":0,"lost_sales":0,"has_location":null,"update_date":"2026-04-27T07:27:36","atum_locations":[],"atum_stock_status":"instock","restock_status":false,"low_stock_amount":"","sales_update_date":"2025-09-05T00:22:28","calc_backorders":null,"_links":{"self":[{"href":"https:\/\/aromasentia.com\/sv\/wp-json\/wp\/v2\/product\/215169","targetHints":{"allow":["GET"]}}],"collection":[{"href":"https:\/\/aromasentia.com\/sv\/wp-json\/wp\/v2\/product"}],"about":[{"href":"https:\/\/aromasentia.com\/sv\/wp-json\/wp\/v2\/types\/product"}],"replies":[{"embeddable":true,"href":"https:\/\/aromasentia.com\/sv\/wp-json\/wp\/v2\/comments?post=215169"}],"version-history":[{"count":0,"href":"https:\/\/aromasentia.com\/sv\/wp-json\/wp\/v2\/product\/215169\/revisions"}],"wp:featuredmedia":[{"embeddable":true,"href":"https:\/\/aromasentia.com\/sv\/wp-json\/wp\/v2\/media\/314300"}],"wp:attachment":[{"href":"https:\/\/aromasentia.com\/sv\/wp-json\/wp\/v2\/media?parent=215169"}],"wp:term":[{"taxonomy":"product_brand","embeddable":true,"href":"https:\/\/aromasentia.com\/sv\/wp-json\/wp\/v2\/product_brand?post=215169"},{"taxonomy":"product_cat","embeddable":true,"href":"https:\/\/aromasentia.com\/sv\/wp-json\/wp\/v2\/product_cat?post=215169"},{"taxonomy":"product_tag","embeddable":true,"href":"https:\/\/aromasentia.com\/sv\/wp-json\/wp\/v2\/product_tag?post=215169"}],"curies":[{"name":"wp","href":"https:\/\/api.w.org\/{rel}","templated":true}]}}