{"id":215168,"date":"2025-03-21T11:43:56","date_gmt":"2025-03-21T11:43:56","guid":{"rendered":"https:\/\/aromasentia.com\/product\/zodiac-crystal-candle-with-gemstone-bracelet-sagittarius\/"},"modified":"2025-12-31T15:27:14","modified_gmt":"2025-12-31T15:27:14","slug":"stjarntecken-kristalljus-med-adelstensarmband-skytten","status":"publish","type":"product","link":"https:\/\/aromasentia.com\/sv\/stjarntecken-kristalljus-med-adelstensarmband-skytten\/","title":{"rendered":"Stj\u00e4rntecken Kristalljus med \u00c4delstensarmband &#8211; Skytten"},"content":{"rendered":"<p style=\"text-align: justify;\">Omfamna den \u00e4ventyrliga och frihets\u00e4lskande energin hos Skytten med detta Stj\u00e4rntecken Kristalljus. Den uppfriskande doften av <em>Turkos Dagg<\/em> skapar en upplyftande atmosf\u00e4r, som speglar Skyttens optimism och \u00e4ventyrslust.<\/p>\n<p style=\"text-align: justify;\"><strong>Setet inkluderar ett armband med \u00e4delstenar, tillverkat med ametist, sodalit och svart obsidian, valda f\u00f6r att harmonisera med Skyttens nyfikna och expansiva natur:<\/strong><\/p>\n<ul>\n<li style=\"text-align: justify;\">Ametist st\u00e4rker andlig utveckling och klarhet<\/li>\n<li style=\"text-align: justify;\">Sodalit fr\u00e4mjar sanning och kommunikation<\/li>\n<li style=\"text-align: justify;\">Svart obsidian erbjuder skydd och jordning<\/li>\n<\/ul>\n<p style=\"text-align: justify;\">Denna livfulla kombination av ljus och armband \u00e4r perfekt f\u00f6r dem som s\u00f6ker inspiration, \u00e4ventyr eller som en genomt\u00e4nkt present till Skytten.<\/p>\n<p style=\"text-align: justify;\"><strong>Toppnoter: Citronskal, bergamott, grapefrukt, apelsin <br \/>Hj\u00e4rtnoter: Jasmin, ros, ozoniska noter <br \/>Basnoter: B\u00e4rnsten, mysk, cedertr\u00e4, sandeltr\u00e4<\/strong><\/p>\n","protected":false},"excerpt":{"rendered":"<p>Omfamna den \u00e4ventyrliga och frihets\u00e4lskande energin hos Skytten med detta Stj\u00e4rntecken Kristalljus. Den uppfriskande doften av Turkos Dagg skapar en upplyftande atmosf\u00e4r, som speglar Skyttens optimism och \u00e4ventyrslust. Setet inkluderar ett armband med \u00e4delstenar, tillverkat med ametist, sodalit och svart obsidian, valda f\u00f6r att harmonisera med Skyttens nyfikna och expansiva natur: Ametist st\u00e4rker andlig utveckling [&hellip;]<\/p>\n","protected":false},"featured_media":314267,"comment_status":"closed","ping_status":"open","template":"","meta":{"_angie_page":false},"product_brand":[],"product_cat":[25208,12119],"product_tag":[],"class_list":{"0":"post-215168","1":"product","2":"type-product","3":"status-publish","4":"has-post-thumbnail","6":"product_cat-armband","7":"product_cat-ljusstakar-och-ljus","8":"pa_collection-zodiac-crystal-candles-with-gemstone-bracelet-sv","9":"pa_made-in-kina","11":"first","12":"instock","13":"purchasable","14":"product-type-simple"},"supplier_id":null,"supplier_sku":"ZCC-11","barcode":null,"atum_controlled":true,"out_stock_date":null,"out_stock_threshold":null,"inheritable":false,"inbound_stock":null,"stock_on_hold":0,"sold_today":0,"sales_last_days":0,"reserved_stock":null,"customer_returns":null,"warehouse_damage":null,"lost_in_post":null,"other_logs":null,"out_stock_days":0,"lost_sales":0,"has_location":null,"update_date":"2026-05-02T03:18:25","atum_locations":[],"atum_stock_status":"instock","restock_status":false,"low_stock_amount":"","sales_update_date":"2025-09-05T00:22:28","calc_backorders":null,"_links":{"self":[{"href":"https:\/\/aromasentia.com\/sv\/wp-json\/wp\/v2\/product\/215168","targetHints":{"allow":["GET"]}}],"collection":[{"href":"https:\/\/aromasentia.com\/sv\/wp-json\/wp\/v2\/product"}],"about":[{"href":"https:\/\/aromasentia.com\/sv\/wp-json\/wp\/v2\/types\/product"}],"replies":[{"embeddable":true,"href":"https:\/\/aromasentia.com\/sv\/wp-json\/wp\/v2\/comments?post=215168"}],"version-history":[{"count":0,"href":"https:\/\/aromasentia.com\/sv\/wp-json\/wp\/v2\/product\/215168\/revisions"}],"wp:featuredmedia":[{"embeddable":true,"href":"https:\/\/aromasentia.com\/sv\/wp-json\/wp\/v2\/media\/314267"}],"wp:attachment":[{"href":"https:\/\/aromasentia.com\/sv\/wp-json\/wp\/v2\/media?parent=215168"}],"wp:term":[{"taxonomy":"product_brand","embeddable":true,"href":"https:\/\/aromasentia.com\/sv\/wp-json\/wp\/v2\/product_brand?post=215168"},{"taxonomy":"product_cat","embeddable":true,"href":"https:\/\/aromasentia.com\/sv\/wp-json\/wp\/v2\/product_cat?post=215168"},{"taxonomy":"product_tag","embeddable":true,"href":"https:\/\/aromasentia.com\/sv\/wp-json\/wp\/v2\/product_tag?post=215168"}],"curies":[{"name":"wp","href":"https:\/\/api.w.org\/{rel}","templated":true}]}}