{"id":215167,"date":"2025-03-21T11:43:56","date_gmt":"2025-03-21T11:43:56","guid":{"rendered":"https:\/\/aromasentia.com\/product\/zodiac-crystal-candle-with-gemstone-bracelet-scorpio\/"},"modified":"2025-12-31T15:27:14","modified_gmt":"2025-12-31T15:27:14","slug":"stjarntecken-kristalljus-med-adelstensarmband-skorpionen","status":"publish","type":"product","link":"https:\/\/aromasentia.com\/sv\/stjarntecken-kristalljus-med-adelstensarmband-skorpionen\/","title":{"rendered":"Stj\u00e4rntecken Kristalljus med \u00c4delstensarmband &#8211; Skorpionen"},"content":{"rendered":"<p style=\"text-align: justify;\">Kanalisera den intensiva och transformerande energin hos Skorpionen med detta Stj\u00e4rntecken Kristalljus. Den djupa, rika doften av <em>Obsidian <\/em>och <em>M\u00f6rkt Kaffe<\/em> skapar en mystisk och st\u00e4rkande atmosf\u00e4r, perfekt f\u00f6r detta passionerade och or\u00e4dda stj\u00e4rntecken.<\/p>\n<p style=\"text-align: justify;\"><strong>Setet inkluderar ett armband med \u00e4delstenar, tillverkat med r\u00f6kkvarts, lapis lazuli och svart obsidian, utvalda f\u00f6r att st\u00f6dja Skorpionens kraftfulla och magnetiska natur:<\/strong><\/p>\n<ul>\n<li style=\"text-align: justify;\">R\u00f6kkvarts erbjuder skydd och jordning<\/li>\n<li style=\"text-align: justify;\">Lapis lazuli f\u00f6rst\u00e4rker visdom och sj\u00e4lvuttryck<\/li>\n<li style=\"text-align: justify;\">Svart obsidian ger djup l\u00e4kning och transformation<\/li>\n<\/ul>\n<p style=\"text-align: justify;\">Denna f\u00e4ngslande kombination av ljus och armband \u00e4r perfekt f\u00f6r stunder av eftertanke, styrka eller som en meningsfull g\u00e5va till en Skorpion.<\/p>\n<p style=\"text-align: justify;\"><strong>Toppnoter: Kryddig, svartpeppar<br \/>\n<br \/>Hj\u00e4rtnoter: Apelsinblomma, tiramisu, jasmin<br \/>\n<br \/>Basnoter: Tr\u00e4ig, vanilj, tonkab\u00f6na<\/strong><\/p>\n","protected":false},"excerpt":{"rendered":"<p>Kanalisera den intensiva och transformerande energin hos Skorpionen med detta Stj\u00e4rntecken Kristalljus. Den djupa, rika doften av Obsidian och M\u00f6rkt Kaffe skapar en mystisk och st\u00e4rkande atmosf\u00e4r, perfekt f\u00f6r detta passionerade och or\u00e4dda stj\u00e4rntecken. Setet inkluderar ett armband med \u00e4delstenar, tillverkat med r\u00f6kkvarts, lapis lazuli och svart obsidian, utvalda f\u00f6r att st\u00f6dja Skorpionens kraftfulla och [&hellip;]<\/p>\n","protected":false},"featured_media":314234,"comment_status":"closed","ping_status":"open","template":"","meta":{"_angie_page":false},"product_brand":[],"product_cat":[25208,12119],"product_tag":[],"class_list":{"0":"post-215167","1":"product","2":"type-product","3":"status-publish","4":"has-post-thumbnail","6":"product_cat-armband","7":"product_cat-ljusstakar-och-ljus","8":"pa_collection-zodiac-crystal-candles-with-gemstone-bracelet-sv","9":"pa_made-in-kina","11":"first","12":"instock","13":"purchasable","14":"product-type-simple"},"supplier_id":null,"supplier_sku":"ZCC-10","barcode":null,"atum_controlled":true,"out_stock_date":null,"out_stock_threshold":null,"inheritable":false,"inbound_stock":null,"stock_on_hold":0,"sold_today":0,"sales_last_days":0,"reserved_stock":null,"customer_returns":null,"warehouse_damage":null,"lost_in_post":null,"other_logs":null,"out_stock_days":0,"lost_sales":0,"has_location":null,"update_date":"2026-04-27T07:27:30","atum_locations":[],"atum_stock_status":"instock","restock_status":false,"low_stock_amount":"","sales_update_date":"2025-09-05T00:22:28","calc_backorders":null,"_links":{"self":[{"href":"https:\/\/aromasentia.com\/sv\/wp-json\/wp\/v2\/product\/215167","targetHints":{"allow":["GET"]}}],"collection":[{"href":"https:\/\/aromasentia.com\/sv\/wp-json\/wp\/v2\/product"}],"about":[{"href":"https:\/\/aromasentia.com\/sv\/wp-json\/wp\/v2\/types\/product"}],"replies":[{"embeddable":true,"href":"https:\/\/aromasentia.com\/sv\/wp-json\/wp\/v2\/comments?post=215167"}],"version-history":[{"count":0,"href":"https:\/\/aromasentia.com\/sv\/wp-json\/wp\/v2\/product\/215167\/revisions"}],"wp:featuredmedia":[{"embeddable":true,"href":"https:\/\/aromasentia.com\/sv\/wp-json\/wp\/v2\/media\/314234"}],"wp:attachment":[{"href":"https:\/\/aromasentia.com\/sv\/wp-json\/wp\/v2\/media?parent=215167"}],"wp:term":[{"taxonomy":"product_brand","embeddable":true,"href":"https:\/\/aromasentia.com\/sv\/wp-json\/wp\/v2\/product_brand?post=215167"},{"taxonomy":"product_cat","embeddable":true,"href":"https:\/\/aromasentia.com\/sv\/wp-json\/wp\/v2\/product_cat?post=215167"},{"taxonomy":"product_tag","embeddable":true,"href":"https:\/\/aromasentia.com\/sv\/wp-json\/wp\/v2\/product_tag?post=215167"}],"curies":[{"name":"wp","href":"https:\/\/api.w.org\/{rel}","templated":true}]}}