{"id":215166,"date":"2025-03-21T11:43:56","date_gmt":"2025-03-21T11:43:56","guid":{"rendered":"https:\/\/aromasentia.com\/product\/zodiac-crystal-candle-with-gemstone-bracelet-libra\/"},"modified":"2025-12-31T15:27:14","modified_gmt":"2025-12-31T15:27:14","slug":"stjarntecken-kristalljus-med-adelstensarmband-vagen","status":"publish","type":"product","link":"https:\/\/aromasentia.com\/sv\/stjarntecken-kristalljus-med-adelstensarmband-vagen\/","title":{"rendered":"Stj\u00e4rntecken Kristalljus med \u00c4delstensarmband &#8211; V\u00e5gen"},"content":{"rendered":"<p style=\"text-align: justify;\">Hitta din balans i den kosmiska dansen med V\u00e5gens Stj\u00e4rntecken Kristalljus. Den friska doften av <em>Kylig Jade &amp; Ekmossa<\/em>, en harmonisk \u00e5terspegling av Venus elegans, lugnar ditt sinne och skapar en atmosf\u00e4r av ro. Titanium-stenen, symbolen f\u00f6r balans, f\u00f6rkroppsligar V\u00e5gens str\u00e4van efter harmoni. Dansa, V\u00e5gen, och l\u00e5t dina dr\u00f6mmar lyfta p\u00e5 vingar av perfekt balans!<\/p>\n<p style=\"text-align: justify;\"><strong>Setet inkluderar ett armband med \u00e4delstenar, tillverkat med gr\u00f6n aventurin, opal och rosenkvarts, noggrant utvalda f\u00f6r att st\u00e4rka V\u00e5gens diplomatiska natur och fr\u00e4mja balans i deras relationer:<\/strong><\/p>\n<ul>\n<li style=\"text-align: justify;\">Gr\u00f6n aventurin ger klarhet och balans i beslutsfattandet<\/li>\n<li style=\"text-align: justify;\">Opal f\u00f6rst\u00e4rker V\u00e5gens naturliga charm och kreativitet<\/li>\n<li style=\"text-align: justify;\">Rosenkvarts hj\u00e4lper till att uppr\u00e4tth\u00e5lla harmoni i relationer<\/li>\n<\/ul>\n<p style=\"text-align: justify;\">V\u00e5gen, den diplomatiska charm\u00f6ren, s\u00f6ker harmoni i allt och navigerar graci\u00f6st genom livet med en stark k\u00e4nsla f\u00f6r r\u00e4ttvisa. Deras k\u00e4rlek till sk\u00f6nhet och balans g\u00f6r dem till sociala fj\u00e4rilar.<\/p>\n<p style=\"text-align: justify;\"><strong>Toppnoter: \u00d6rter, krydda, citrus<br \/>\n<br \/>Hj\u00e4rtnoter: Ros, geranium<br \/>\n<br \/>Basnoter: Ekmossa, vanilj, mysk<\/strong><\/p>\n","protected":false},"excerpt":{"rendered":"<p>Hitta din balans i den kosmiska dansen med V\u00e5gens Stj\u00e4rntecken Kristalljus. Den friska doften av Kylig Jade &amp; Ekmossa, en harmonisk \u00e5terspegling av Venus elegans, lugnar ditt sinne och skapar en atmosf\u00e4r av ro. Titanium-stenen, symbolen f\u00f6r balans, f\u00f6rkroppsligar V\u00e5gens str\u00e4van efter harmoni. Dansa, V\u00e5gen, och l\u00e5t dina dr\u00f6mmar lyfta p\u00e5 vingar av perfekt balans! [&hellip;]<\/p>\n","protected":false},"featured_media":314225,"comment_status":"closed","ping_status":"open","template":"","meta":{"_angie_page":false},"product_brand":[],"product_cat":[25208,12119],"product_tag":[],"class_list":{"0":"post-215166","1":"product","2":"type-product","3":"status-publish","4":"has-post-thumbnail","6":"product_cat-armband","7":"product_cat-ljusstakar-och-ljus","8":"pa_collection-zodiac-crystal-candles-with-gemstone-bracelet-sv","9":"pa_made-in-kina","11":"first","12":"instock","13":"purchasable","14":"product-type-simple"},"supplier_id":null,"supplier_sku":"ZCC-09","barcode":null,"atum_controlled":true,"out_stock_date":null,"out_stock_threshold":null,"inheritable":false,"inbound_stock":null,"stock_on_hold":0,"sold_today":0,"sales_last_days":0,"reserved_stock":null,"customer_returns":null,"warehouse_damage":null,"lost_in_post":null,"other_logs":null,"out_stock_days":0,"lost_sales":0,"has_location":null,"update_date":"2026-04-27T07:27:30","atum_locations":[],"atum_stock_status":"instock","restock_status":false,"low_stock_amount":"","sales_update_date":"2025-09-05T00:22:28","calc_backorders":null,"_links":{"self":[{"href":"https:\/\/aromasentia.com\/sv\/wp-json\/wp\/v2\/product\/215166","targetHints":{"allow":["GET"]}}],"collection":[{"href":"https:\/\/aromasentia.com\/sv\/wp-json\/wp\/v2\/product"}],"about":[{"href":"https:\/\/aromasentia.com\/sv\/wp-json\/wp\/v2\/types\/product"}],"replies":[{"embeddable":true,"href":"https:\/\/aromasentia.com\/sv\/wp-json\/wp\/v2\/comments?post=215166"}],"version-history":[{"count":0,"href":"https:\/\/aromasentia.com\/sv\/wp-json\/wp\/v2\/product\/215166\/revisions"}],"wp:featuredmedia":[{"embeddable":true,"href":"https:\/\/aromasentia.com\/sv\/wp-json\/wp\/v2\/media\/314225"}],"wp:attachment":[{"href":"https:\/\/aromasentia.com\/sv\/wp-json\/wp\/v2\/media?parent=215166"}],"wp:term":[{"taxonomy":"product_brand","embeddable":true,"href":"https:\/\/aromasentia.com\/sv\/wp-json\/wp\/v2\/product_brand?post=215166"},{"taxonomy":"product_cat","embeddable":true,"href":"https:\/\/aromasentia.com\/sv\/wp-json\/wp\/v2\/product_cat?post=215166"},{"taxonomy":"product_tag","embeddable":true,"href":"https:\/\/aromasentia.com\/sv\/wp-json\/wp\/v2\/product_tag?post=215166"}],"curies":[{"name":"wp","href":"https:\/\/api.w.org\/{rel}","templated":true}]}}