{"id":215164,"date":"2025-03-21T11:43:56","date_gmt":"2025-03-21T11:43:56","guid":{"rendered":"https:\/\/aromasentia.com\/product\/zodiac-crystal-candle-with-gemstone-bracelet-leo\/"},"modified":"2025-12-31T15:27:14","modified_gmt":"2025-12-31T15:27:14","slug":"stjarntecken-kristalljus-med-adelstensarmband-lejonet","status":"publish","type":"product","link":"https:\/\/aromasentia.com\/sv\/stjarntecken-kristalljus-med-adelstensarmband-lejonet\/","title":{"rendered":"Stj\u00e4rntecken Kristalljus med \u00c4delstensarmband &#8211; Lejonet"},"content":{"rendered":"<p style=\"text-align: justify;\">Frig\u00f6r Lejonets modiga och str\u00e5lande energi med Stj\u00e4rntecken Kristalljus. Den varma, uppfriskande doften av <em>Frostad Citrin &amp; Ingef\u00e4ra&nbsp;<\/em>fyller luften och speglar perfekt denna eldiga stj\u00e4rnteckens livfulla och sj\u00e4lvs\u00e4kra anda.<\/p>\n<p style=\"text-align: justify;\"><strong>Setet inkluderar ett kraftfullt armband med \u00e4delstenar, tillverkat av tiger\u00f6ga och karneol, noggrant utvalda f\u00f6r att f\u00f6rst\u00e4rka Lejonets styrkor:<\/strong><\/p>\n<ul>\n<li style=\"text-align: justify;\">Tiger\u00f6ga \u00f6kar mod och personlig kraft<\/li>\n<li style=\"text-align: justify;\">Karneol st\u00e4rker kreativitet och motivation<\/li>\n<\/ul>\n<p style=\"text-align: justify;\">Denna dj\u00e4rva kombination av ljus och armband \u00e4r perfekt f\u00f6r att st\u00e4rka Lejonets inre kraft, vilket g\u00f6r det till en idealisk g\u00e5va eller ett personligt inslag i egenv\u00e5rdsrutinen.<\/p>\n<p style=\"text-align: justify;\"><strong>Toppnoter: Nektarin, citrus, gr\u00f6na noter<br \/>\n<br \/>Hj\u00e4rtnoter: Rosenblad, liljekonvalj, ingef\u00e4ra<br \/>\n<br \/>Basnoter: Mysk, tr\u00e4<\/strong><\/p>\n","protected":false},"excerpt":{"rendered":"<p>Frig\u00f6r Lejonets modiga och str\u00e5lande energi med Stj\u00e4rntecken Kristalljus. Den varma, uppfriskande doften av Frostad Citrin &amp; Ingef\u00e4ra&nbsp;fyller luften och speglar perfekt denna eldiga stj\u00e4rnteckens livfulla och sj\u00e4lvs\u00e4kra anda. Setet inkluderar ett kraftfullt armband med \u00e4delstenar, tillverkat av tiger\u00f6ga och karneol, noggrant utvalda f\u00f6r att f\u00f6rst\u00e4rka Lejonets styrkor: Tiger\u00f6ga \u00f6kar mod och personlig kraft Karneol [&hellip;]<\/p>\n","protected":false},"featured_media":314159,"comment_status":"closed","ping_status":"open","template":"","meta":{"_angie_page":false},"product_brand":[],"product_cat":[25208,12119],"product_tag":[],"class_list":{"0":"post-215164","1":"product","2":"type-product","3":"status-publish","4":"has-post-thumbnail","6":"product_cat-armband","7":"product_cat-ljusstakar-och-ljus","8":"pa_collection-zodiac-crystal-candles-with-gemstone-bracelet-sv","9":"pa_made-in-kina","11":"first","12":"instock","13":"purchasable","14":"product-type-simple"},"supplier_id":null,"supplier_sku":"ZCC-07","barcode":null,"atum_controlled":true,"out_stock_date":null,"out_stock_threshold":null,"inheritable":false,"inbound_stock":null,"stock_on_hold":0,"sold_today":0,"sales_last_days":0,"reserved_stock":null,"customer_returns":null,"warehouse_damage":null,"lost_in_post":null,"other_logs":null,"out_stock_days":0,"lost_sales":0,"has_location":null,"update_date":"2026-04-27T07:27:30","atum_locations":[],"atum_stock_status":"instock","restock_status":false,"low_stock_amount":"","sales_update_date":"2025-09-05T00:22:28","calc_backorders":null,"_links":{"self":[{"href":"https:\/\/aromasentia.com\/sv\/wp-json\/wp\/v2\/product\/215164","targetHints":{"allow":["GET"]}}],"collection":[{"href":"https:\/\/aromasentia.com\/sv\/wp-json\/wp\/v2\/product"}],"about":[{"href":"https:\/\/aromasentia.com\/sv\/wp-json\/wp\/v2\/types\/product"}],"replies":[{"embeddable":true,"href":"https:\/\/aromasentia.com\/sv\/wp-json\/wp\/v2\/comments?post=215164"}],"version-history":[{"count":0,"href":"https:\/\/aromasentia.com\/sv\/wp-json\/wp\/v2\/product\/215164\/revisions"}],"wp:featuredmedia":[{"embeddable":true,"href":"https:\/\/aromasentia.com\/sv\/wp-json\/wp\/v2\/media\/314159"}],"wp:attachment":[{"href":"https:\/\/aromasentia.com\/sv\/wp-json\/wp\/v2\/media?parent=215164"}],"wp:term":[{"taxonomy":"product_brand","embeddable":true,"href":"https:\/\/aromasentia.com\/sv\/wp-json\/wp\/v2\/product_brand?post=215164"},{"taxonomy":"product_cat","embeddable":true,"href":"https:\/\/aromasentia.com\/sv\/wp-json\/wp\/v2\/product_cat?post=215164"},{"taxonomy":"product_tag","embeddable":true,"href":"https:\/\/aromasentia.com\/sv\/wp-json\/wp\/v2\/product_tag?post=215164"}],"curies":[{"name":"wp","href":"https:\/\/api.w.org\/{rel}","templated":true}]}}