{"id":214743,"date":"2025-03-21T14:44:59","date_gmt":"2025-03-21T14:44:59","guid":{"rendered":"https:\/\/aromasentia.com\/product\/reversible-jute-cotton-big-bag-teal\/"},"modified":"2025-12-31T15:21:39","modified_gmt":"2025-12-31T15:21:39","slug":"stor-vandbar-vaska-i-jute-bomull-blagron","status":"publish","type":"product","link":"https:\/\/aromasentia.com\/sv\/stor-vandbar-vaska-i-jute-bomull-blagron\/","title":{"rendered":"Stor V\u00e4ndbar V\u00e4ska i Jute &#038; Bomull &#8211; Bl\u00e5gr\u00f6n"},"content":{"rendered":"<p style=\"text-align: justify;\"><strong>Milj\u00f6v\u00e4nliga v\u00e4skor i grossistledet \u00e4r ett m\u00e5ste f\u00f6r \u00e5terf\u00f6rs\u00e4ljare!&nbsp;<\/strong>V\u00e4ndbara V\u00e4skor i Jute- &amp; Bomull i Bl\u00e5gr\u00f6n \u00e4r en stors\u00e4ljare f\u00f6r butiker, milj\u00f6v\u00e4nliga aff\u00e4rer och h\u00e5llbara \u00e5terf\u00f6rs\u00e4ljare. Denna v\u00e4ska \u00e4r handgjord i Indien av 100% naturlig jute och bomull, och erbjuder ett plastfritt, \u00e5teranv\u00e4ndbart och biologiskt nedbrytbart alternativ som passar dagens shoppingtrender.<\/p>\n<p style=\"text-align: justify;\">Dess v\u00e4ndbara design inneb\u00e4r tv\u00e5 v\u00e4skor i en &ndash; en dj\u00e4rv bl\u00e5gr\u00f6n bomullssida f\u00f6r en modern touch och en klassisk jutesida f\u00f6r ett naturligt utseende.<\/p>\n<p style=\"text-align: justify;\">Den rymliga insidan p\u00e5 49&#215;40 cm g\u00f6r den perfekt f\u00f6r shopping, dagliga \u00e4renden eller arbetsartiklar. Kunderna kommer att \u00e4lska de starka handtagen, framfickan f\u00f6r extra f\u00f6rvaring och den stiliga knappsst\u00e4ngningen i tr\u00e4.<\/p>\n<p style=\"text-align: justify;\"><strong>Varf\u00f6r \u00e5terf\u00f6rs\u00e4ljare \u00e4lskar denna produkt:<\/strong><\/p>\n<p style=\"text-align: justify;\">\u00e2\u0153\u201d H\u00e5llbar &amp; plastfri &ndash; Tillverkad av 100% jute &amp; bomull<br \/>\u00e2\u0153\u201d Perfekt f\u00f6r grossistink\u00f6p &ndash; Idealisk f\u00f6r milj\u00f6medvetna butiker <br \/>\u00e2\u0153\u201d V\u00e4ndbar f\u00f6r m\u00e5ngsidighet &ndash; Tv\u00e5 snygga stilar i en v\u00e4ska<br \/>\u00e2\u0153\u201d Rymlig &amp; l\u00e4tt &ndash; 49x40cm med framficka<br \/>\u00e2\u0153\u201d Stark &amp; s\u00e4ker &ndash; Knappsst\u00e4ngning &amp; slitstarka handtag<\/p>\n<p style=\"text-align: justify;\">Du kan inte g\u00e5 fel med milj\u00f6v\u00e4nliga, \u00e5teranv\u00e4ndbara shoppingv\u00e4skor &ndash; fyll p\u00e5 lagret idag och ge dina kunder ett dj\u00e4rvt och h\u00e5llbart alternativ!<\/p>\n","protected":false},"excerpt":{"rendered":"<p>Milj\u00f6v\u00e4nliga v\u00e4skor i grossistledet \u00e4r ett m\u00e5ste f\u00f6r \u00e5terf\u00f6rs\u00e4ljare!&nbsp;V\u00e4ndbara V\u00e4skor i Jute- &amp; Bomull i Bl\u00e5gr\u00f6n \u00e4r en stors\u00e4ljare f\u00f6r butiker, milj\u00f6v\u00e4nliga aff\u00e4rer och h\u00e5llbara \u00e5terf\u00f6rs\u00e4ljare. Denna v\u00e4ska \u00e4r handgjord i Indien av 100% naturlig jute och bomull, och erbjuder ett plastfritt, \u00e5teranv\u00e4ndbart och biologiskt nedbrytbart alternativ som passar dagens shoppingtrender. Dess v\u00e4ndbara design inneb\u00e4r [&hellip;]<\/p>\n","protected":false},"featured_media":328714,"comment_status":"closed","ping_status":"open","template":"","meta":{"_angie_page":false},"product_brand":[],"product_cat":[12661,12652],"product_tag":[],"class_list":{"0":"post-214743","1":"product","2":"type-product","3":"status-publish","4":"has-post-thumbnail","6":"product_cat-jutevaskor-och-korgar","7":"product_cat-vaskor-ryggsackar","8":"pa_collection-reversible-jute-cotton-big-bag-sv","9":"pa_made-in-indien","11":"first","12":"instock","13":"purchasable","14":"product-type-simple"},"supplier_id":null,"supplier_sku":"RevB-03","barcode":null,"atum_controlled":true,"out_stock_date":null,"out_stock_threshold":null,"inheritable":false,"inbound_stock":null,"stock_on_hold":0,"sold_today":0,"sales_last_days":0,"reserved_stock":null,"customer_returns":null,"warehouse_damage":null,"lost_in_post":null,"other_logs":null,"out_stock_days":0,"lost_sales":0,"has_location":null,"update_date":"2026-04-28T01:00:32","atum_locations":[],"atum_stock_status":"instock","restock_status":false,"low_stock_amount":"","sales_update_date":"2025-09-05T00:23:42","calc_backorders":null,"_links":{"self":[{"href":"https:\/\/aromasentia.com\/sv\/wp-json\/wp\/v2\/product\/214743","targetHints":{"allow":["GET"]}}],"collection":[{"href":"https:\/\/aromasentia.com\/sv\/wp-json\/wp\/v2\/product"}],"about":[{"href":"https:\/\/aromasentia.com\/sv\/wp-json\/wp\/v2\/types\/product"}],"replies":[{"embeddable":true,"href":"https:\/\/aromasentia.com\/sv\/wp-json\/wp\/v2\/comments?post=214743"}],"version-history":[{"count":0,"href":"https:\/\/aromasentia.com\/sv\/wp-json\/wp\/v2\/product\/214743\/revisions"}],"wp:featuredmedia":[{"embeddable":true,"href":"https:\/\/aromasentia.com\/sv\/wp-json\/wp\/v2\/media\/328714"}],"wp:attachment":[{"href":"https:\/\/aromasentia.com\/sv\/wp-json\/wp\/v2\/media?parent=214743"}],"wp:term":[{"taxonomy":"product_brand","embeddable":true,"href":"https:\/\/aromasentia.com\/sv\/wp-json\/wp\/v2\/product_brand?post=214743"},{"taxonomy":"product_cat","embeddable":true,"href":"https:\/\/aromasentia.com\/sv\/wp-json\/wp\/v2\/product_cat?post=214743"},{"taxonomy":"product_tag","embeddable":true,"href":"https:\/\/aromasentia.com\/sv\/wp-json\/wp\/v2\/product_tag?post=214743"}],"curies":[{"name":"wp","href":"https:\/\/api.w.org\/{rel}","templated":true}]}}