{"id":214724,"date":"2025-03-21T14:45:04","date_gmt":"2025-03-21T14:45:04","guid":{"rendered":"https:\/\/aromasentia.com\/product\/soft-blend-shoulder-tote-tumeric\/"},"modified":"2025-12-31T15:21:24","modified_gmt":"2025-12-31T15:21:24","slug":"axelvaska-av-mjukt-tyg-gurkmejafargad","status":"publish","type":"product","link":"https:\/\/aromasentia.com\/sv\/axelvaska-av-mjukt-tyg-gurkmejafargad\/","title":{"rendered":"Axelv\u00e4ska av Mjukt Tyg &#8211; Gurkmejaf\u00e4rgad"},"content":{"rendered":"<p style=\"text-align: justify;\"><strong>Ge dina kunders stil lite v\u00e4rme och energi med v\u00e5r Axelv\u00e4skor av Mjukt Tyg i Gurkmejaf\u00e4rg.<\/strong><\/p>\n<p style=\"text-align: justify;\">Denna v\u00e4ska har en sl\u00e5ende kombination av gyllene gula och varma orange nyanser, inspirerade av de rika, jordn\u00e4ra tonerna av gurkmeja. Gurkmejans nyanser tillf\u00f6r en vibrerande och exotisk k\u00e4nsla, vilket g\u00f6r denna v\u00e4ska till ett i\u00f6gonfallande tillbeh\u00f6r f\u00f6r alla tillf\u00e4llen.<\/p>\n<p style=\"text-align: justify;\">Oavsett om dina kunder \u00e4r p\u00e5 v\u00e4g till en sommarfestival eller en solig stranddag, kommer denna v\u00e4ska att komplettera deras look perfekt.<\/p>\n<p style=\"text-align: justify;\">Den \u00e4r tillverkad av mjuk tv\u00e4ttad jute och fodrad med bomull, och erbjuder b\u00e5de komfort och h\u00e5llbarhet. Den handf\u00e4rgade designen g\u00f6r varje v\u00e4ska unik, och den magnetiska kn\u00e4ppningen h\u00e5ller dina tillh\u00f6righeter s\u00e4kra.<\/p>\n<p style=\"text-align: justify;\"><strong>L\u00e5t de varma gurkmejans nyanser lysa upp din dag och stil.<\/strong><\/p>\n<p style=\"text-align: justify;\"><strong>M\u00e5tt:<br \/>\n<\/strong>40x32x9 cm<\/p>\n","protected":false},"excerpt":{"rendered":"<p>Ge dina kunders stil lite v\u00e4rme och energi med v\u00e5r Axelv\u00e4skor av Mjukt Tyg i Gurkmejaf\u00e4rg. Denna v\u00e4ska har en sl\u00e5ende kombination av gyllene gula och varma orange nyanser, inspirerade av de rika, jordn\u00e4ra tonerna av gurkmeja. Gurkmejans nyanser tillf\u00f6r en vibrerande och exotisk k\u00e4nsla, vilket g\u00f6r denna v\u00e4ska till ett i\u00f6gonfallande tillbeh\u00f6r f\u00f6r alla [&hellip;]<\/p>\n","protected":false},"featured_media":329231,"comment_status":"closed","ping_status":"open","template":"","meta":{"_angie_page":false},"product_brand":[],"product_cat":[12651,12652],"product_tag":[],"class_list":{"0":"post-214724","1":"product","2":"type-product","3":"status-publish","4":"has-post-thumbnail","6":"product_cat-ekologiska-vaskor","7":"product_cat-vaskor-ryggsackar","8":"pa_collection-soft-blend-shoulder-totes-sv","9":"pa_made-in-indien","11":"first","12":"instock","13":"purchasable","14":"product-type-simple"},"supplier_id":null,"supplier_sku":"SBST-04","barcode":null,"atum_controlled":true,"out_stock_date":null,"out_stock_threshold":null,"inheritable":false,"inbound_stock":null,"stock_on_hold":0,"sold_today":0,"sales_last_days":0,"reserved_stock":null,"customer_returns":null,"warehouse_damage":null,"lost_in_post":null,"other_logs":null,"out_stock_days":0,"lost_sales":0,"has_location":null,"update_date":"2026-04-27T07:20:29","atum_locations":[],"atum_stock_status":"instock","restock_status":false,"low_stock_amount":"","sales_update_date":"2026-01-30T01:25:38","calc_backorders":null,"_links":{"self":[{"href":"https:\/\/aromasentia.com\/sv\/wp-json\/wp\/v2\/product\/214724","targetHints":{"allow":["GET"]}}],"collection":[{"href":"https:\/\/aromasentia.com\/sv\/wp-json\/wp\/v2\/product"}],"about":[{"href":"https:\/\/aromasentia.com\/sv\/wp-json\/wp\/v2\/types\/product"}],"replies":[{"embeddable":true,"href":"https:\/\/aromasentia.com\/sv\/wp-json\/wp\/v2\/comments?post=214724"}],"version-history":[{"count":0,"href":"https:\/\/aromasentia.com\/sv\/wp-json\/wp\/v2\/product\/214724\/revisions"}],"wp:featuredmedia":[{"embeddable":true,"href":"https:\/\/aromasentia.com\/sv\/wp-json\/wp\/v2\/media\/329231"}],"wp:attachment":[{"href":"https:\/\/aromasentia.com\/sv\/wp-json\/wp\/v2\/media?parent=214724"}],"wp:term":[{"taxonomy":"product_brand","embeddable":true,"href":"https:\/\/aromasentia.com\/sv\/wp-json\/wp\/v2\/product_brand?post=214724"},{"taxonomy":"product_cat","embeddable":true,"href":"https:\/\/aromasentia.com\/sv\/wp-json\/wp\/v2\/product_cat?post=214724"},{"taxonomy":"product_tag","embeddable":true,"href":"https:\/\/aromasentia.com\/sv\/wp-json\/wp\/v2\/product_tag?post=214724"}],"curies":[{"name":"wp","href":"https:\/\/api.w.org\/{rel}","templated":true}]}}