{"id":214723,"date":"2025-03-21T14:45:04","date_gmt":"2025-03-21T14:45:04","guid":{"rendered":"https:\/\/aromasentia.com\/product\/soft-blend-shoulder-tote-teal\/"},"modified":"2025-12-31T15:21:24","modified_gmt":"2025-12-31T15:21:24","slug":"axelvaska-av-mjukt-tyg-blagron","status":"publish","type":"product","link":"https:\/\/aromasentia.com\/sv\/axelvaska-av-mjukt-tyg-blagron\/","title":{"rendered":"Axelv\u00e4ska av Mjukt Tyg &#8211; Bl\u00e5gr\u00f6n"},"content":{"rendered":"<p style=\"text-align: justify;\"><strong>Skapa en fr\u00e4sch k\u00e4nsla i varje garderob med v\u00e5r Axelv\u00e4ska av Mjukt Tyg i Bl\u00e5gr\u00f6n.<\/strong><\/p>\n<p style=\"text-align: justify;\">Denna v\u00e4ska har en livfull blandning av bl\u00e5gr\u00f6n och gr\u00f6n, som p\u00e5minner om frodiga tropiska skogar och klar, lugn vatten. F\u00e4rgerna tillf\u00f6r en uppfriskande och livlig k\u00e4nsla till varje outfit, perfekt f\u00f6r att lysa upp din vardagslook eller g\u00f6ra ett statement p\u00e5 en festival.<\/p>\n<p style=\"text-align: justify;\">Denna v\u00e4ska, som \u00e4r tillverkad av mjuk tv\u00e4ttad jute och fodrad med bomull, \u00e4r b\u00e5de bekv\u00e4m och h\u00e5llbar. Den unika tie-dye-designen g\u00f6r varje v\u00e4ska unik, och den magnetiska kn\u00e4ppningen h\u00e5ller dina viktiga saker s\u00e4kra.<\/p>\n<p style=\"text-align: justify;\"><strong>Omfamna den livfulla energin av bl\u00e5gr\u00f6n och stick ut fr\u00e5n m\u00e4ngden.<\/strong><\/p>\n<p style=\"text-align: justify;\"><strong>M\u00e5tt:<\/strong><br \/>\n40x32x9cm<\/p>\n","protected":false},"excerpt":{"rendered":"<p>Skapa en fr\u00e4sch k\u00e4nsla i varje garderob med v\u00e5r Axelv\u00e4ska av Mjukt Tyg i Bl\u00e5gr\u00f6n. Denna v\u00e4ska har en livfull blandning av bl\u00e5gr\u00f6n och gr\u00f6n, som p\u00e5minner om frodiga tropiska skogar och klar, lugn vatten. F\u00e4rgerna tillf\u00f6r en uppfriskande och livlig k\u00e4nsla till varje outfit, perfekt f\u00f6r att lysa upp din vardagslook eller g\u00f6ra ett [&hellip;]<\/p>\n","protected":false},"featured_media":329198,"comment_status":"closed","ping_status":"open","template":"","meta":{"_angie_page":false},"product_brand":[],"product_cat":[12651,12652],"product_tag":[],"class_list":{"0":"post-214723","1":"product","2":"type-product","3":"status-publish","4":"has-post-thumbnail","6":"product_cat-ekologiska-vaskor","7":"product_cat-vaskor-ryggsackar","8":"pa_collection-soft-blend-shoulder-totes-sv","9":"pa_made-in-indien","11":"first","12":"instock","13":"purchasable","14":"product-type-simple"},"supplier_id":null,"supplier_sku":"SBST-03","barcode":null,"atum_controlled":true,"out_stock_date":null,"out_stock_threshold":null,"inheritable":false,"inbound_stock":null,"stock_on_hold":0,"sold_today":0,"sales_last_days":0,"reserved_stock":null,"customer_returns":null,"warehouse_damage":null,"lost_in_post":null,"other_logs":null,"out_stock_days":0,"lost_sales":0,"has_location":null,"update_date":"2026-04-27T07:20:29","atum_locations":[],"atum_stock_status":"instock","restock_status":false,"low_stock_amount":"","sales_update_date":"2026-01-30T01:25:37","calc_backorders":null,"_links":{"self":[{"href":"https:\/\/aromasentia.com\/sv\/wp-json\/wp\/v2\/product\/214723","targetHints":{"allow":["GET"]}}],"collection":[{"href":"https:\/\/aromasentia.com\/sv\/wp-json\/wp\/v2\/product"}],"about":[{"href":"https:\/\/aromasentia.com\/sv\/wp-json\/wp\/v2\/types\/product"}],"replies":[{"embeddable":true,"href":"https:\/\/aromasentia.com\/sv\/wp-json\/wp\/v2\/comments?post=214723"}],"version-history":[{"count":0,"href":"https:\/\/aromasentia.com\/sv\/wp-json\/wp\/v2\/product\/214723\/revisions"}],"wp:featuredmedia":[{"embeddable":true,"href":"https:\/\/aromasentia.com\/sv\/wp-json\/wp\/v2\/media\/329198"}],"wp:attachment":[{"href":"https:\/\/aromasentia.com\/sv\/wp-json\/wp\/v2\/media?parent=214723"}],"wp:term":[{"taxonomy":"product_brand","embeddable":true,"href":"https:\/\/aromasentia.com\/sv\/wp-json\/wp\/v2\/product_brand?post=214723"},{"taxonomy":"product_cat","embeddable":true,"href":"https:\/\/aromasentia.com\/sv\/wp-json\/wp\/v2\/product_cat?post=214723"},{"taxonomy":"product_tag","embeddable":true,"href":"https:\/\/aromasentia.com\/sv\/wp-json\/wp\/v2\/product_tag?post=214723"}],"curies":[{"name":"wp","href":"https:\/\/api.w.org\/{rel}","templated":true}]}}