{"id":214722,"date":"2025-03-21T14:45:04","date_gmt":"2025-03-21T14:45:04","guid":{"rendered":"https:\/\/aromasentia.com\/product\/soft-blend-shoulder-tote-denim-blue\/"},"modified":"2025-12-31T15:21:16","modified_gmt":"2025-12-31T15:21:16","slug":"axelvaska-av-mjukt-tyg-jeansbla","status":"publish","type":"product","link":"https:\/\/aromasentia.com\/sv\/axelvaska-av-mjukt-tyg-jeansbla\/","title":{"rendered":"Axelv\u00e4ska av Mjukt Tyg &#8211; Jeansbl\u00e5"},"content":{"rendered":"<p style=\"text-align: justify;\">Omfamna de svalkande, lugnande nyanserna av v\u00e5r Axelv\u00e4ska i Mjukt Tyg i Jeansbl\u00e5.<\/p>\n<p style=\"text-align: justify;\">Denna v\u00e4ska kombinerar djupa bl\u00e5 toner med subtila inslag av gr\u00f6nt, vilket p\u00e5minner om havets rofyllda sk\u00f6nhet. De jeansbl\u00e5 f\u00e4rgerna \u00e4r b\u00e5de m\u00e5ngsidiga och tidl\u00f6sa, vilket g\u00f6r denna v\u00e4ska till en perfekt f\u00f6ljeslagare f\u00f6r varje outfit, vare sig dina kunder ska till stranden eller ut p\u00e5 en avslappnad dag.<\/p>\n<p style=\"text-align: justify;\">Den \u00e4r tillverkad av mjuk tv\u00e4ttad jute och fodrad med bomull, och erbjuder b\u00e5de komfort och h\u00e5llbarhet. Den unika tie-dye-designen ger varje v\u00e4ska en personlig touch, vilket g\u00f6r varje exemplar till ett konstverk.<\/p>\n<p style=\"text-align: justify;\"><strong>Med sin s\u00e4kra magnetiska kn\u00e4ppning kan de b\u00e4ra sina saker med stil och sinnesro.<\/strong><\/p>\n<p style=\"text-align: justify;\"><strong>M\u00e5tt:<\/strong><br \/>\n40x32x9 cm<\/p>\n","protected":false},"excerpt":{"rendered":"<p>Omfamna de svalkande, lugnande nyanserna av v\u00e5r Axelv\u00e4ska i Mjukt Tyg i Jeansbl\u00e5. Denna v\u00e4ska kombinerar djupa bl\u00e5 toner med subtila inslag av gr\u00f6nt, vilket p\u00e5minner om havets rofyllda sk\u00f6nhet. De jeansbl\u00e5 f\u00e4rgerna \u00e4r b\u00e5de m\u00e5ngsidiga och tidl\u00f6sa, vilket g\u00f6r denna v\u00e4ska till en perfekt f\u00f6ljeslagare f\u00f6r varje outfit, vare sig dina kunder ska till [&hellip;]<\/p>\n","protected":false},"featured_media":329157,"comment_status":"closed","ping_status":"open","template":"","meta":{"_angie_page":false},"product_brand":[],"product_cat":[12651,12652],"product_tag":[],"class_list":{"0":"post-214722","1":"product","2":"type-product","3":"status-publish","4":"has-post-thumbnail","6":"product_cat-ekologiska-vaskor","7":"product_cat-vaskor-ryggsackar","8":"pa_collection-soft-blend-shoulder-totes-sv","9":"pa_made-in-indien","11":"first","12":"instock","13":"purchasable","14":"product-type-simple"},"supplier_id":null,"supplier_sku":"SBST-02","barcode":null,"atum_controlled":true,"out_stock_date":null,"out_stock_threshold":null,"inheritable":false,"inbound_stock":null,"stock_on_hold":0,"sold_today":0,"sales_last_days":0,"reserved_stock":null,"customer_returns":null,"warehouse_damage":null,"lost_in_post":null,"other_logs":null,"out_stock_days":0,"lost_sales":0,"has_location":null,"update_date":"2026-04-27T07:20:29","atum_locations":[],"atum_stock_status":"instock","restock_status":false,"low_stock_amount":"","sales_update_date":"2026-01-30T01:24:35","calc_backorders":null,"_links":{"self":[{"href":"https:\/\/aromasentia.com\/sv\/wp-json\/wp\/v2\/product\/214722","targetHints":{"allow":["GET"]}}],"collection":[{"href":"https:\/\/aromasentia.com\/sv\/wp-json\/wp\/v2\/product"}],"about":[{"href":"https:\/\/aromasentia.com\/sv\/wp-json\/wp\/v2\/types\/product"}],"replies":[{"embeddable":true,"href":"https:\/\/aromasentia.com\/sv\/wp-json\/wp\/v2\/comments?post=214722"}],"version-history":[{"count":0,"href":"https:\/\/aromasentia.com\/sv\/wp-json\/wp\/v2\/product\/214722\/revisions"}],"wp:featuredmedia":[{"embeddable":true,"href":"https:\/\/aromasentia.com\/sv\/wp-json\/wp\/v2\/media\/329157"}],"wp:attachment":[{"href":"https:\/\/aromasentia.com\/sv\/wp-json\/wp\/v2\/media?parent=214722"}],"wp:term":[{"taxonomy":"product_brand","embeddable":true,"href":"https:\/\/aromasentia.com\/sv\/wp-json\/wp\/v2\/product_brand?post=214722"},{"taxonomy":"product_cat","embeddable":true,"href":"https:\/\/aromasentia.com\/sv\/wp-json\/wp\/v2\/product_cat?post=214722"},{"taxonomy":"product_tag","embeddable":true,"href":"https:\/\/aromasentia.com\/sv\/wp-json\/wp\/v2\/product_tag?post=214722"}],"curies":[{"name":"wp","href":"https:\/\/api.w.org\/{rel}","templated":true}]}}