{"id":214721,"date":"2025-03-21T14:45:04","date_gmt":"2025-03-21T14:45:04","guid":{"rendered":"https:\/\/aromasentia.com\/product\/soft-blend-shoulder-tote-antique-fuchsia\/"},"modified":"2025-12-31T15:21:16","modified_gmt":"2025-12-31T15:21:16","slug":"axelvaska-av-mjukt-tyg-antik-fuchsia","status":"publish","type":"product","link":"https:\/\/aromasentia.com\/sv\/axelvaska-av-mjukt-tyg-antik-fuchsia\/","title":{"rendered":"Axelv\u00e4ska av Mjukt Tyg &#8211; Antik Fuchsia"},"content":{"rendered":"<p style=\"text-align: justify;\"><strong>Stig in i en v\u00e4rld av livfulla nyanser med v\u00e5r Axelv\u00e4ska av Mjukt Tyg- Antik Fuchsia.<\/strong><\/p>\n<p style=\"text-align: justify;\">Denna sl\u00e5ende v\u00e4ska kombinerar rika lila och rosa toner, som p\u00e5minner om en vacker solnedg\u00e5ng. De antika fuchsia-tonerna ger en k\u00e4nsla av elegans och charm, vilket g\u00f6r den till det perfekta accessoaret b\u00e5de f\u00f6r avslappnade utflykter och speciella tillf\u00e4llen.<\/p>\n<p style=\"text-align: justify;\">Den \u00e4r tillverkad av mjuk tv\u00e4ttad jute och fodrad med bomull, och erbjuder b\u00e5de komfort och h\u00e5llbarhet. Den unika tie-dye-designen garanterar att varje v\u00e4ska \u00e4r unik, vilket ger en personlig touch till dina kunders stil.<\/p>\n<p style=\"text-align: justify;\"><strong>S\u00e4kra dina tillh\u00f6righeter med den praktiska magnetkn\u00e4ppningen och g\u00f6r ett dj\u00e4rvt statement var du \u00e4n g\u00e5r.<\/strong><\/p>\n<p style=\"text-align: justify;\"><strong>M\u00e5tt:<\/strong><br \/>\n40x32x9 cm<\/p>\n","protected":false},"excerpt":{"rendered":"<p>Stig in i en v\u00e4rld av livfulla nyanser med v\u00e5r Axelv\u00e4ska av Mjukt Tyg- Antik Fuchsia. Denna sl\u00e5ende v\u00e4ska kombinerar rika lila och rosa toner, som p\u00e5minner om en vacker solnedg\u00e5ng. De antika fuchsia-tonerna ger en k\u00e4nsla av elegans och charm, vilket g\u00f6r den till det perfekta accessoaret b\u00e5de f\u00f6r avslappnade utflykter och speciella tillf\u00e4llen. [&hellip;]<\/p>\n","protected":false},"featured_media":329116,"comment_status":"closed","ping_status":"open","template":"","meta":{"_angie_page":false},"product_brand":[],"product_cat":[12651,12652],"product_tag":[],"class_list":{"0":"post-214721","1":"product","2":"type-product","3":"status-publish","4":"has-post-thumbnail","6":"product_cat-ekologiska-vaskor","7":"product_cat-vaskor-ryggsackar","8":"pa_collection-soft-blend-shoulder-totes-sv","9":"pa_made-in-indien","11":"first","12":"instock","13":"purchasable","14":"product-type-simple"},"supplier_id":null,"supplier_sku":"SBST-01","barcode":null,"atum_controlled":true,"out_stock_date":null,"out_stock_threshold":null,"inheritable":false,"inbound_stock":null,"stock_on_hold":0,"sold_today":0,"sales_last_days":0,"reserved_stock":null,"customer_returns":null,"warehouse_damage":null,"lost_in_post":null,"other_logs":null,"out_stock_days":0,"lost_sales":0,"has_location":null,"update_date":"2026-04-27T07:20:29","atum_locations":[],"atum_stock_status":"instock","restock_status":false,"low_stock_amount":"","sales_update_date":"2026-01-30T01:25:38","calc_backorders":null,"_links":{"self":[{"href":"https:\/\/aromasentia.com\/sv\/wp-json\/wp\/v2\/product\/214721","targetHints":{"allow":["GET"]}}],"collection":[{"href":"https:\/\/aromasentia.com\/sv\/wp-json\/wp\/v2\/product"}],"about":[{"href":"https:\/\/aromasentia.com\/sv\/wp-json\/wp\/v2\/types\/product"}],"replies":[{"embeddable":true,"href":"https:\/\/aromasentia.com\/sv\/wp-json\/wp\/v2\/comments?post=214721"}],"version-history":[{"count":0,"href":"https:\/\/aromasentia.com\/sv\/wp-json\/wp\/v2\/product\/214721\/revisions"}],"wp:featuredmedia":[{"embeddable":true,"href":"https:\/\/aromasentia.com\/sv\/wp-json\/wp\/v2\/media\/329116"}],"wp:attachment":[{"href":"https:\/\/aromasentia.com\/sv\/wp-json\/wp\/v2\/media?parent=214721"}],"wp:term":[{"taxonomy":"product_brand","embeddable":true,"href":"https:\/\/aromasentia.com\/sv\/wp-json\/wp\/v2\/product_brand?post=214721"},{"taxonomy":"product_cat","embeddable":true,"href":"https:\/\/aromasentia.com\/sv\/wp-json\/wp\/v2\/product_cat?post=214721"},{"taxonomy":"product_tag","embeddable":true,"href":"https:\/\/aromasentia.com\/sv\/wp-json\/wp\/v2\/product_tag?post=214721"}],"curies":[{"name":"wp","href":"https:\/\/api.w.org\/{rel}","templated":true}]}}