{"id":214665,"date":"2025-03-22T13:29:09","date_gmt":"2025-03-22T13:29:09","guid":{"rendered":"https:\/\/aromasentia.com\/product\/lrg-gemstone-tree-rock-quartz-on-black-agate-base-100-stones\/"},"modified":"2025-12-31T15:20:36","modified_gmt":"2025-12-31T15:20:36","slug":"stort-adelstenstrad-stenkvarts-pa-svart-agatbas-100-stenar","status":"publish","type":"product","link":"https:\/\/aromasentia.com\/sv\/stort-adelstenstrad-stenkvarts-pa-svart-agatbas-100-stenar\/","title":{"rendered":"Stort \u00c4delstenstr\u00e4d &#8211; Stenkvarts p\u00e5 Svart Agatbas (100 stenar)"},"content":{"rendered":"","protected":false},"excerpt":{"rendered":"","protected":false},"featured_media":330102,"comment_status":"closed","ping_status":"open","template":"","meta":[],"product_brand":[],"product_cat":[12556,25538,12070,25220,25737],"product_tag":[],"class_list":{"0":"post-214665","1":"product","2":"type-product","3":"status-publish","4":"has-post-thumbnail","6":"product_cat-adelstenssmycken-och-accessoarer","7":"product_cat-agat","8":"product_cat-esoteriska-gavor","9":"product_cat-kristaller-adelstenar-mineraler","10":"product_cat-kvarts","11":"pa_collection-gemstone-trees-with-agate-base-sv","12":"pa_made-in-indien","14":"first","15":"instock","16":"purchasable","17":"product-type-simple"},"supplier_id":null,"supplier_sku":"AGemT-12","barcode":null,"atum_controlled":true,"out_stock_date":null,"out_stock_threshold":null,"inheritable":false,"inbound_stock":null,"stock_on_hold":0,"sold_today":0,"sales_last_days":0,"reserved_stock":null,"customer_returns":null,"warehouse_damage":null,"lost_in_post":null,"other_logs":null,"out_stock_days":0,"lost_sales":0,"has_location":null,"update_date":"2026-02-10T16:26:25","atum_locations":[],"atum_stock_status":"instock","restock_status":false,"low_stock_amount":"","sales_update_date":"2025-10-09T03:22:56","calc_backorders":null,"_links":{"self":[{"href":"https:\/\/aromasentia.com\/sv\/wp-json\/wp\/v2\/product\/214665","targetHints":{"allow":["GET"]}}],"collection":[{"href":"https:\/\/aromasentia.com\/sv\/wp-json\/wp\/v2\/product"}],"about":[{"href":"https:\/\/aromasentia.com\/sv\/wp-json\/wp\/v2\/types\/product"}],"replies":[{"embeddable":true,"href":"https:\/\/aromasentia.com\/sv\/wp-json\/wp\/v2\/comments?post=214665"}],"version-history":[{"count":0,"href":"https:\/\/aromasentia.com\/sv\/wp-json\/wp\/v2\/product\/214665\/revisions"}],"wp:featuredmedia":[{"embeddable":true,"href":"https:\/\/aromasentia.com\/sv\/wp-json\/wp\/v2\/media\/330102"}],"wp:attachment":[{"href":"https:\/\/aromasentia.com\/sv\/wp-json\/wp\/v2\/media?parent=214665"}],"wp:term":[{"taxonomy":"product_brand","embeddable":true,"href":"https:\/\/aromasentia.com\/sv\/wp-json\/wp\/v2\/product_brand?post=214665"},{"taxonomy":"product_cat","embeddable":true,"href":"https:\/\/aromasentia.com\/sv\/wp-json\/wp\/v2\/product_cat?post=214665"},{"taxonomy":"product_tag","embeddable":true,"href":"https:\/\/aromasentia.com\/sv\/wp-json\/wp\/v2\/product_tag?post=214665"}],"curies":[{"name":"wp","href":"https:\/\/api.w.org\/{rel}","templated":true}]}}