{"id":214594,"date":"2025-03-22T13:29:24","date_gmt":"2025-03-22T13:29:24","guid":{"rendered":"https:\/\/aromasentia.com\/product\/gemstone-essential-oil-roller-bottle-aventurine-silver-cap-gemstone-roller-tip-for-5ml-bottle-aventurine\/"},"modified":"2025-12-31T15:19:39","modified_gmt":"2025-12-31T15:19:39","slug":"rullflaska-med-adelsten-till-eterisk-olja-aventurin-silver-lock","status":"publish","type":"product","link":"https:\/\/aromasentia.com\/sv\/rullflaska-med-adelsten-till-eterisk-olja-aventurin-silver-lock\/","title":{"rendered":"Rullflaska med \u00c4delsten till Eterisk Olja &#8211; Aventurin &#8211; Silver Lock"},"content":{"rendered":"<p style=\"text-align: justify;\">Dessa <strong>Rullflaskor och Rullbollar&nbsp;<\/strong>inkluderar ett brett utbud av \u00e4delstenar &#8211; fr\u00e5n klassiker som ametist till underbara aventurin.&nbsp;<\/p>\n<p style=\"text-align: justify;\">Varje rullboll av \u00e4delsten \u00e4r polerad f\u00f6r att f\u00e5 en j\u00e4mn rullning och d\u00e4rmed j\u00e4mn oljeapplicering. Inga fler rullbollar som fastnar eller ramlar ur!&nbsp;<\/p>\n<p style=\"text-align: justify;\">Varje rullboll motsvarar de sm\u00e5 helande \u00e4delstenschipsen som finns inuti flaskan.&nbsp;<\/p>\n<p style=\"text-align: justify;\">Aventurin tros ge lycka, v\u00e4lst\u00e5nd och framg\u00e5ng. Den s\u00e4gs ocks\u00e5 vara anv\u00e4ndbart f\u00f6r att f\u00e5 kontakt med \u00e4nglar och andliga guider, vilket g\u00f6r den till en anv\u00e4ndbar sten f\u00f6r meditation och andligt arbete.<\/p>\n<p style=\"text-align: justify;\">Fyll dessa <strong>Rullflaskor med \u00c4delstenar<\/strong> med allt som du vet kommer att s\u00e4ljas bra. De \u00e4r perfekta f\u00f6r anv\u00e4ndning av eteriska oljor, doftoljor, g\u00f6r-det-sj\u00e4lv-provblandningar, essenser, aromaterapi och andra v\u00e4tskor.&nbsp;<\/p>\n<p style=\"text-align: justify;\"><strong><span style=\"color: rgb(84, 172, 210);\">Best\u00e4ll dessa f\u00f6r att skapa din egna speciella produkt!<\/span><\/strong><\/p>\n","protected":false},"excerpt":{"rendered":"<p>Dessa Rullflaskor och Rullbollar&nbsp;inkluderar ett brett utbud av \u00e4delstenar &#8211; fr\u00e5n klassiker som ametist till underbara aventurin.&nbsp; Varje rullboll av \u00e4delsten \u00e4r polerad f\u00f6r att f\u00e5 en j\u00e4mn rullning och d\u00e4rmed j\u00e4mn oljeapplicering. Inga fler rullbollar som fastnar eller ramlar ur!&nbsp; Varje rullboll motsvarar de sm\u00e5 helande \u00e4delstenschipsen som finns inuti flaskan.&nbsp; Aventurin tros ge [&hellip;]<\/p>\n","protected":false},"featured_media":333319,"comment_status":"closed","ping_status":"open","template":"","meta":{"_angie_page":false},"product_brand":[],"product_cat":[12556,25561,12070,11891,25220],"product_tag":[],"class_list":{"0":"post-214594","1":"product","2":"type-product","3":"status-publish","4":"has-post-thumbnail","6":"product_cat-adelstenssmycken-och-accessoarer","7":"product_cat-aventurin","8":"product_cat-esoteriska-gavor","9":"product_cat-flaskor-och-tillbehor","10":"product_cat-kristaller-adelstenar-mineraler","11":"pa_collection-gemstone-roller-bottles-and-balls-sv","12":"pa_made-in-kina","14":"first","15":"outofstock","16":"purchasable","17":"product-type-simple"},"supplier_id":null,"supplier_sku":"CGRB-11","barcode":null,"atum_controlled":true,"out_stock_date":"2026-02-03 10:32:49","out_stock_threshold":null,"inheritable":false,"inbound_stock":null,"stock_on_hold":0,"sold_today":0,"sales_last_days":0,"reserved_stock":null,"customer_returns":null,"warehouse_damage":null,"lost_in_post":null,"other_logs":null,"out_stock_days":0,"lost_sales":0,"has_location":null,"update_date":"2026-04-27T06:56:56","atum_locations":[],"atum_stock_status":"outofstock","restock_status":false,"low_stock_amount":"","sales_update_date":"2026-01-20T05:13:42","calc_backorders":null,"_links":{"self":[{"href":"https:\/\/aromasentia.com\/sv\/wp-json\/wp\/v2\/product\/214594","targetHints":{"allow":["GET"]}}],"collection":[{"href":"https:\/\/aromasentia.com\/sv\/wp-json\/wp\/v2\/product"}],"about":[{"href":"https:\/\/aromasentia.com\/sv\/wp-json\/wp\/v2\/types\/product"}],"replies":[{"embeddable":true,"href":"https:\/\/aromasentia.com\/sv\/wp-json\/wp\/v2\/comments?post=214594"}],"version-history":[{"count":0,"href":"https:\/\/aromasentia.com\/sv\/wp-json\/wp\/v2\/product\/214594\/revisions"}],"wp:featuredmedia":[{"embeddable":true,"href":"https:\/\/aromasentia.com\/sv\/wp-json\/wp\/v2\/media\/333319"}],"wp:attachment":[{"href":"https:\/\/aromasentia.com\/sv\/wp-json\/wp\/v2\/media?parent=214594"}],"wp:term":[{"taxonomy":"product_brand","embeddable":true,"href":"https:\/\/aromasentia.com\/sv\/wp-json\/wp\/v2\/product_brand?post=214594"},{"taxonomy":"product_cat","embeddable":true,"href":"https:\/\/aromasentia.com\/sv\/wp-json\/wp\/v2\/product_cat?post=214594"},{"taxonomy":"product_tag","embeddable":true,"href":"https:\/\/aromasentia.com\/sv\/wp-json\/wp\/v2\/product_tag?post=214594"}],"curies":[{"name":"wp","href":"https:\/\/api.w.org\/{rel}","templated":true}]}}