{"id":214586,"date":"2025-03-22T13:29:24","date_gmt":"2025-03-22T13:29:24","guid":{"rendered":"https:\/\/aromasentia.com\/product\/gemstone-essential-oil-roller-bottle-rose-quartz-wooden-cap-gemstone-roller-tip-for-5ml-bottle-rose-quartz\/"},"modified":"2025-12-31T15:19:31","modified_gmt":"2025-12-31T15:19:31","slug":"rullflaska-med-adelsten-till-eterisk-olja-rosenkvart-tralock","status":"publish","type":"product","link":"https:\/\/aromasentia.com\/sv\/rullflaska-med-adelsten-till-eterisk-olja-rosenkvart-tralock\/","title":{"rendered":"Rullflaska med \u00c4delsten till Eterisk Olja &#8211; Rosenkvart  &#8211; Tr\u00e4lock"},"content":{"rendered":"<p style=\"text-align: justify;\">Dessa <strong>Rullflaskor och Rullbollar&nbsp;<\/strong>inkluderar ett brett utbud av \u00e4delstenar &#8211; fr\u00e5n klassiker som ametist till underbara aventurin.&nbsp;<\/p>\n<p style=\"text-align: justify;\">Varje rullboll av \u00e4delsten \u00e4r polerad f\u00f6r att f\u00e5 en j\u00e4mn rullning och d\u00e4rmed j\u00e4mn oljeapplicering. Inga fler rullbollar som fastnar eller ramlar ur!&nbsp;<\/p>\n<p style=\"text-align: justify;\">Varje rullboll motsvarar de sm\u00e5 helande \u00e4delstenschipsen som finns inuti flaskan.&nbsp;<\/p>\n<p style=\"text-align: justify;\">Rosenkvarts anv\u00e4nds ofta till meditation och energil\u00e4kning, och s\u00e4gs hj\u00e4lpa mot s\u00f6mnl\u00f6shet. Det \u00e4r en mycket popul\u00e4r sten inom smyckesindustrin och kan hittas i m\u00e5nga former. Den anv\u00e4nds ocks\u00e5 f\u00f6r att dekorera rum.<\/p>\n<p style=\"text-align: justify;\">Fyll dessa <strong>Rullflaskor med \u00c4delstenar<\/strong> med allt som du vet kommer att s\u00e4ljas bra. De \u00e4r perfekta f\u00f6r anv\u00e4ndning av eteriska oljor, doftoljor, g\u00f6r-det-sj\u00e4lv-provblandningar, essenser, aromaterapi och andra v\u00e4tskor.&nbsp;<\/p>\n<p style=\"text-align: justify;\"><strong><span style=\"color: rgb(84, 172, 210);\">Best\u00e4ll dessa f\u00f6r att skapa din egna speciella produkt!<\/span><\/strong><\/p>\n","protected":false},"excerpt":{"rendered":"<p>Dessa Rullflaskor och Rullbollar&nbsp;inkluderar ett brett utbud av \u00e4delstenar &#8211; fr\u00e5n klassiker som ametist till underbara aventurin.&nbsp; Varje rullboll av \u00e4delsten \u00e4r polerad f\u00f6r att f\u00e5 en j\u00e4mn rullning och d\u00e4rmed j\u00e4mn oljeapplicering. Inga fler rullbollar som fastnar eller ramlar ur!&nbsp; Varje rullboll motsvarar de sm\u00e5 helande \u00e4delstenschipsen som finns inuti flaskan.&nbsp; Rosenkvarts anv\u00e4nds ofta [&hellip;]<\/p>\n","protected":false},"featured_media":332951,"comment_status":"closed","ping_status":"open","template":"","meta":{"_angie_page":false},"product_brand":[],"product_cat":[12556,12070,11891,25220,25737,25750],"product_tag":[],"class_list":{"0":"post-214586","1":"product","2":"type-product","3":"status-publish","4":"has-post-thumbnail","6":"product_cat-adelstenssmycken-och-accessoarer","7":"product_cat-esoteriska-gavor","8":"product_cat-flaskor-och-tillbehor","9":"product_cat-kristaller-adelstenar-mineraler","10":"product_cat-kvarts","11":"product_cat-rosenkvarts","12":"pa_collection-gemstone-roller-bottles-and-balls-sv","13":"pa_made-in-kina","15":"first","16":"instock","17":"purchasable","18":"product-type-simple"},"supplier_id":null,"supplier_sku":"CGRB-03","barcode":null,"atum_controlled":true,"out_stock_date":null,"out_stock_threshold":null,"inheritable":false,"inbound_stock":null,"stock_on_hold":0,"sold_today":0,"sales_last_days":0,"reserved_stock":null,"customer_returns":null,"warehouse_damage":null,"lost_in_post":null,"other_logs":null,"out_stock_days":0,"lost_sales":0,"has_location":null,"update_date":"2026-04-27T06:56:56","atum_locations":[],"atum_stock_status":"instock","restock_status":false,"low_stock_amount":"","sales_update_date":"2026-01-30T01:26:19","calc_backorders":null,"_links":{"self":[{"href":"https:\/\/aromasentia.com\/sv\/wp-json\/wp\/v2\/product\/214586","targetHints":{"allow":["GET"]}}],"collection":[{"href":"https:\/\/aromasentia.com\/sv\/wp-json\/wp\/v2\/product"}],"about":[{"href":"https:\/\/aromasentia.com\/sv\/wp-json\/wp\/v2\/types\/product"}],"replies":[{"embeddable":true,"href":"https:\/\/aromasentia.com\/sv\/wp-json\/wp\/v2\/comments?post=214586"}],"version-history":[{"count":0,"href":"https:\/\/aromasentia.com\/sv\/wp-json\/wp\/v2\/product\/214586\/revisions"}],"wp:featuredmedia":[{"embeddable":true,"href":"https:\/\/aromasentia.com\/sv\/wp-json\/wp\/v2\/media\/332951"}],"wp:attachment":[{"href":"https:\/\/aromasentia.com\/sv\/wp-json\/wp\/v2\/media?parent=214586"}],"wp:term":[{"taxonomy":"product_brand","embeddable":true,"href":"https:\/\/aromasentia.com\/sv\/wp-json\/wp\/v2\/product_brand?post=214586"},{"taxonomy":"product_cat","embeddable":true,"href":"https:\/\/aromasentia.com\/sv\/wp-json\/wp\/v2\/product_cat?post=214586"},{"taxonomy":"product_tag","embeddable":true,"href":"https:\/\/aromasentia.com\/sv\/wp-json\/wp\/v2\/product_tag?post=214586"}],"curies":[{"name":"wp","href":"https:\/\/api.w.org\/{rel}","templated":true}]}}