{"id":214583,"date":"2025-03-22T13:29:24","date_gmt":"2025-03-22T13:29:24","guid":{"rendered":"https:\/\/aromasentia.com\/product\/calsite-side-polished-tower-approx-9-11cm\/"},"modified":"2025-12-31T15:19:31","modified_gmt":"2025-12-31T15:19:31","slug":"polerade-torn-av-kalcit-ca-9-11cm","status":"publish","type":"product","link":"https:\/\/aromasentia.com\/sv\/polerade-torn-av-kalcit-ca-9-11cm\/","title":{"rendered":"Polerade Torn av Kalcit (ca 9-11cm)"},"content":{"rendered":"<p style=\"text-align: justify;\">Dessa fantastiska torn \u00e4r tillverkade av naturlig kalcit, med en unik sidopolering som framh\u00e4ver stenens intrikata m\u00f6nster och texturer. Varje torn presenterar en kombination av r\u00e5a och polerade ytor, och erbjuder en visuellt sl\u00e5ende artikel som exemplifierar den naturliga lockelsen hos kalcit.&nbsp;<\/p>\n<p style=\"text-align: justify;\"><strong>Naturlig sk\u00f6nhet:<\/strong> Varje torn \u00e4r gjord av \u00e4kta kalcit, och varje torn visar upp unika m\u00f6nster och kristallformationer, vilket s\u00e4kerst\u00e4ller att varje bit \u00e4r unik.&nbsp;<\/p>\n<p style=\"text-align: justify;\"><strong>Sidopolering:&nbsp;<\/strong>Den h\u00e4r finishen f\u00f6rst\u00e4rker det estetiska tilltalandet genom att kontrastera stenens robusta naturliga yta med slanka, polerade sektioner, vilket drar uppm\u00e4rksamheten till de intrikata detaljerna i kalciten.&nbsp;<\/p>\n<p style=\"text-align: justify;\">Perfekt f\u00f6r heminredning, som en sl\u00e5ende mittpunkt, i meditationsutrymmen eller som en omt\u00e4nksam present till kristall\u00e4lskare.&nbsp;<\/p>\n<p style=\"text-align: justify;\">L\u00e4gg till dessa eleganta <strong>Polerade Torn av Kalcit<\/strong> till ditt lager eller personliga samling &#8211; perfekt f\u00f6r alla som v\u00e4rdes\u00e4tter den uts\u00f6kta naturliga sk\u00f6nheten hos kristaller och mineraler.&nbsp;<\/p>\n<p style=\"text-align: justify;\"><strong>M\u00e5tt:<\/strong> Cirka 9-11 cm<\/p>\n","protected":false},"excerpt":{"rendered":"<p>Dessa fantastiska torn \u00e4r tillverkade av naturlig kalcit, med en unik sidopolering som framh\u00e4ver stenens intrikata m\u00f6nster och texturer. Varje torn presenterar en kombination av r\u00e5a och polerade ytor, och erbjuder en visuellt sl\u00e5ende artikel som exemplifierar den naturliga lockelsen hos kalcit.&nbsp; Naturlig sk\u00f6nhet: Varje torn \u00e4r gjord av \u00e4kta kalcit, och varje torn visar [&hellip;]<\/p>\n","protected":false},"featured_media":332828,"comment_status":"closed","ping_status":"open","template":"","meta":{"_angie_page":false},"product_brand":[],"product_cat":[12070,12475],"product_tag":[],"class_list":{"0":"post-214583","1":"product","2":"type-product","3":"status-publish","4":"has-post-thumbnail","6":"product_cat-esoteriska-gavor","7":"product_cat-trumlade-stenar","8":"pa_collection-calcite-geodes-sv","9":"pa_made-in-kina","11":"first","12":"instock","13":"purchasable","14":"product-type-simple"},"supplier_id":null,"supplier_sku":"Cgeo-09","barcode":null,"atum_controlled":true,"out_stock_date":null,"out_stock_threshold":null,"inheritable":false,"inbound_stock":null,"stock_on_hold":0,"sold_today":0,"sales_last_days":0,"reserved_stock":null,"customer_returns":null,"warehouse_damage":null,"lost_in_post":null,"other_logs":null,"out_stock_days":0,"lost_sales":0,"has_location":null,"update_date":"2026-04-29T06:54:08","atum_locations":[],"atum_stock_status":"instock","restock_status":false,"low_stock_amount":"","sales_update_date":"2026-01-30T01:25:49","calc_backorders":null,"_links":{"self":[{"href":"https:\/\/aromasentia.com\/sv\/wp-json\/wp\/v2\/product\/214583","targetHints":{"allow":["GET"]}}],"collection":[{"href":"https:\/\/aromasentia.com\/sv\/wp-json\/wp\/v2\/product"}],"about":[{"href":"https:\/\/aromasentia.com\/sv\/wp-json\/wp\/v2\/types\/product"}],"replies":[{"embeddable":true,"href":"https:\/\/aromasentia.com\/sv\/wp-json\/wp\/v2\/comments?post=214583"}],"version-history":[{"count":0,"href":"https:\/\/aromasentia.com\/sv\/wp-json\/wp\/v2\/product\/214583\/revisions"}],"wp:featuredmedia":[{"embeddable":true,"href":"https:\/\/aromasentia.com\/sv\/wp-json\/wp\/v2\/media\/332828"}],"wp:attachment":[{"href":"https:\/\/aromasentia.com\/sv\/wp-json\/wp\/v2\/media?parent=214583"}],"wp:term":[{"taxonomy":"product_brand","embeddable":true,"href":"https:\/\/aromasentia.com\/sv\/wp-json\/wp\/v2\/product_brand?post=214583"},{"taxonomy":"product_cat","embeddable":true,"href":"https:\/\/aromasentia.com\/sv\/wp-json\/wp\/v2\/product_cat?post=214583"},{"taxonomy":"product_tag","embeddable":true,"href":"https:\/\/aromasentia.com\/sv\/wp-json\/wp\/v2\/product_tag?post=214583"}],"curies":[{"name":"wp","href":"https:\/\/api.w.org\/{rel}","templated":true}]}}