{"id":214580,"date":"2025-03-22T13:29:24","date_gmt":"2025-03-22T13:29:24","guid":{"rendered":"https:\/\/aromasentia.com\/product\/calcite-geodes-carved-skull-approx-4-5cm\/"},"modified":"2025-12-31T15:19:23","modified_gmt":"2025-12-31T15:19:23","slug":"kalcitgeod-snidad-skalle-ca-4-5cm","status":"publish","type":"product","link":"https:\/\/aromasentia.com\/sv\/kalcitgeod-snidad-skalle-ca-4-5cm\/","title":{"rendered":"Kalcitgeod &#8211; Snidad Skalle (ca 4.5cm)"},"content":{"rendered":"<p style=\"text-align: justify;\">Denna uts\u00f6kt snidade skalle \u00e4r gjord av en <strong>naturlig kalcitgeod<\/strong>, som visar en bl\u00e4ndande m\u00e4ngd f\u00e4rger och unika formationer som \u00e4r inneboende i geoder. Varje skalle \u00e4r skickligt utformad f\u00f6r att visa upp den naturliga lockelsen och kristallstrukturen hos kalcit, vilket g\u00f6r varje styck till ett distinkt m\u00e4sterverk.&nbsp;<\/p>\n<p style=\"text-align: justify;\"><strong>Unik design:&nbsp;<\/strong>Varje skalle \u00e4r unik p\u00e5 grund av de naturliga variationerna i kalcitgeoderna, vilket s\u00e4kerst\u00e4ller att inga tv\u00e5 delar \u00e4r identiska och var och en har sitt eget exklusiva utseende och tilltalande.&nbsp;<\/p>\n<p style=\"text-align: justify;\">Med en kompakt storlek p\u00e5 cirka 4,5 cm i h\u00f6jd \u00e4r dessa d\u00f6dskallar idealiska f\u00f6r visning p\u00e5 skrivbord, hyllor eller som ett enast\u00e5ende tillskott till en mineralsamling.&nbsp;<\/p>\n<p style=\"text-align: justify;\">De \u00e4r perfekta f\u00f6r att f\u00f6rb\u00e4ttra heminredningen, fungera som sp\u00e4nnande konversationsstartare eller som distinkta presenter till entusiaster av naturliga kristaller och mineraler.&nbsp;<\/p>\n<p style=\"text-align: justify;\">F\u00f6rb\u00e4ttra din samling eller detaljhandelserbjudanden med dessa fantastiska <strong>Skallar Snidade ur Kalcitgeoder<\/strong>, var och en ett bevis p\u00e5 jordens naturliga konstn\u00e4rskap.&nbsp;<\/p>\n<p style=\"text-align: justify;\"><strong>M\u00e5tt:&nbsp;<\/strong>Cirka 4,5 cm<\/p>\n","protected":false},"excerpt":{"rendered":"<p>Denna uts\u00f6kt snidade skalle \u00e4r gjord av en naturlig kalcitgeod, som visar en bl\u00e4ndande m\u00e4ngd f\u00e4rger och unika formationer som \u00e4r inneboende i geoder. Varje skalle \u00e4r skickligt utformad f\u00f6r att visa upp den naturliga lockelsen och kristallstrukturen hos kalcit, vilket g\u00f6r varje styck till ett distinkt m\u00e4sterverk.&nbsp; Unik design:&nbsp;Varje skalle \u00e4r unik p\u00e5 grund [&hellip;]<\/p>\n","protected":false},"featured_media":332753,"comment_status":"closed","ping_status":"open","template":"","meta":{"_angie_page":false},"product_brand":[],"product_cat":[12070,25576,25220,12475],"product_tag":[],"class_list":{"0":"post-214580","1":"product","2":"type-product","3":"status-publish","4":"has-post-thumbnail","6":"product_cat-esoteriska-gavor","7":"product_cat-kalcit","8":"product_cat-kristaller-adelstenar-mineraler","9":"product_cat-trumlade-stenar","10":"pa_collection-calcite-geodes-sv","11":"pa_made-in-kina","13":"first","14":"instock","15":"purchasable","16":"product-type-simple"},"supplier_id":null,"supplier_sku":"Cgeo-06","barcode":null,"atum_controlled":true,"out_stock_date":null,"out_stock_threshold":null,"inheritable":false,"inbound_stock":null,"stock_on_hold":0,"sold_today":0,"sales_last_days":0,"reserved_stock":null,"customer_returns":null,"warehouse_damage":null,"lost_in_post":null,"other_logs":null,"out_stock_days":0,"lost_sales":0,"has_location":null,"update_date":"2026-04-27T06:56:38","atum_locations":[],"atum_stock_status":"instock","restock_status":false,"low_stock_amount":"","sales_update_date":"2026-01-30T01:25:24","calc_backorders":null,"_links":{"self":[{"href":"https:\/\/aromasentia.com\/sv\/wp-json\/wp\/v2\/product\/214580","targetHints":{"allow":["GET"]}}],"collection":[{"href":"https:\/\/aromasentia.com\/sv\/wp-json\/wp\/v2\/product"}],"about":[{"href":"https:\/\/aromasentia.com\/sv\/wp-json\/wp\/v2\/types\/product"}],"replies":[{"embeddable":true,"href":"https:\/\/aromasentia.com\/sv\/wp-json\/wp\/v2\/comments?post=214580"}],"version-history":[{"count":0,"href":"https:\/\/aromasentia.com\/sv\/wp-json\/wp\/v2\/product\/214580\/revisions"}],"wp:featuredmedia":[{"embeddable":true,"href":"https:\/\/aromasentia.com\/sv\/wp-json\/wp\/v2\/media\/332753"}],"wp:attachment":[{"href":"https:\/\/aromasentia.com\/sv\/wp-json\/wp\/v2\/media?parent=214580"}],"wp:term":[{"taxonomy":"product_brand","embeddable":true,"href":"https:\/\/aromasentia.com\/sv\/wp-json\/wp\/v2\/product_brand?post=214580"},{"taxonomy":"product_cat","embeddable":true,"href":"https:\/\/aromasentia.com\/sv\/wp-json\/wp\/v2\/product_cat?post=214580"},{"taxonomy":"product_tag","embeddable":true,"href":"https:\/\/aromasentia.com\/sv\/wp-json\/wp\/v2\/product_tag?post=214580"}],"curies":[{"name":"wp","href":"https:\/\/api.w.org\/{rel}","templated":true}]}}