{"id":214492,"date":"2025-03-22T13:29:41","date_gmt":"2025-03-22T13:29:41","guid":{"rendered":"https:\/\/aromasentia.com\/product\/cotton-pouch-for-gemstone-face-rollers-10oz-black-9x19xm\/"},"modified":"2025-12-31T15:18:18","modified_gmt":"2025-12-31T15:18:18","slug":"bomullsfodral-for-ansiktsrulle-av-adelsten-svart-9x19cm","status":"publish","type":"product","link":"https:\/\/aromasentia.com\/sv\/bomullsfodral-for-ansiktsrulle-av-adelsten-svart-9x19cm\/","title":{"rendered":"Bomullsfodral f\u00f6r Ansiktsrulle av \u00c4delsten &#8211; Svart 9x19cm"},"content":{"rendered":"<p style=\"text-align: justify;\"><strong>Bomullsfodralen<\/strong> ser bra ut tillsammans med v\u00e5ra Ansiktsrullar av \u00c4delstenar i Grossistledet. Detta \u00e4r en viktig presentartikel.&nbsp;<\/p>\n<p style=\"text-align: justify;\">Storlek: 19 x 9 x 0,5 cm<\/p>\n","protected":false},"excerpt":{"rendered":"<p>Bomullsfodralen ser bra ut tillsammans med v\u00e5ra Ansiktsrullar av \u00c4delstenar i Grossistledet. Detta \u00e4r en viktig presentartikel.&nbsp; Storlek: 19 x 9 x 0,5 cm<\/p>\n","protected":false},"featured_media":336119,"comment_status":"closed","ping_status":"open","template":"","meta":{"_angie_page":false},"product_brand":[27069],"product_cat":[12556,12600,12070,12601],"product_tag":[],"class_list":{"0":"post-214492","1":"product","2":"type-product","3":"status-publish","4":"has-post-thumbnail","6":"product_brand-aw-cosmetics","7":"product_cat-adelstenssmycken-och-accessoarer","8":"product_cat-bad-och-dusch","9":"product_cat-esoteriska-gavor","10":"product_cat-massageverktyg","11":"pa_collection-gemstone-face-roller-sv","12":"pa_made-in-indien","14":"first","15":"instock","16":"purchasable","17":"product-type-simple"},"supplier_id":null,"supplier_sku":"GemFR-Pouch","barcode":null,"atum_controlled":true,"out_stock_date":null,"out_stock_threshold":null,"inheritable":false,"inbound_stock":null,"stock_on_hold":0,"sold_today":0,"sales_last_days":0,"reserved_stock":null,"customer_returns":null,"warehouse_damage":null,"lost_in_post":null,"other_logs":null,"out_stock_days":0,"lost_sales":0,"has_location":null,"update_date":"2026-04-27T07:05:16","atum_locations":[],"atum_stock_status":"instock","restock_status":false,"low_stock_amount":"","sales_update_date":"2025-09-04T00:22:26","calc_backorders":null,"_links":{"self":[{"href":"https:\/\/aromasentia.com\/sv\/wp-json\/wp\/v2\/product\/214492","targetHints":{"allow":["GET"]}}],"collection":[{"href":"https:\/\/aromasentia.com\/sv\/wp-json\/wp\/v2\/product"}],"about":[{"href":"https:\/\/aromasentia.com\/sv\/wp-json\/wp\/v2\/types\/product"}],"replies":[{"embeddable":true,"href":"https:\/\/aromasentia.com\/sv\/wp-json\/wp\/v2\/comments?post=214492"}],"version-history":[{"count":0,"href":"https:\/\/aromasentia.com\/sv\/wp-json\/wp\/v2\/product\/214492\/revisions"}],"wp:featuredmedia":[{"embeddable":true,"href":"https:\/\/aromasentia.com\/sv\/wp-json\/wp\/v2\/media\/336119"}],"wp:attachment":[{"href":"https:\/\/aromasentia.com\/sv\/wp-json\/wp\/v2\/media?parent=214492"}],"wp:term":[{"taxonomy":"product_brand","embeddable":true,"href":"https:\/\/aromasentia.com\/sv\/wp-json\/wp\/v2\/product_brand?post=214492"},{"taxonomy":"product_cat","embeddable":true,"href":"https:\/\/aromasentia.com\/sv\/wp-json\/wp\/v2\/product_cat?post=214492"},{"taxonomy":"product_tag","embeddable":true,"href":"https:\/\/aromasentia.com\/sv\/wp-json\/wp\/v2\/product_tag?post=214492"}],"curies":[{"name":"wp","href":"https:\/\/api.w.org\/{rel}","templated":true}]}}