{"id":214490,"date":"2025-03-22T13:29:41","date_gmt":"2025-03-22T13:29:41","guid":{"rendered":"https:\/\/aromasentia.com\/product\/gemstone-vibration-pad-jade\/"},"modified":"2025-12-31T15:18:18","modified_gmt":"2025-12-31T15:18:18","slug":"vibrerande-ansiktsrulle-av-adelsten-jade","status":"publish","type":"product","link":"https:\/\/aromasentia.com\/sv\/vibrerande-ansiktsrulle-av-adelsten-jade\/","title":{"rendered":"Vibrerande Ansiktsrulle av \u00c4delsten &#8211; Jade"},"content":{"rendered":"<p style=\"text-align: justify;\"><strong>Vibrerande Ansiktsrulle av \u00c4delsten &#8211; Jade&nbsp;<\/strong>\u00e4r det perfekta till\u00e4gget till din kunds hudv\u00e5rd.&nbsp;<\/p>\n<p style=\"text-align: justify;\">Detta kan vara ett fantastiskt verktyg f\u00f6r att lindra sp\u00e4nningar, \u00f6ka cirkulationen och minimera svullnader.&nbsp;<\/p>\n<p style=\"text-align: justify;\">Det g\u00e5r utm\u00e4rkt att para denna produkt med Ansiktsmasker av Lera eller Konjac-Svampar.&nbsp;<\/p>\n<p style=\"text-align: justify;\">Ansiktsrullen kommer med en bomullsp\u00e5se. Detta \u00e4r en viktig presentartikel.&nbsp;<\/p>\n<p style=\"text-align: justify;\">Den fungerar med AA-batteri. <strong>V\u00e4nligen observera att batteri inte ing\u00e5r.&nbsp;<\/strong><\/p>\n<p style=\"text-align: justify;\">Vikt: 70-73 g&nbsp;<\/p>\n<p style=\"text-align: justify;\">M\u00e5tt: L\u00e4ngd &#8211; 15,5 cm, Bredd &#8211; 2,5 cm, H\u00f6jd &#8211; 3 cm&nbsp;<\/p>\n<p style=\"text-align: justify;\"><strong><span style=\"color: rgb(84, 172, 210);\">Om du s\u00e4ljer \u00e4delstenar b\u00f6r denna ansiktsrulle definitivt bli en del av ditt sortiment.<\/span><\/strong><\/p>\n","protected":false},"excerpt":{"rendered":"<p>Vibrerande Ansiktsrulle av \u00c4delsten &#8211; Jade&nbsp;\u00e4r det perfekta till\u00e4gget till din kunds hudv\u00e5rd.&nbsp; Detta kan vara ett fantastiskt verktyg f\u00f6r att lindra sp\u00e4nningar, \u00f6ka cirkulationen och minimera svullnader.&nbsp; Det g\u00e5r utm\u00e4rkt att para denna produkt med Ansiktsmasker av Lera eller Konjac-Svampar.&nbsp; Ansiktsrullen kommer med en bomullsp\u00e5se. Detta \u00e4r en viktig presentartikel.&nbsp; Den fungerar med AA-batteri. [&hellip;]<\/p>\n","protected":false},"featured_media":336101,"comment_status":"closed","ping_status":"open","template":"","meta":[],"product_brand":[27069],"product_cat":[12556,12600,12070,25635,25220,12601],"product_tag":[],"class_list":{"0":"post-214490","1":"product","2":"type-product","3":"status-publish","4":"has-post-thumbnail","6":"product_brand-aw-cosmetics","7":"product_cat-adelstenssmycken-och-accessoarer","8":"product_cat-bad-och-dusch","9":"product_cat-esoteriska-gavor","10":"product_cat-jade","11":"product_cat-kristaller-adelstenar-mineraler","12":"product_cat-massageverktyg","13":"pa_collection-gemstone-face-roller-sv","14":"pa_made-in-kina","16":"first","17":"instock","18":"purchasable","19":"product-type-simple"},"supplier_id":null,"supplier_sku":"GemFR-20","barcode":null,"atum_controlled":true,"out_stock_date":null,"out_stock_threshold":null,"inheritable":false,"inbound_stock":null,"stock_on_hold":0,"sold_today":0,"sales_last_days":0,"reserved_stock":null,"customer_returns":null,"warehouse_damage":null,"lost_in_post":null,"other_logs":null,"out_stock_days":0,"lost_sales":0,"has_location":null,"update_date":"2026-01-29T22:38:58","atum_locations":[],"atum_stock_status":"instock","restock_status":false,"low_stock_amount":"","sales_update_date":"2026-01-20T05:13:19","calc_backorders":null,"_links":{"self":[{"href":"https:\/\/aromasentia.com\/sv\/wp-json\/wp\/v2\/product\/214490","targetHints":{"allow":["GET"]}}],"collection":[{"href":"https:\/\/aromasentia.com\/sv\/wp-json\/wp\/v2\/product"}],"about":[{"href":"https:\/\/aromasentia.com\/sv\/wp-json\/wp\/v2\/types\/product"}],"replies":[{"embeddable":true,"href":"https:\/\/aromasentia.com\/sv\/wp-json\/wp\/v2\/comments?post=214490"}],"version-history":[{"count":0,"href":"https:\/\/aromasentia.com\/sv\/wp-json\/wp\/v2\/product\/214490\/revisions"}],"wp:featuredmedia":[{"embeddable":true,"href":"https:\/\/aromasentia.com\/sv\/wp-json\/wp\/v2\/media\/336101"}],"wp:attachment":[{"href":"https:\/\/aromasentia.com\/sv\/wp-json\/wp\/v2\/media?parent=214490"}],"wp:term":[{"taxonomy":"product_brand","embeddable":true,"href":"https:\/\/aromasentia.com\/sv\/wp-json\/wp\/v2\/product_brand?post=214490"},{"taxonomy":"product_cat","embeddable":true,"href":"https:\/\/aromasentia.com\/sv\/wp-json\/wp\/v2\/product_cat?post=214490"},{"taxonomy":"product_tag","embeddable":true,"href":"https:\/\/aromasentia.com\/sv\/wp-json\/wp\/v2\/product_tag?post=214490"}],"curies":[{"name":"wp","href":"https:\/\/api.w.org\/{rel}","templated":true}]}}