{"id":214474,"date":"2025-03-22T13:29:41","date_gmt":"2025-03-22T13:29:41","guid":{"rendered":"https:\/\/aromasentia.com\/product\/gemstone-face-roller-jade\/"},"modified":"2025-12-31T15:18:03","modified_gmt":"2025-12-31T15:18:03","slug":"ansiktsrulle-av-adelsten-jade","status":"publish","type":"product","link":"https:\/\/aromasentia.com\/sv\/ansiktsrulle-av-adelsten-jade\/","title":{"rendered":"Ansiktsrulle av \u00c4delsten &#8211; Jade"},"content":{"rendered":"<p style=\"text-align: justify;\"><strong>Ansiktsrulle av \u00c4delsten &#8211; Jade&nbsp;<\/strong>\u00e4r det perfekta till\u00e4gget till din kunds hudv\u00e5rd.&nbsp;<\/p>\n<p style=\"text-align: justify;\">Detta kan vara ett fantastiskt verktyg f\u00f6r att lindra sp\u00e4nningar, \u00f6ka cirkulationen och minimera svullnader. Denna dubbelsidiga rulle kan anv\u00e4ndas f\u00f6r att \u00f6ka mikrocirkulationen samtidigt som den minskar svullnader och hj\u00e4lper till att f\u00f6rb\u00e4ttra hudens elasticitet.&nbsp;<\/p>\n<p style=\"text-align: justify;\"><strong>G\u00f6r s\u00e5 h\u00e4r:<\/strong> Rulla upp och ut mot kinderna fr\u00e5n hakan, eller fr\u00e5n mitten ut\u00e5t p\u00e5 pannan. Du kan anv\u00e4nda den lilla rullen f\u00f6r dina \u00f6gon. Det g\u00e5r utm\u00e4rkt att para denna produkt med Ansiktsmasker av Lera eller Konjac-Svampar.&nbsp;<\/p>\n<p style=\"text-align: justify;\">Ansiktsrullen kommer med en bomullsp\u00e5se. Detta \u00e4r en viktig presentartikel.&nbsp;<\/p>\n<p style=\"text-align: justify;\"><strong><span style=\"color: rgb(84, 172, 210);\">Om du s\u00e4ljer \u00e4delstenar b\u00f6r denna ansiktsrulle definitivt bli en del av ditt sortiment.<\/span><\/strong><\/p>\n","protected":false},"excerpt":{"rendered":"<p>Ansiktsrulle av \u00c4delsten &#8211; Jade&nbsp;\u00e4r det perfekta till\u00e4gget till din kunds hudv\u00e5rd.&nbsp; Detta kan vara ett fantastiskt verktyg f\u00f6r att lindra sp\u00e4nningar, \u00f6ka cirkulationen och minimera svullnader. Denna dubbelsidiga rulle kan anv\u00e4ndas f\u00f6r att \u00f6ka mikrocirkulationen samtidigt som den minskar svullnader och hj\u00e4lper till att f\u00f6rb\u00e4ttra hudens elasticitet.&nbsp; G\u00f6r s\u00e5 h\u00e4r: Rulla upp och ut [&hellip;]<\/p>\n","protected":false},"featured_media":335869,"comment_status":"closed","ping_status":"open","template":"","meta":{"_angie_page":false},"product_brand":[27069],"product_cat":[12556,12600,12070,25635,25220,12601],"product_tag":[],"class_list":{"0":"post-214474","1":"product","2":"type-product","3":"status-publish","4":"has-post-thumbnail","6":"product_brand-aw-cosmetics","7":"product_cat-adelstenssmycken-och-accessoarer","8":"product_cat-bad-och-dusch","9":"product_cat-esoteriska-gavor","10":"product_cat-jade","11":"product_cat-kristaller-adelstenar-mineraler","12":"product_cat-massageverktyg","13":"pa_collection-gemstone-face-roller-sv","14":"pa_made-in-kina","16":"first","17":"instock","18":"purchasable","19":"product-type-simple"},"supplier_id":null,"supplier_sku":"GemFR-04","barcode":null,"atum_controlled":true,"out_stock_date":null,"out_stock_threshold":null,"inheritable":false,"inbound_stock":null,"stock_on_hold":0,"sold_today":0,"sales_last_days":0,"reserved_stock":null,"customer_returns":null,"warehouse_damage":null,"lost_in_post":null,"other_logs":null,"out_stock_days":0,"lost_sales":0,"has_location":null,"update_date":"2026-04-27T07:05:16","atum_locations":[],"atum_stock_status":"instock","restock_status":false,"low_stock_amount":"","sales_update_date":"2025-09-04T00:22:14","calc_backorders":null,"_links":{"self":[{"href":"https:\/\/aromasentia.com\/sv\/wp-json\/wp\/v2\/product\/214474","targetHints":{"allow":["GET"]}}],"collection":[{"href":"https:\/\/aromasentia.com\/sv\/wp-json\/wp\/v2\/product"}],"about":[{"href":"https:\/\/aromasentia.com\/sv\/wp-json\/wp\/v2\/types\/product"}],"replies":[{"embeddable":true,"href":"https:\/\/aromasentia.com\/sv\/wp-json\/wp\/v2\/comments?post=214474"}],"version-history":[{"count":0,"href":"https:\/\/aromasentia.com\/sv\/wp-json\/wp\/v2\/product\/214474\/revisions"}],"wp:featuredmedia":[{"embeddable":true,"href":"https:\/\/aromasentia.com\/sv\/wp-json\/wp\/v2\/media\/335869"}],"wp:attachment":[{"href":"https:\/\/aromasentia.com\/sv\/wp-json\/wp\/v2\/media?parent=214474"}],"wp:term":[{"taxonomy":"product_brand","embeddable":true,"href":"https:\/\/aromasentia.com\/sv\/wp-json\/wp\/v2\/product_brand?post=214474"},{"taxonomy":"product_cat","embeddable":true,"href":"https:\/\/aromasentia.com\/sv\/wp-json\/wp\/v2\/product_cat?post=214474"},{"taxonomy":"product_tag","embeddable":true,"href":"https:\/\/aromasentia.com\/sv\/wp-json\/wp\/v2\/product_tag?post=214474"}],"curies":[{"name":"wp","href":"https:\/\/api.w.org\/{rel}","templated":true}]}}